{"id":43,"date":"2025-05-27T06:50:55","date_gmt":"2025-05-27T06:50:55","guid":{"rendered":"https:\/\/sejlingsmedje.web.attityde.dk\/?page_id=43"},"modified":"2025-06-05T09:33:08","modified_gmt":"2025-06-05T09:33:08","slug":"profil","status":"publish","type":"page","link":"https:\/\/sejlingsmedje.web.attityde.dk\/?page_id=43","title":{"rendered":"Profil"},"content":{"rendered":"\t\t<div data-elementor-type=\"wp-page\" data-elementor-id=\"43\" class=\"elementor elementor-43\" data-elementor-post-type=\"page\">\n\t\t\t\t<div class=\"elementor-element elementor-element-562f3a3d e-flex e-con-boxed e-con e-parent\" data-id=\"562f3a3d\" data-element_type=\"container\" data-settings=\"{&quot;background_background&quot;:&quot;classic&quot;}\">\n\t\t\t\t\t<div class=\"e-con-inner\">\n\t\t<div class=\"elementor-element elementor-element-3a200d04 e-con-full e-flex e-con e-child\" data-id=\"3a200d04\" data-element_type=\"container\">\n\t\t\t\t<div class=\"elementor-element elementor-element-556fe089 elementor-widget elementor-widget-heading\" data-id=\"556fe089\" data-element_type=\"widget\" data-widget_type=\"heading.default\">\n\t\t\t\t<div class=\"elementor-widget-container\">\n\t\t\t\t\t<h1 class=\"elementor-heading-title elementor-size-default\">Om os<\/h1>\t\t\t\t<\/div>\n\t\t\t\t<\/div>\n\t\t\t\t<\/div>\n\t\t\t\t\t<\/div>\n\t\t\t\t<\/div>\n\t\t<div class=\"elementor-element elementor-element-c4f45a8 e-flex e-con-boxed e-con e-parent\" data-id=\"c4f45a8\" data-element_type=\"container\">\n\t\t\t\t\t<div class=\"e-con-inner\">\n\t\t<div class=\"elementor-element elementor-element-56a511de e-con-full e-flex e-con e-child\" data-id=\"56a511de\" data-element_type=\"container\">\n\t\t<div class=\"elementor-element elementor-element-6923195d e-flex e-con-boxed e-con e-child\" data-id=\"6923195d\" data-element_type=\"container\">\n\t\t\t\t\t<div class=\"e-con-inner\">\n\t\t\t\t<div class=\"elementor-element elementor-element-2d641ca4 elementor-widget elementor-widget-heading\" data-id=\"2d641ca4\" data-element_type=\"widget\" data-widget_type=\"heading.default\">\n\t\t\t\t<div class=\"elementor-widget-container\">\n\t\t\t\t\t<h3 class=\"elementor-heading-title elementor-size-default\">Familieejet siden 1957<\/h3>\t\t\t\t<\/div>\n\t\t\t\t<\/div>\n\t\t\t\t<div class=\"elementor-element elementor-element-db6985f elementor-widget elementor-widget-heading\" data-id=\"db6985f\" data-element_type=\"widget\" data-widget_type=\"heading.default\">\n\t\t\t\t<div class=\"elementor-widget-container\">\n\t\t\t\t\t<h2 class=\"elementor-heading-title elementor-size-default\">Vores historie\n<\/h2>\t\t\t\t<\/div>\n\t\t\t\t<\/div>\n\t\t\t\t\t<\/div>\n\t\t\t\t<\/div>\n\t\t<div class=\"elementor-element elementor-element-6b8b3500 e-con-full e-flex e-con e-child\" data-id=\"6b8b3500\" data-element_type=\"container\">\n\t\t<div class=\"elementor-element elementor-element-9338c14 e-con-full e-flex e-con e-child\" data-id=\"9338c14\" data-element_type=\"container\" data-settings=\"{&quot;background_background&quot;:&quot;classic&quot;}\">\n\t\t\t\t<\/div>\n\t\t<div class=\"elementor-element elementor-element-5ce60f6a e-con-full e-flex e-con e-child\" data-id=\"5ce60f6a\" data-element_type=\"container\">\n\t\t\t\t<div class=\"elementor-element elementor-element-129c63e4 elementor-widget elementor-widget-heading\" data-id=\"129c63e4\" data-element_type=\"widget\" data-widget_type=\"heading.default\">\n\t\t\t\t<div class=\"elementor-widget-container\">\n\t\t\t\t\t<h3 class=\"elementor-heading-title elementor-size-default\">Aktivitetsomr\u00e5derne er l\u00f8bende udvidet<\/h3>\t\t\t\t<\/div>\n\t\t\t\t<\/div>\n\t\t\t\t<div class=\"elementor-element elementor-element-60556a40 elementor-widget elementor-widget-text-editor\" data-id=\"60556a40\" data-element_type=\"widget\" data-widget_type=\"text-editor.default\">\n\t\t\t\t<div class=\"elementor-widget-container\">\n\t\t\t\t\t\t\t\t\t<p>I 1957 etablerede Ancher Kusk enkeltmandsfirmaet Sejling Smedje- og Maskinforretning, hvis aktivitet var reparation af landbrugsmaskiner. Siden er aktivitetsomr\u00e5derne l\u00f8bende udvidet.<\/p><p>Den 1. januar 1990 blev virksomheden omdannet til ApS, og samtidig indtr\u00e5dte s\u00f8nnen Svend Aage Kusk som medindehaver i den daglige ledelse. Firmanavnet \u00e6ndredes til Sejling Smedje ApS. 1. januar 1997 fratr\u00e5dte Ancher Kusk ledelsen i Sejling Smedje ApS.<\/p><p>Sejling Smedje ApS er medlem af\u00a0<a title=\"TEKNIQs\" href=\"https:\/\/www.tekniq.dk\/forbruger\" target=\"_blank\" rel=\"noopener\">TEKNIQs\u00a0garantiordning<\/a>, og herigennem tilsluttet VVS-branchens garantiordning og VVS branchens Q-kontrol. Virksomheden har s\u00e5vel oliefyrscertifikat som A og B-certifikat til naturgas.<br \/><br \/>Vi disponerer over et tidssvarende produktionsapparat, som l\u00f8bende suppleres og fornys i takt med \u00e6ndrede metoder og krav. J\u00e6vnlig deltagelse i relevante kurser &#8211; bl.a. kvalitetssikringskursuser for h\u00e5ndv\u00e6rksvirksomheder betyder; at virksomheden og dens medarbejdere konstant er p\u00e5 h\u00f8jde med de nyeste landvindinger.<\/p><p>Sejling Smedje ApS st\u00e5r godt rustet til opgaver, som uanset art og st\u00f8rrelse vil blive l\u00f8st ved hj\u00e6lp af moderne teknik &#8211; og stadig med udgangspunkt i de rige h\u00e5ndv\u00e6rkstraditioner, der har v\u00e6ret virksomhedens kendem\u00e6rke siden 1957.<\/p><p>Elite Smiley &#8211; 2014<\/p>\t\t\t\t\t\t\t\t<\/div>\n\t\t\t\t<\/div>\n\t\t\t\t<\/div>\n\t\t\t\t<\/div>\n\t\t\t\t<\/div>\n\t\t\t\t\t<\/div>\n\t\t\t\t<\/div>\n\t\t\t\t<\/div>\n\t\t","protected":false},"excerpt":{"rendered":"<p>Om os Familieejet siden 1957 Vores historie Aktivitetsomr\u00e5derne er l\u00f8bende udvidet I 1957 etablerede Ancher Kusk enkeltmandsfirmaet Sejling Smedje- og Maskinforretning, hvis aktivitet var reparation af landbrugsmaskiner. Siden er aktivitetsomr\u00e5derne l\u00f8bende udvidet. Den 1. januar 1990 blev virksomheden omdannet til ApS, og samtidig indtr\u00e5dte s\u00f8nnen Svend Aage Kusk som medindehaver i den daglige ledelse. Firmanavnet [&hellip;]<\/p>\n","protected":false},"author":1,"featured_media":0,"parent":0,"menu_order":0,"comment_status":"closed","ping_status":"closed","template":"elementor_header_footer","meta":{"_acf_changed":false,"footnotes":""},"class_list":["post-43","page","type-page","status-publish","hentry"],"acf":[],"yoast_head":"<!-- This site is optimized with the Yoast SEO plugin v25.1 - https:\/\/yoast.com\/wordpress\/plugins\/seo\/ -->\n<title>Profil - Sejling Smedje<\/title>\n<meta name=\"robots\" content=\"index, follow, max-snippet:-1, max-image-preview:large, max-video-preview:-1\" \/>\n<link rel=\"canonical\" href=\"https:\/\/sejlingsmedje.web.attityde.dk\/?page_id=43\" \/>\n<meta property=\"og:locale\" content=\"da_DK\" \/>\n<meta property=\"og:type\" content=\"article\" \/>\n<meta property=\"og:title\" content=\"Profil - Sejling Smedje\" \/>\n<meta property=\"og:description\" content=\"Om os Familieejet siden 1957 Vores historie Aktivitetsomr\u00e5derne er l\u00f8bende udvidet I 1957 etablerede Ancher Kusk enkeltmandsfirmaet Sejling Smedje- og Maskinforretning, hvis aktivitet var reparation af landbrugsmaskiner. Siden er aktivitetsomr\u00e5derne l\u00f8bende udvidet. Den 1. januar 1990 blev virksomheden omdannet til ApS, og samtidig indtr\u00e5dte s\u00f8nnen Svend Aage Kusk som medindehaver i den daglige ledelse. Firmanavnet [&hellip;]\" \/>\n<meta property=\"og:url\" content=\"https:\/\/sejlingsmedje.web.attityde.dk\/?page_id=43\" \/>\n<meta property=\"og:site_name\" content=\"Sejling Smedje\" \/>\n<meta property=\"article:modified_time\" content=\"2025-06-05T09:33:08+00:00\" \/>\n<meta name=\"twitter:card\" content=\"summary_large_image\" \/>\n<meta name=\"twitter:label1\" content=\"Estimeret l\u00e6setid\" \/>\n\t<meta name=\"twitter:data1\" content=\"1 minut\" \/>\n<script type=\"application\/ld+json\" class=\"yoast-schema-graph\">{\"@context\":\"https:\/\/schema.org\",\"@graph\":[{\"@type\":\"WebPage\",\"@id\":\"https:\/\/sejlingsmedje.web.attityde.dk\/?page_id=43\",\"url\":\"https:\/\/sejlingsmedje.web.attityde.dk\/?page_id=43\",\"name\":\"Profil - Sejling Smedje\",\"isPartOf\":{\"@id\":\"https:\/\/sejlingsmedje.web.attityde.dk\/#website\"},\"datePublished\":\"2025-05-27T06:50:55+00:00\",\"dateModified\":\"2025-06-05T09:33:08+00:00\",\"breadcrumb\":{\"@id\":\"https:\/\/sejlingsmedje.web.attityde.dk\/?page_id=43#breadcrumb\"},\"inLanguage\":\"da-DK\",\"potentialAction\":[{\"@type\":\"ReadAction\",\"target\":[\"https:\/\/sejlingsmedje.web.attityde.dk\/?page_id=43\"]}]},{\"@type\":\"BreadcrumbList\",\"@id\":\"https:\/\/sejlingsmedje.web.attityde.dk\/?page_id=43#breadcrumb\",\"itemListElement\":[{\"@type\":\"ListItem\",\"position\":1,\"name\":\"Hjem\",\"item\":\"https:\/\/sejlingsmedje.web.attityde.dk\/\"},{\"@type\":\"ListItem\",\"position\":2,\"name\":\"Profil\"}]},{\"@type\":\"WebSite\",\"@id\":\"https:\/\/sejlingsmedje.web.attityde.dk\/#website\",\"url\":\"https:\/\/sejlingsmedje.web.attityde.dk\/\",\"name\":\"Sejling Smedje\",\"description\":\"\",\"publisher\":{\"@id\":\"https:\/\/sejlingsmedje.web.attityde.dk\/#organization\"},\"potentialAction\":[{\"@type\":\"SearchAction\",\"target\":{\"@type\":\"EntryPoint\",\"urlTemplate\":\"https:\/\/sejlingsmedje.web.attityde.dk\/?s={search_term_string}\"},\"query-input\":{\"@type\":\"PropertyValueSpecification\",\"valueRequired\":true,\"valueName\":\"search_term_string\"}}],\"inLanguage\":\"da-DK\"},{\"@type\":\"Organization\",\"@id\":\"https:\/\/sejlingsmedje.web.attityde.dk\/#organization\",\"name\":\"Sejling Smedje\",\"url\":\"https:\/\/sejlingsmedje.web.attityde.dk\/\",\"logo\":{\"@type\":\"ImageObject\",\"inLanguage\":\"da-DK\",\"@id\":\"https:\/\/sejlingsmedje.web.attityde.dk\/#\/schema\/logo\/image\/\",\"url\":\"https:\/\/sejlingsmedje.web.attityde.dk\/wp-content\/uploads\/2025\/05\/sejlind-smedje-logo.png\",\"contentUrl\":\"https:\/\/sejlingsmedje.web.attityde.dk\/wp-content\/uploads\/2025\/05\/sejlind-smedje-logo.png\",\"width\":1024,\"height\":335,\"caption\":\"Sejling Smedje \"},\"image\":{\"@id\":\"https:\/\/sejlingsmedje.web.attityde.dk\/#\/schema\/logo\/image\/\"}}]}<\/script>\n<!-- \/ Yoast SEO plugin. -->","yoast_head_json":{"title":"Profil - Sejling Smedje","robots":{"index":"index","follow":"follow","max-snippet":"max-snippet:-1","max-image-preview":"max-image-preview:large","max-video-preview":"max-video-preview:-1"},"canonical":"https:\/\/sejlingsmedje.web.attityde.dk\/?page_id=43","og_locale":"da_DK","og_type":"article","og_title":"Profil - Sejling Smedje","og_description":"Om os Familieejet siden 1957 Vores historie Aktivitetsomr\u00e5derne er l\u00f8bende udvidet I 1957 etablerede Ancher Kusk enkeltmandsfirmaet Sejling Smedje- og Maskinforretning, hvis aktivitet var reparation af landbrugsmaskiner. Siden er aktivitetsomr\u00e5derne l\u00f8bende udvidet. Den 1. januar 1990 blev virksomheden omdannet til ApS, og samtidig indtr\u00e5dte s\u00f8nnen Svend Aage Kusk som medindehaver i den daglige ledelse. Firmanavnet [&hellip;]","og_url":"https:\/\/sejlingsmedje.web.attityde.dk\/?page_id=43","og_site_name":"Sejling Smedje","article_modified_time":"2025-06-05T09:33:08+00:00","twitter_card":"summary_large_image","twitter_misc":{"Estimeret l\u00e6setid":"1 minut"},"schema":{"@context":"https:\/\/schema.org","@graph":[{"@type":"WebPage","@id":"https:\/\/sejlingsmedje.web.attityde.dk\/?page_id=43","url":"https:\/\/sejlingsmedje.web.attityde.dk\/?page_id=43","name":"Profil - Sejling Smedje","isPartOf":{"@id":"https:\/\/sejlingsmedje.web.attityde.dk\/#website"},"datePublished":"2025-05-27T06:50:55+00:00","dateModified":"2025-06-05T09:33:08+00:00","breadcrumb":{"@id":"https:\/\/sejlingsmedje.web.attityde.dk\/?page_id=43#breadcrumb"},"inLanguage":"da-DK","potentialAction":[{"@type":"ReadAction","target":["https:\/\/sejlingsmedje.web.attityde.dk\/?page_id=43"]}]},{"@type":"BreadcrumbList","@id":"https:\/\/sejlingsmedje.web.attityde.dk\/?page_id=43#breadcrumb","itemListElement":[{"@type":"ListItem","position":1,"name":"Hjem","item":"https:\/\/sejlingsmedje.web.attityde.dk\/"},{"@type":"ListItem","position":2,"name":"Profil"}]},{"@type":"WebSite","@id":"https:\/\/sejlingsmedje.web.attityde.dk\/#website","url":"https:\/\/sejlingsmedje.web.attityde.dk\/","name":"Sejling Smedje","description":"","publisher":{"@id":"https:\/\/sejlingsmedje.web.attityde.dk\/#organization"},"potentialAction":[{"@type":"SearchAction","target":{"@type":"EntryPoint","urlTemplate":"https:\/\/sejlingsmedje.web.attityde.dk\/?s={search_term_string}"},"query-input":{"@type":"PropertyValueSpecification","valueRequired":true,"valueName":"search_term_string"}}],"inLanguage":"da-DK"},{"@type":"Organization","@id":"https:\/\/sejlingsmedje.web.attityde.dk\/#organization","name":"Sejling Smedje","url":"https:\/\/sejlingsmedje.web.attityde.dk\/","logo":{"@type":"ImageObject","inLanguage":"da-DK","@id":"https:\/\/sejlingsmedje.web.attityde.dk\/#\/schema\/logo\/image\/","url":"https:\/\/sejlingsmedje.web.attityde.dk\/wp-content\/uploads\/2025\/05\/sejlind-smedje-logo.png","contentUrl":"https:\/\/sejlingsmedje.web.attityde.dk\/wp-content\/uploads\/2025\/05\/sejlind-smedje-logo.png","width":1024,"height":335,"caption":"Sejling Smedje "},"image":{"@id":"https:\/\/sejlingsmedje.web.attityde.dk\/#\/schema\/logo\/image\/"}}]}},"_links":{"self":[{"href":"https:\/\/sejlingsmedje.web.attityde.dk\/index.php?rest_route=\/wp\/v2\/pages\/43","targetHints":{"allow":["GET"]}}],"collection":[{"href":"https:\/\/sejlingsmedje.web.attityde.dk\/index.php?rest_route=\/wp\/v2\/pages"}],"about":[{"href":"https:\/\/sejlingsmedje.web.attityde.dk\/index.php?rest_route=\/wp\/v2\/types\/page"}],"author":[{"embeddable":true,"href":"https:\/\/sejlingsmedje.web.attityde.dk\/index.php?rest_route=\/wp\/v2\/users\/1"}],"replies":[{"embeddable":true,"href":"https:\/\/sejlingsmedje.web.attityde.dk\/index.php?rest_route=%2Fwp%2Fv2%2Fcomments&post=43"}],"version-history":[{"count":17,"href":"https:\/\/sejlingsmedje.web.attityde.dk\/index.php?rest_route=\/wp\/v2\/pages\/43\/revisions"}],"predecessor-version":[{"id":537,"href":"https:\/\/sejlingsmedje.web.attityde.dk\/index.php?rest_route=\/wp\/v2\/pages\/43\/revisions\/537"}],"wp:attachment":[{"href":"https:\/\/sejlingsmedje.web.attityde.dk\/index.php?rest_route=%2Fwp%2Fv2%2Fmedia&parent=43"}],"curies":[{"name":"wp","href":"https:\/\/api.w.org\/{rel}","templated":true}]}}