{"id":394,"date":"2025-06-04T11:35:18","date_gmt":"2025-06-04T11:35:18","guid":{"rendered":"https:\/\/sejlingsmedje.web.attityde.dk\/?page_id=394"},"modified":"2025-06-05T09:30:38","modified_gmt":"2025-06-05T09:30:38","slug":"flaskegas-til-campingvogne","status":"publish","type":"page","link":"https:\/\/sejlingsmedje.web.attityde.dk\/?page_id=394","title":{"rendered":"Flaskegas til campingvogne"},"content":{"rendered":"\t\t<div data-elementor-type=\"wp-page\" data-elementor-id=\"394\" class=\"elementor elementor-394\" data-elementor-post-type=\"page\">\n\t\t\t\t<div class=\"elementor-element elementor-element-47ff668e e-flex e-con-boxed e-con e-parent\" data-id=\"47ff668e\" data-element_type=\"container\" data-settings=\"{&quot;background_background&quot;:&quot;classic&quot;}\">\n\t\t\t\t\t<div class=\"e-con-inner\">\n\t\t<div class=\"elementor-element elementor-element-49f8139d e-con-full e-flex e-con e-child\" data-id=\"49f8139d\" data-element_type=\"container\">\n\t\t\t\t<div class=\"elementor-element elementor-element-567baa30 elementor-widget elementor-widget-heading\" data-id=\"567baa30\" data-element_type=\"widget\" data-widget_type=\"heading.default\">\n\t\t\t\t<div class=\"elementor-widget-container\">\n\t\t\t\t\t<h1 class=\"elementor-heading-title elementor-size-default\">Flaskegas til campingvogne<\/h1>\t\t\t\t<\/div>\n\t\t\t\t<\/div>\n\t\t\t\t<\/div>\n\t\t\t\t\t<\/div>\n\t\t\t\t<\/div>\n\t\t<div class=\"elementor-element elementor-element-1c81c669 e-flex e-con-boxed e-con e-parent\" data-id=\"1c81c669\" data-element_type=\"container\">\n\t\t\t\t\t<div class=\"e-con-inner\">\n\t\t<div class=\"elementor-element elementor-element-35c7b00c e-con-full e-flex e-con e-child\" data-id=\"35c7b00c\" data-element_type=\"container\">\n\t\t<div class=\"elementor-element elementor-element-45ae7d8 e-flex e-con-boxed e-con e-child\" data-id=\"45ae7d8\" data-element_type=\"container\">\n\t\t\t\t\t<div class=\"e-con-inner\">\n\t\t\t\t<div class=\"elementor-element elementor-element-3c92f0a6 elementor-widget elementor-widget-heading\" data-id=\"3c92f0a6\" data-element_type=\"widget\" data-widget_type=\"heading.default\">\n\t\t\t\t<div class=\"elementor-widget-container\">\n\t\t\t\t\t<h3 class=\"elementor-heading-title elementor-size-default\">Vi monterer og installerer gasflasker i campingvogne<\/h3>\t\t\t\t<\/div>\n\t\t\t\t<\/div>\n\t\t\t\t<div class=\"elementor-element elementor-element-4747d821 elementor-widget elementor-widget-heading\" data-id=\"4747d821\" data-element_type=\"widget\" data-widget_type=\"heading.default\">\n\t\t\t\t<div class=\"elementor-widget-container\">\n\t\t\t\t\t<h2 class=\"elementor-heading-title elementor-size-default\">Installation af flaskegas til campingvogn<\/h2>\t\t\t\t<\/div>\n\t\t\t\t<\/div>\n\t\t\t\t\t<\/div>\n\t\t\t\t<\/div>\n\t\t<div class=\"elementor-element elementor-element-6a3292c5 e-con-full e-flex e-con e-child\" data-id=\"6a3292c5\" data-element_type=\"container\">\n\t\t<div class=\"elementor-element elementor-element-2ee71235 e-con-full e-flex e-con e-child\" data-id=\"2ee71235\" data-element_type=\"container\" data-settings=\"{&quot;background_background&quot;:&quot;classic&quot;}\">\n\t\t\t\t<\/div>\n\t\t<div class=\"elementor-element elementor-element-714e41b9 e-con-full e-flex e-con e-child\" data-id=\"714e41b9\" data-element_type=\"container\">\n\t\t\t\t<div class=\"elementor-element elementor-element-174375a2 elementor-widget elementor-widget-heading\" data-id=\"174375a2\" data-element_type=\"widget\" data-widget_type=\"heading.default\">\n\t\t\t\t<div class=\"elementor-widget-container\">\n\t\t\t\t\t<h3 class=\"elementor-heading-title elementor-size-default\">Campingvogne<\/h3>\t\t\t\t<\/div>\n\t\t\t\t<\/div>\n\t\t\t\t<div class=\"elementor-element elementor-element-18c9e389 elementor-widget elementor-widget-text-editor\" data-id=\"18c9e389\" data-element_type=\"widget\" data-widget_type=\"text-editor.default\">\n\t\t\t\t<div class=\"elementor-widget-container\">\n\t\t\t\t\t\t\t\t\t<p>Flaskegas er en integreret del af campistens ferieudrustning, hvad enten man er campist i telt, campingvogn eller autocamper. Det er en god tjener, men man skal v\u00e6re opm\u00e6rksom p\u00e5 nogle enkle regler om anvendelse, transport og opbevaring af denne energikilde.<\/p>\t\t\t\t\t\t\t\t<\/div>\n\t\t\t\t<\/div>\n\t\t\t\t<div class=\"elementor-element elementor-element-41c48921 elementor-widget elementor-widget-heading\" data-id=\"41c48921\" data-element_type=\"widget\" data-widget_type=\"heading.default\">\n\t\t\t\t<div class=\"elementor-widget-container\">\n\t\t\t\t\t<h3 class=\"elementor-heading-title elementor-size-default\">To typer flaskegas<\/h3>\t\t\t\t<\/div>\n\t\t\t\t<\/div>\n\t\t\t\t<div class=\"elementor-element elementor-element-2f2bd99a elementor-widget__width-initial elementor-widget elementor-widget-text-editor\" data-id=\"2f2bd99a\" data-element_type=\"widget\" data-widget_type=\"text-editor.default\">\n\t\t\t\t<div class=\"elementor-widget-container\">\n\t\t\t\t\t\t\t\t\t<p>Der er to typer flaskegas som anvendes til campingbrug, butangas og propangas.<\/p><p>Butangas har et kogepunkt p\u00e5 ca. 0 grader, og fordampningen er derfor minimal ved lave temperaturer. Denne gasart emballeres mest i d\u00e5ser, som anvendes af teltcampister, som energikilde til lamper og kogeudstyr i sommerperioden. Emballagen har en lav v\u00e6gt som tilgodeser f.eks. cyklisters behov.<\/p><p>Propangas har et kogepunkt p\u00e5 ca. minus 40 grader, og er derfor velegnet ogs\u00e5 til vintercamping. Propan er den gasart som findes i de velkendte flasker af st\u00e5l og komposit som anvendes af campisterne.<\/p><p>Anvender man flaskegas i forteltet, s\u00e5 m\u00e5 man h\u00f8jest opbevare to flasker der, hvoraf den ene kan v\u00e6re tilsluttet en forbruger.<\/p><p>Hjemme m\u00e5 man ikke have mere end tre fyldte 11 kg flasker inden d\u00f8re, det g\u00e6lder ogs\u00e5 i garage eller udhus.<\/p><p>Kontakt os p\u00e5 <a href=\"tel:86855065\">86 85 50 65<\/a>, hvis du skal have udf\u00f8rt service p\u00e5 din flaskegasinstallation i din campingvogn.<\/p>\t\t\t\t\t\t\t\t<\/div>\n\t\t\t\t<\/div>\n\t\t\t\t<\/div>\n\t\t\t\t<\/div>\n\t\t\t\t<\/div>\n\t\t\t\t\t<\/div>\n\t\t\t\t<\/div>\n\t\t\t\t<\/div>\n\t\t","protected":false},"excerpt":{"rendered":"<p>Flaskegas til campingvogne Vi monterer og installerer gasflasker i campingvogne Installation af flaskegas til campingvogn Campingvogne Flaskegas er en integreret del af campistens ferieudrustning, hvad enten man er campist i telt, campingvogn eller autocamper. Det er en god tjener, men man skal v\u00e6re opm\u00e6rksom p\u00e5 nogle enkle regler om anvendelse, transport og opbevaring af denne [&hellip;]<\/p>\n","protected":false},"author":1,"featured_media":0,"parent":0,"menu_order":0,"comment_status":"closed","ping_status":"closed","template":"elementor_header_footer","meta":{"_acf_changed":false,"footnotes":""},"class_list":["post-394","page","type-page","status-publish","hentry"],"acf":[],"yoast_head":"<!-- This site is optimized with the Yoast SEO plugin v25.1 - https:\/\/yoast.com\/wordpress\/plugins\/seo\/ -->\n<title>Flaskegas til campingvogne - Sejling Smedje<\/title>\n<meta name=\"robots\" content=\"index, follow, max-snippet:-1, max-image-preview:large, max-video-preview:-1\" \/>\n<link rel=\"canonical\" href=\"https:\/\/sejlingsmedje.web.attityde.dk\/?page_id=394\" \/>\n<meta property=\"og:locale\" content=\"da_DK\" \/>\n<meta property=\"og:type\" content=\"article\" \/>\n<meta property=\"og:title\" content=\"Flaskegas til campingvogne - Sejling Smedje\" \/>\n<meta property=\"og:description\" content=\"Flaskegas til campingvogne Vi monterer og installerer gasflasker i campingvogne Installation af flaskegas til campingvogn Campingvogne Flaskegas er en integreret del af campistens ferieudrustning, hvad enten man er campist i telt, campingvogn eller autocamper. Det er en god tjener, men man skal v\u00e6re opm\u00e6rksom p\u00e5 nogle enkle regler om anvendelse, transport og opbevaring af denne [&hellip;]\" \/>\n<meta property=\"og:url\" content=\"https:\/\/sejlingsmedje.web.attityde.dk\/?page_id=394\" \/>\n<meta property=\"og:site_name\" content=\"Sejling Smedje\" \/>\n<meta property=\"article:modified_time\" content=\"2025-06-05T09:30:38+00:00\" \/>\n<meta name=\"twitter:card\" content=\"summary_large_image\" \/>\n<meta name=\"twitter:label1\" content=\"Estimeret l\u00e6setid\" \/>\n\t<meta name=\"twitter:data1\" content=\"2 minutter\" \/>\n<script type=\"application\/ld+json\" class=\"yoast-schema-graph\">{\"@context\":\"https:\/\/schema.org\",\"@graph\":[{\"@type\":\"WebPage\",\"@id\":\"https:\/\/sejlingsmedje.web.attityde.dk\/?page_id=394\",\"url\":\"https:\/\/sejlingsmedje.web.attityde.dk\/?page_id=394\",\"name\":\"Flaskegas til campingvogne - Sejling Smedje\",\"isPartOf\":{\"@id\":\"https:\/\/sejlingsmedje.web.attityde.dk\/#website\"},\"datePublished\":\"2025-06-04T11:35:18+00:00\",\"dateModified\":\"2025-06-05T09:30:38+00:00\",\"breadcrumb\":{\"@id\":\"https:\/\/sejlingsmedje.web.attityde.dk\/?page_id=394#breadcrumb\"},\"inLanguage\":\"da-DK\",\"potentialAction\":[{\"@type\":\"ReadAction\",\"target\":[\"https:\/\/sejlingsmedje.web.attityde.dk\/?page_id=394\"]}]},{\"@type\":\"BreadcrumbList\",\"@id\":\"https:\/\/sejlingsmedje.web.attityde.dk\/?page_id=394#breadcrumb\",\"itemListElement\":[{\"@type\":\"ListItem\",\"position\":1,\"name\":\"Hjem\",\"item\":\"https:\/\/sejlingsmedje.web.attityde.dk\/\"},{\"@type\":\"ListItem\",\"position\":2,\"name\":\"Flaskegas til campingvogne\"}]},{\"@type\":\"WebSite\",\"@id\":\"https:\/\/sejlingsmedje.web.attityde.dk\/#website\",\"url\":\"https:\/\/sejlingsmedje.web.attityde.dk\/\",\"name\":\"Sejling Smedje\",\"description\":\"\",\"publisher\":{\"@id\":\"https:\/\/sejlingsmedje.web.attityde.dk\/#organization\"},\"potentialAction\":[{\"@type\":\"SearchAction\",\"target\":{\"@type\":\"EntryPoint\",\"urlTemplate\":\"https:\/\/sejlingsmedje.web.attityde.dk\/?s={search_term_string}\"},\"query-input\":{\"@type\":\"PropertyValueSpecification\",\"valueRequired\":true,\"valueName\":\"search_term_string\"}}],\"inLanguage\":\"da-DK\"},{\"@type\":\"Organization\",\"@id\":\"https:\/\/sejlingsmedje.web.attityde.dk\/#organization\",\"name\":\"Sejling Smedje\",\"url\":\"https:\/\/sejlingsmedje.web.attityde.dk\/\",\"logo\":{\"@type\":\"ImageObject\",\"inLanguage\":\"da-DK\",\"@id\":\"https:\/\/sejlingsmedje.web.attityde.dk\/#\/schema\/logo\/image\/\",\"url\":\"https:\/\/sejlingsmedje.web.attityde.dk\/wp-content\/uploads\/2025\/05\/sejlind-smedje-logo.png\",\"contentUrl\":\"https:\/\/sejlingsmedje.web.attityde.dk\/wp-content\/uploads\/2025\/05\/sejlind-smedje-logo.png\",\"width\":1024,\"height\":335,\"caption\":\"Sejling Smedje \"},\"image\":{\"@id\":\"https:\/\/sejlingsmedje.web.attityde.dk\/#\/schema\/logo\/image\/\"}}]}<\/script>\n<!-- \/ Yoast SEO plugin. -->","yoast_head_json":{"title":"Flaskegas til campingvogne - Sejling Smedje","robots":{"index":"index","follow":"follow","max-snippet":"max-snippet:-1","max-image-preview":"max-image-preview:large","max-video-preview":"max-video-preview:-1"},"canonical":"https:\/\/sejlingsmedje.web.attityde.dk\/?page_id=394","og_locale":"da_DK","og_type":"article","og_title":"Flaskegas til campingvogne - Sejling Smedje","og_description":"Flaskegas til campingvogne Vi monterer og installerer gasflasker i campingvogne Installation af flaskegas til campingvogn Campingvogne Flaskegas er en integreret del af campistens ferieudrustning, hvad enten man er campist i telt, campingvogn eller autocamper. Det er en god tjener, men man skal v\u00e6re opm\u00e6rksom p\u00e5 nogle enkle regler om anvendelse, transport og opbevaring af denne [&hellip;]","og_url":"https:\/\/sejlingsmedje.web.attityde.dk\/?page_id=394","og_site_name":"Sejling Smedje","article_modified_time":"2025-06-05T09:30:38+00:00","twitter_card":"summary_large_image","twitter_misc":{"Estimeret l\u00e6setid":"2 minutter"},"schema":{"@context":"https:\/\/schema.org","@graph":[{"@type":"WebPage","@id":"https:\/\/sejlingsmedje.web.attityde.dk\/?page_id=394","url":"https:\/\/sejlingsmedje.web.attityde.dk\/?page_id=394","name":"Flaskegas til campingvogne - Sejling Smedje","isPartOf":{"@id":"https:\/\/sejlingsmedje.web.attityde.dk\/#website"},"datePublished":"2025-06-04T11:35:18+00:00","dateModified":"2025-06-05T09:30:38+00:00","breadcrumb":{"@id":"https:\/\/sejlingsmedje.web.attityde.dk\/?page_id=394#breadcrumb"},"inLanguage":"da-DK","potentialAction":[{"@type":"ReadAction","target":["https:\/\/sejlingsmedje.web.attityde.dk\/?page_id=394"]}]},{"@type":"BreadcrumbList","@id":"https:\/\/sejlingsmedje.web.attityde.dk\/?page_id=394#breadcrumb","itemListElement":[{"@type":"ListItem","position":1,"name":"Hjem","item":"https:\/\/sejlingsmedje.web.attityde.dk\/"},{"@type":"ListItem","position":2,"name":"Flaskegas til campingvogne"}]},{"@type":"WebSite","@id":"https:\/\/sejlingsmedje.web.attityde.dk\/#website","url":"https:\/\/sejlingsmedje.web.attityde.dk\/","name":"Sejling Smedje","description":"","publisher":{"@id":"https:\/\/sejlingsmedje.web.attityde.dk\/#organization"},"potentialAction":[{"@type":"SearchAction","target":{"@type":"EntryPoint","urlTemplate":"https:\/\/sejlingsmedje.web.attityde.dk\/?s={search_term_string}"},"query-input":{"@type":"PropertyValueSpecification","valueRequired":true,"valueName":"search_term_string"}}],"inLanguage":"da-DK"},{"@type":"Organization","@id":"https:\/\/sejlingsmedje.web.attityde.dk\/#organization","name":"Sejling Smedje","url":"https:\/\/sejlingsmedje.web.attityde.dk\/","logo":{"@type":"ImageObject","inLanguage":"da-DK","@id":"https:\/\/sejlingsmedje.web.attityde.dk\/#\/schema\/logo\/image\/","url":"https:\/\/sejlingsmedje.web.attityde.dk\/wp-content\/uploads\/2025\/05\/sejlind-smedje-logo.png","contentUrl":"https:\/\/sejlingsmedje.web.attityde.dk\/wp-content\/uploads\/2025\/05\/sejlind-smedje-logo.png","width":1024,"height":335,"caption":"Sejling Smedje "},"image":{"@id":"https:\/\/sejlingsmedje.web.attityde.dk\/#\/schema\/logo\/image\/"}}]}},"_links":{"self":[{"href":"https:\/\/sejlingsmedje.web.attityde.dk\/index.php?rest_route=\/wp\/v2\/pages\/394","targetHints":{"allow":["GET"]}}],"collection":[{"href":"https:\/\/sejlingsmedje.web.attityde.dk\/index.php?rest_route=\/wp\/v2\/pages"}],"about":[{"href":"https:\/\/sejlingsmedje.web.attityde.dk\/index.php?rest_route=\/wp\/v2\/types\/page"}],"author":[{"embeddable":true,"href":"https:\/\/sejlingsmedje.web.attityde.dk\/index.php?rest_route=\/wp\/v2\/users\/1"}],"replies":[{"embeddable":true,"href":"https:\/\/sejlingsmedje.web.attityde.dk\/index.php?rest_route=%2Fwp%2Fv2%2Fcomments&post=394"}],"version-history":[{"count":10,"href":"https:\/\/sejlingsmedje.web.attityde.dk\/index.php?rest_route=\/wp\/v2\/pages\/394\/revisions"}],"predecessor-version":[{"id":529,"href":"https:\/\/sejlingsmedje.web.attityde.dk\/index.php?rest_route=\/wp\/v2\/pages\/394\/revisions\/529"}],"wp:attachment":[{"href":"https:\/\/sejlingsmedje.web.attityde.dk\/index.php?rest_route=%2Fwp%2Fv2%2Fmedia&parent=394"}],"curies":[{"name":"wp","href":"https:\/\/api.w.org\/{rel}","templated":true}]}}