{"id":388,"date":"2025-06-04T11:32:33","date_gmt":"2025-06-04T11:32:33","guid":{"rendered":"https:\/\/sejlingsmedje.web.attityde.dk\/?page_id=388"},"modified":"2025-06-05T09:31:08","modified_gmt":"2025-06-05T09:31:08","slug":"installation-af-flaskegas","status":"publish","type":"page","link":"https:\/\/sejlingsmedje.web.attityde.dk\/?page_id=388","title":{"rendered":"Installation af flaskegas"},"content":{"rendered":"\t\t<div data-elementor-type=\"wp-page\" data-elementor-id=\"388\" class=\"elementor elementor-388\" data-elementor-post-type=\"page\">\n\t\t\t\t<div class=\"elementor-element elementor-element-3a3e5aaf e-flex e-con-boxed e-con e-parent\" data-id=\"3a3e5aaf\" data-element_type=\"container\" data-settings=\"{&quot;background_background&quot;:&quot;classic&quot;}\">\n\t\t\t\t\t<div class=\"e-con-inner\">\n\t\t<div class=\"elementor-element elementor-element-51c712c5 e-con-full e-flex e-con e-child\" data-id=\"51c712c5\" data-element_type=\"container\">\n\t\t\t\t<div class=\"elementor-element elementor-element-2fea9fd7 elementor-widget elementor-widget-heading\" data-id=\"2fea9fd7\" data-element_type=\"widget\" data-widget_type=\"heading.default\">\n\t\t\t\t<div class=\"elementor-widget-container\">\n\t\t\t\t\t<h1 class=\"elementor-heading-title elementor-size-default\">Installation af flaskegas<\/h1>\t\t\t\t<\/div>\n\t\t\t\t<\/div>\n\t\t\t\t<\/div>\n\t\t\t\t\t<\/div>\n\t\t\t\t<\/div>\n\t\t<div class=\"elementor-element elementor-element-5c7a9bea e-flex e-con-boxed e-con e-parent\" data-id=\"5c7a9bea\" data-element_type=\"container\">\n\t\t\t\t\t<div class=\"e-con-inner\">\n\t\t<div class=\"elementor-element elementor-element-2c2d7d8e e-con-full e-flex e-con e-child\" data-id=\"2c2d7d8e\" data-element_type=\"container\">\n\t\t<div class=\"elementor-element elementor-element-7c7eb669 e-flex e-con-boxed e-con e-child\" data-id=\"7c7eb669\" data-element_type=\"container\">\n\t\t\t\t\t<div class=\"e-con-inner\">\n\t\t\t\t<div class=\"elementor-element elementor-element-23c52bed elementor-widget elementor-widget-heading\" data-id=\"23c52bed\" data-element_type=\"widget\" data-widget_type=\"heading.default\">\n\t\t\t\t<div class=\"elementor-widget-container\">\n\t\t\t\t\t<h3 class=\"elementor-heading-title elementor-size-default\">Vi udf\u00f8rer flaskegasinstallation til alle form\u00e5l<\/h3>\t\t\t\t<\/div>\n\t\t\t\t<\/div>\n\t\t\t\t<div class=\"elementor-element elementor-element-7a715b2 elementor-widget elementor-widget-heading\" data-id=\"7a715b2\" data-element_type=\"widget\" data-widget_type=\"heading.default\">\n\t\t\t\t<div class=\"elementor-widget-container\">\n\t\t\t\t\t<h2 class=\"elementor-heading-title elementor-size-default\">Installation af flaskegas<\/h2>\t\t\t\t<\/div>\n\t\t\t\t<\/div>\n\t\t\t\t\t<\/div>\n\t\t\t\t<\/div>\n\t\t<div class=\"elementor-element elementor-element-4273f567 e-con-full e-flex e-con e-child\" data-id=\"4273f567\" data-element_type=\"container\">\n\t\t<div class=\"elementor-element elementor-element-4e9265cc e-con-full e-flex e-con e-child\" data-id=\"4e9265cc\" data-element_type=\"container\" data-settings=\"{&quot;background_background&quot;:&quot;classic&quot;}\">\n\t\t\t\t<\/div>\n\t\t<div class=\"elementor-element elementor-element-76c7004b e-con-full e-flex e-con e-child\" data-id=\"76c7004b\" data-element_type=\"container\">\n\t\t\t\t<div class=\"elementor-element elementor-element-720466e8 elementor-widget elementor-widget-heading\" data-id=\"720466e8\" data-element_type=\"widget\" data-widget_type=\"heading.default\">\n\t\t\t\t<div class=\"elementor-widget-container\">\n\t\t\t\t\t<h3 class=\"elementor-heading-title elementor-size-default\">Professionel flaskegasinstallation<\/h3>\t\t\t\t<\/div>\n\t\t\t\t<\/div>\n\t\t\t\t<div class=\"elementor-element elementor-element-56002fd3 elementor-widget elementor-widget-text-editor\" data-id=\"56002fd3\" data-element_type=\"widget\" data-widget_type=\"text-editor.default\">\n\t\t\t\t<div class=\"elementor-widget-container\">\n\t\t\t\t\t\t\t\t\t<p>Flaskegas, F-gas, LPG (Liquefied Petroleum Gas), gas, der hovedsagelig best\u00e5r af propan og butaner og har et damptryk p\u00e5 maks. 14 atm ved 38 \u00b0C, s\u00e5ledes at den m\u00e5 opbevares p\u00e5 tryktanke. Fordeles ofte til mindre forbrugere p\u00e5 gasflasker. Svovlindholdet er maks. 50 mg\/kg.<\/p><p><br \/>Flaskegas opst\u00e5r som en let fraktion ved destillation af r\u00e5olie og som biprodukt ved forskellige raffinaderiprocesser, men udvindes ogs\u00e5 fra v\u00e5d naturgas ved afk\u00f8ling eller absorption. Flaskegas afl\u00f8ste i mange tilf\u00e6lde bygas og har fundet anvendelse i landhusholdninger, camping og til biler.<\/p><p><br \/>P\u00e5 det sidstn\u00e6vnte omr\u00e5de er anvendelsen g\u00e5et tilbage pga. afgiftsforh\u00f8jelser. Flaskegas anvendes industrielt, n\u00e5r der \u00f8nskes et meget rent og svovlfattigt br\u00e6ndsel, men fortr\u00e6nges her af naturgas.<\/p>\t\t\t\t\t\t\t\t<\/div>\n\t\t\t\t<\/div>\n\t\t\t\t<div class=\"elementor-element elementor-element-6e294a56 elementor-widget elementor-widget-heading\" data-id=\"6e294a56\" data-element_type=\"widget\" data-widget_type=\"heading.default\">\n\t\t\t\t<div class=\"elementor-widget-container\">\n\t\t\t\t\t<h3 class=\"elementor-heading-title elementor-size-default\">Vi l\u00f8ser alle typer VVS arbejde, eksempelvis:\n<\/h3>\t\t\t\t<\/div>\n\t\t\t\t<\/div>\n\t\t\t\t<div class=\"elementor-element elementor-element-7217fd05 elementor-widget__width-initial elementor-widget elementor-widget-text-editor\" data-id=\"7217fd05\" data-element_type=\"widget\" data-widget_type=\"text-editor.default\">\n\t\t\t\t<div class=\"elementor-widget-container\">\n\t\t\t\t\t\t\t\t\t<ul><li>Renovering og etablering af badev\u00e6relse<\/li><li>Varmesystemer<\/li><li>Service af olie- og gasfyr<\/li><li>Ventilation og klimaanl\u00e6g<\/li><li>Nyt k\u00f8kken eller renovering dit gamle<\/li><li>Gas og vand \u2013 fx installation af gaskomfur<\/li><\/ul>\t\t\t\t\t\t\t\t<\/div>\n\t\t\t\t<\/div>\n\t\t\t\t<\/div>\n\t\t\t\t<\/div>\n\t\t\t\t<\/div>\n\t\t\t\t\t<\/div>\n\t\t\t\t<\/div>\n\t\t\t\t<\/div>\n\t\t","protected":false},"excerpt":{"rendered":"<p>Installation af flaskegas Vi udf\u00f8rer flaskegasinstallation til alle form\u00e5l Installation af flaskegas Professionel flaskegasinstallation Flaskegas, F-gas, LPG (Liquefied Petroleum Gas), gas, der hovedsagelig best\u00e5r af propan og butaner og har et damptryk p\u00e5 maks. 14 atm ved 38 \u00b0C, s\u00e5ledes at den m\u00e5 opbevares p\u00e5 tryktanke. Fordeles ofte til mindre forbrugere p\u00e5 gasflasker. Svovlindholdet er [&hellip;]<\/p>\n","protected":false},"author":1,"featured_media":0,"parent":0,"menu_order":0,"comment_status":"closed","ping_status":"closed","template":"elementor_header_footer","meta":{"_acf_changed":false,"footnotes":""},"class_list":["post-388","page","type-page","status-publish","hentry"],"acf":[],"yoast_head":"<!-- This site is optimized with the Yoast SEO plugin v25.1 - https:\/\/yoast.com\/wordpress\/plugins\/seo\/ -->\n<title>Installation af flaskegas - Sejling Smedje<\/title>\n<meta name=\"robots\" content=\"index, follow, max-snippet:-1, max-image-preview:large, max-video-preview:-1\" \/>\n<link rel=\"canonical\" href=\"https:\/\/sejlingsmedje.web.attityde.dk\/?page_id=388\" \/>\n<meta property=\"og:locale\" content=\"da_DK\" \/>\n<meta property=\"og:type\" content=\"article\" \/>\n<meta property=\"og:title\" content=\"Installation af flaskegas - Sejling Smedje\" \/>\n<meta property=\"og:description\" content=\"Installation af flaskegas Vi udf\u00f8rer flaskegasinstallation til alle form\u00e5l Installation af flaskegas Professionel flaskegasinstallation Flaskegas, F-gas, LPG (Liquefied Petroleum Gas), gas, der hovedsagelig best\u00e5r af propan og butaner og har et damptryk p\u00e5 maks. 14 atm ved 38 \u00b0C, s\u00e5ledes at den m\u00e5 opbevares p\u00e5 tryktanke. Fordeles ofte til mindre forbrugere p\u00e5 gasflasker. Svovlindholdet er [&hellip;]\" \/>\n<meta property=\"og:url\" content=\"https:\/\/sejlingsmedje.web.attityde.dk\/?page_id=388\" \/>\n<meta property=\"og:site_name\" content=\"Sejling Smedje\" \/>\n<meta property=\"article:modified_time\" content=\"2025-06-05T09:31:08+00:00\" \/>\n<meta name=\"twitter:card\" content=\"summary_large_image\" \/>\n<meta name=\"twitter:label1\" content=\"Estimeret l\u00e6setid\" \/>\n\t<meta name=\"twitter:data1\" content=\"1 minut\" \/>\n<script type=\"application\/ld+json\" class=\"yoast-schema-graph\">{\"@context\":\"https:\/\/schema.org\",\"@graph\":[{\"@type\":\"WebPage\",\"@id\":\"https:\/\/sejlingsmedje.web.attityde.dk\/?page_id=388\",\"url\":\"https:\/\/sejlingsmedje.web.attityde.dk\/?page_id=388\",\"name\":\"Installation af flaskegas - Sejling Smedje\",\"isPartOf\":{\"@id\":\"https:\/\/sejlingsmedje.web.attityde.dk\/#website\"},\"datePublished\":\"2025-06-04T11:32:33+00:00\",\"dateModified\":\"2025-06-05T09:31:08+00:00\",\"breadcrumb\":{\"@id\":\"https:\/\/sejlingsmedje.web.attityde.dk\/?page_id=388#breadcrumb\"},\"inLanguage\":\"da-DK\",\"potentialAction\":[{\"@type\":\"ReadAction\",\"target\":[\"https:\/\/sejlingsmedje.web.attityde.dk\/?page_id=388\"]}]},{\"@type\":\"BreadcrumbList\",\"@id\":\"https:\/\/sejlingsmedje.web.attityde.dk\/?page_id=388#breadcrumb\",\"itemListElement\":[{\"@type\":\"ListItem\",\"position\":1,\"name\":\"Hjem\",\"item\":\"https:\/\/sejlingsmedje.web.attityde.dk\/\"},{\"@type\":\"ListItem\",\"position\":2,\"name\":\"Installation af flaskegas\"}]},{\"@type\":\"WebSite\",\"@id\":\"https:\/\/sejlingsmedje.web.attityde.dk\/#website\",\"url\":\"https:\/\/sejlingsmedje.web.attityde.dk\/\",\"name\":\"Sejling Smedje\",\"description\":\"\",\"publisher\":{\"@id\":\"https:\/\/sejlingsmedje.web.attityde.dk\/#organization\"},\"potentialAction\":[{\"@type\":\"SearchAction\",\"target\":{\"@type\":\"EntryPoint\",\"urlTemplate\":\"https:\/\/sejlingsmedje.web.attityde.dk\/?s={search_term_string}\"},\"query-input\":{\"@type\":\"PropertyValueSpecification\",\"valueRequired\":true,\"valueName\":\"search_term_string\"}}],\"inLanguage\":\"da-DK\"},{\"@type\":\"Organization\",\"@id\":\"https:\/\/sejlingsmedje.web.attityde.dk\/#organization\",\"name\":\"Sejling Smedje\",\"url\":\"https:\/\/sejlingsmedje.web.attityde.dk\/\",\"logo\":{\"@type\":\"ImageObject\",\"inLanguage\":\"da-DK\",\"@id\":\"https:\/\/sejlingsmedje.web.attityde.dk\/#\/schema\/logo\/image\/\",\"url\":\"https:\/\/sejlingsmedje.web.attityde.dk\/wp-content\/uploads\/2025\/05\/sejlind-smedje-logo.png\",\"contentUrl\":\"https:\/\/sejlingsmedje.web.attityde.dk\/wp-content\/uploads\/2025\/05\/sejlind-smedje-logo.png\",\"width\":1024,\"height\":335,\"caption\":\"Sejling Smedje \"},\"image\":{\"@id\":\"https:\/\/sejlingsmedje.web.attityde.dk\/#\/schema\/logo\/image\/\"}}]}<\/script>\n<!-- \/ Yoast SEO plugin. -->","yoast_head_json":{"title":"Installation af flaskegas - Sejling Smedje","robots":{"index":"index","follow":"follow","max-snippet":"max-snippet:-1","max-image-preview":"max-image-preview:large","max-video-preview":"max-video-preview:-1"},"canonical":"https:\/\/sejlingsmedje.web.attityde.dk\/?page_id=388","og_locale":"da_DK","og_type":"article","og_title":"Installation af flaskegas - Sejling Smedje","og_description":"Installation af flaskegas Vi udf\u00f8rer flaskegasinstallation til alle form\u00e5l Installation af flaskegas Professionel flaskegasinstallation Flaskegas, F-gas, LPG (Liquefied Petroleum Gas), gas, der hovedsagelig best\u00e5r af propan og butaner og har et damptryk p\u00e5 maks. 14 atm ved 38 \u00b0C, s\u00e5ledes at den m\u00e5 opbevares p\u00e5 tryktanke. Fordeles ofte til mindre forbrugere p\u00e5 gasflasker. Svovlindholdet er [&hellip;]","og_url":"https:\/\/sejlingsmedje.web.attityde.dk\/?page_id=388","og_site_name":"Sejling Smedje","article_modified_time":"2025-06-05T09:31:08+00:00","twitter_card":"summary_large_image","twitter_misc":{"Estimeret l\u00e6setid":"1 minut"},"schema":{"@context":"https:\/\/schema.org","@graph":[{"@type":"WebPage","@id":"https:\/\/sejlingsmedje.web.attityde.dk\/?page_id=388","url":"https:\/\/sejlingsmedje.web.attityde.dk\/?page_id=388","name":"Installation af flaskegas - Sejling Smedje","isPartOf":{"@id":"https:\/\/sejlingsmedje.web.attityde.dk\/#website"},"datePublished":"2025-06-04T11:32:33+00:00","dateModified":"2025-06-05T09:31:08+00:00","breadcrumb":{"@id":"https:\/\/sejlingsmedje.web.attityde.dk\/?page_id=388#breadcrumb"},"inLanguage":"da-DK","potentialAction":[{"@type":"ReadAction","target":["https:\/\/sejlingsmedje.web.attityde.dk\/?page_id=388"]}]},{"@type":"BreadcrumbList","@id":"https:\/\/sejlingsmedje.web.attityde.dk\/?page_id=388#breadcrumb","itemListElement":[{"@type":"ListItem","position":1,"name":"Hjem","item":"https:\/\/sejlingsmedje.web.attityde.dk\/"},{"@type":"ListItem","position":2,"name":"Installation af flaskegas"}]},{"@type":"WebSite","@id":"https:\/\/sejlingsmedje.web.attityde.dk\/#website","url":"https:\/\/sejlingsmedje.web.attityde.dk\/","name":"Sejling Smedje","description":"","publisher":{"@id":"https:\/\/sejlingsmedje.web.attityde.dk\/#organization"},"potentialAction":[{"@type":"SearchAction","target":{"@type":"EntryPoint","urlTemplate":"https:\/\/sejlingsmedje.web.attityde.dk\/?s={search_term_string}"},"query-input":{"@type":"PropertyValueSpecification","valueRequired":true,"valueName":"search_term_string"}}],"inLanguage":"da-DK"},{"@type":"Organization","@id":"https:\/\/sejlingsmedje.web.attityde.dk\/#organization","name":"Sejling Smedje","url":"https:\/\/sejlingsmedje.web.attityde.dk\/","logo":{"@type":"ImageObject","inLanguage":"da-DK","@id":"https:\/\/sejlingsmedje.web.attityde.dk\/#\/schema\/logo\/image\/","url":"https:\/\/sejlingsmedje.web.attityde.dk\/wp-content\/uploads\/2025\/05\/sejlind-smedje-logo.png","contentUrl":"https:\/\/sejlingsmedje.web.attityde.dk\/wp-content\/uploads\/2025\/05\/sejlind-smedje-logo.png","width":1024,"height":335,"caption":"Sejling Smedje "},"image":{"@id":"https:\/\/sejlingsmedje.web.attityde.dk\/#\/schema\/logo\/image\/"}}]}},"_links":{"self":[{"href":"https:\/\/sejlingsmedje.web.attityde.dk\/index.php?rest_route=\/wp\/v2\/pages\/388","targetHints":{"allow":["GET"]}}],"collection":[{"href":"https:\/\/sejlingsmedje.web.attityde.dk\/index.php?rest_route=\/wp\/v2\/pages"}],"about":[{"href":"https:\/\/sejlingsmedje.web.attityde.dk\/index.php?rest_route=\/wp\/v2\/types\/page"}],"author":[{"embeddable":true,"href":"https:\/\/sejlingsmedje.web.attityde.dk\/index.php?rest_route=\/wp\/v2\/users\/1"}],"replies":[{"embeddable":true,"href":"https:\/\/sejlingsmedje.web.attityde.dk\/index.php?rest_route=%2Fwp%2Fv2%2Fcomments&post=388"}],"version-history":[{"count":13,"href":"https:\/\/sejlingsmedje.web.attityde.dk\/index.php?rest_route=\/wp\/v2\/pages\/388\/revisions"}],"predecessor-version":[{"id":532,"href":"https:\/\/sejlingsmedje.web.attityde.dk\/index.php?rest_route=\/wp\/v2\/pages\/388\/revisions\/532"}],"wp:attachment":[{"href":"https:\/\/sejlingsmedje.web.attityde.dk\/index.php?rest_route=%2Fwp%2Fv2%2Fmedia&parent=388"}],"curies":[{"name":"wp","href":"https:\/\/api.w.org\/{rel}","templated":true}]}}