{"id":378,"date":"2025-06-04T11:21:02","date_gmt":"2025-06-04T11:21:02","guid":{"rendered":"https:\/\/sejlingsmedje.web.attityde.dk\/?page_id=378"},"modified":"2025-06-05T09:22:16","modified_gmt":"2025-06-05T09:22:16","slug":"varmepumpe","status":"publish","type":"page","link":"https:\/\/sejlingsmedje.web.attityde.dk\/?page_id=378","title":{"rendered":"Varmepumpe"},"content":{"rendered":"\t\t<div data-elementor-type=\"wp-page\" data-elementor-id=\"378\" class=\"elementor elementor-378\" data-elementor-post-type=\"page\">\n\t\t\t\t<div class=\"elementor-element elementor-element-5688c7ba e-flex e-con-boxed e-con e-parent\" data-id=\"5688c7ba\" data-element_type=\"container\" data-settings=\"{&quot;background_background&quot;:&quot;classic&quot;}\">\n\t\t\t\t\t<div class=\"e-con-inner\">\n\t\t<div class=\"elementor-element elementor-element-6e9e12a7 e-con-full e-flex e-con e-child\" data-id=\"6e9e12a7\" data-element_type=\"container\">\n\t\t\t\t<div class=\"elementor-element elementor-element-2edb0d03 elementor-widget elementor-widget-heading\" data-id=\"2edb0d03\" data-element_type=\"widget\" data-widget_type=\"heading.default\">\n\t\t\t\t<div class=\"elementor-widget-container\">\n\t\t\t\t\t<h1 class=\"elementor-heading-title elementor-size-default\">Varmepumper<\/h1>\t\t\t\t<\/div>\n\t\t\t\t<\/div>\n\t\t\t\t<\/div>\n\t\t\t\t\t<\/div>\n\t\t\t\t<\/div>\n\t\t<div class=\"elementor-element elementor-element-4b65f9cc e-flex e-con-boxed e-con e-parent\" data-id=\"4b65f9cc\" data-element_type=\"container\">\n\t\t\t\t\t<div class=\"e-con-inner\">\n\t\t<div class=\"elementor-element elementor-element-7291fd7c e-con-full e-flex e-con e-child\" data-id=\"7291fd7c\" data-element_type=\"container\">\n\t\t<div class=\"elementor-element elementor-element-17e23dc e-flex e-con-boxed e-con e-child\" data-id=\"17e23dc\" data-element_type=\"container\">\n\t\t\t\t\t<div class=\"e-con-inner\">\n\t\t\t\t<div class=\"elementor-element elementor-element-2c03457d elementor-widget elementor-widget-heading\" data-id=\"2c03457d\" data-element_type=\"widget\" data-widget_type=\"heading.default\">\n\t\t\t\t<div class=\"elementor-widget-container\">\n\t\t\t\t\t<h3 class=\"elementor-heading-title elementor-size-default\">Varmepumper<\/h3>\t\t\t\t<\/div>\n\t\t\t\t<\/div>\n\t\t\t\t<div class=\"elementor-element elementor-element-50fcf8ae elementor-widget elementor-widget-heading\" data-id=\"50fcf8ae\" data-element_type=\"widget\" data-widget_type=\"heading.default\">\n\t\t\t\t<div class=\"elementor-widget-container\">\n\t\t\t\t\t<h2 class=\"elementor-heading-title elementor-size-default\">Hvorfor skal jeg v\u00e6lge en varmepumpe?<\/h2>\t\t\t\t<\/div>\n\t\t\t\t<\/div>\n\t\t\t\t\t<\/div>\n\t\t\t\t<\/div>\n\t\t<div class=\"elementor-element elementor-element-19e2bd91 e-con-full e-flex e-con e-child\" data-id=\"19e2bd91\" data-element_type=\"container\">\n\t\t<div class=\"elementor-element elementor-element-5630e2fd e-con-full e-flex e-con e-child\" data-id=\"5630e2fd\" data-element_type=\"container\" data-settings=\"{&quot;background_background&quot;:&quot;classic&quot;}\">\n\t\t\t\t<\/div>\n\t\t<div class=\"elementor-element elementor-element-35a298c9 e-con-full e-flex e-con e-child\" data-id=\"35a298c9\" data-element_type=\"container\">\n\t\t\t\t<div class=\"elementor-element elementor-element-461b2515 elementor-widget elementor-widget-heading\" data-id=\"461b2515\" data-element_type=\"widget\" data-widget_type=\"heading.default\">\n\t\t\t\t<div class=\"elementor-widget-container\">\n\t\t\t\t\t<h3 class=\"elementor-heading-title elementor-size-default\">Den gode pumpe<\/h3>\t\t\t\t<\/div>\n\t\t\t\t<\/div>\n\t\t\t\t<div class=\"elementor-element elementor-element-6d32570b elementor-widget elementor-widget-text-editor\" data-id=\"6d32570b\" data-element_type=\"widget\" data-widget_type=\"text-editor.default\">\n\t\t\t\t<div class=\"elementor-widget-container\">\n\t\t\t\t\t\t\t\t\t<p>St\u00e5r du for at skulle skifte varmekilde f.eks fra oliefyr vil varmepumpe v\u00e6re en rigtig god l\u00f8sning ogs\u00e5 \u00f8konomisk. Det g\u00e6lder ogs\u00e5 fra andre varmekilder.<\/p><p>Du kan finde mange flere oplysning og informationer fra en af vore leverand\u00f8rer her.<\/p><ul><li><a href=\"https:\/\/www.viessmann.dk\/da\/viden\/teknologi-og-systemer\/varmepumpe.html\">Viessmann<\/a><\/li><\/ul><div>L\u00e6s mere om <a href=\"https:\/\/www.viessmann.dk\/da\/viden\/teknologi-og-systemer\/varmepumpe\/hvilken-varmepumpe-skal-jeg-vaelge.html\">hvordan de fungerer<\/a>, og <a href=\"https:\/\/www.viessmann.dk\/da\/viden\/teknologi-og-systemer\/varmepumpe\/hvordan-virker-det.html\">hvilken model der passer til dig.<\/a><\/div>\t\t\t\t\t\t\t\t<\/div>\n\t\t\t\t<\/div>\n\t\t\t\t<\/div>\n\t\t\t\t<\/div>\n\t\t\t\t<\/div>\n\t\t\t\t\t<\/div>\n\t\t\t\t<\/div>\n\t\t\t\t<\/div>\n\t\t","protected":false},"excerpt":{"rendered":"<p>Varmepumper Varmepumper Hvorfor skal jeg v\u00e6lge en varmepumpe? Den gode pumpe St\u00e5r du for at skulle skifte varmekilde f.eks fra oliefyr vil varmepumpe v\u00e6re en rigtig god l\u00f8sning ogs\u00e5 \u00f8konomisk. Det g\u00e6lder ogs\u00e5 fra andre varmekilder. Du kan finde mange flere oplysning og informationer fra en af vore leverand\u00f8rer her. Viessmann L\u00e6s mere om hvordan [&hellip;]<\/p>\n","protected":false},"author":1,"featured_media":0,"parent":0,"menu_order":0,"comment_status":"closed","ping_status":"closed","template":"elementor_header_footer","meta":{"_acf_changed":false,"footnotes":""},"class_list":["post-378","page","type-page","status-publish","hentry"],"acf":[],"yoast_head":"<!-- This site is optimized with the Yoast SEO plugin v25.1 - https:\/\/yoast.com\/wordpress\/plugins\/seo\/ -->\n<title>Varmepumpe - Sejling Smedje<\/title>\n<meta name=\"robots\" content=\"index, follow, max-snippet:-1, max-image-preview:large, max-video-preview:-1\" \/>\n<link rel=\"canonical\" href=\"https:\/\/sejlingsmedje.web.attityde.dk\/?page_id=378\" \/>\n<meta property=\"og:locale\" content=\"da_DK\" \/>\n<meta property=\"og:type\" content=\"article\" \/>\n<meta property=\"og:title\" content=\"Varmepumpe - Sejling Smedje\" \/>\n<meta property=\"og:description\" content=\"Varmepumper Varmepumper Hvorfor skal jeg v\u00e6lge en varmepumpe? Den gode pumpe St\u00e5r du for at skulle skifte varmekilde f.eks fra oliefyr vil varmepumpe v\u00e6re en rigtig god l\u00f8sning ogs\u00e5 \u00f8konomisk. Det g\u00e6lder ogs\u00e5 fra andre varmekilder. Du kan finde mange flere oplysning og informationer fra en af vore leverand\u00f8rer her. Viessmann L\u00e6s mere om hvordan [&hellip;]\" \/>\n<meta property=\"og:url\" content=\"https:\/\/sejlingsmedje.web.attityde.dk\/?page_id=378\" \/>\n<meta property=\"og:site_name\" content=\"Sejling Smedje\" \/>\n<meta property=\"article:modified_time\" content=\"2025-06-05T09:22:16+00:00\" \/>\n<meta name=\"twitter:card\" content=\"summary_large_image\" \/>\n<meta name=\"twitter:label1\" content=\"Estimeret l\u00e6setid\" \/>\n\t<meta name=\"twitter:data1\" content=\"1 minut\" \/>\n<script type=\"application\/ld+json\" class=\"yoast-schema-graph\">{\"@context\":\"https:\/\/schema.org\",\"@graph\":[{\"@type\":\"WebPage\",\"@id\":\"https:\/\/sejlingsmedje.web.attityde.dk\/?page_id=378\",\"url\":\"https:\/\/sejlingsmedje.web.attityde.dk\/?page_id=378\",\"name\":\"Varmepumpe - Sejling Smedje\",\"isPartOf\":{\"@id\":\"https:\/\/sejlingsmedje.web.attityde.dk\/#website\"},\"datePublished\":\"2025-06-04T11:21:02+00:00\",\"dateModified\":\"2025-06-05T09:22:16+00:00\",\"breadcrumb\":{\"@id\":\"https:\/\/sejlingsmedje.web.attityde.dk\/?page_id=378#breadcrumb\"},\"inLanguage\":\"da-DK\",\"potentialAction\":[{\"@type\":\"ReadAction\",\"target\":[\"https:\/\/sejlingsmedje.web.attityde.dk\/?page_id=378\"]}]},{\"@type\":\"BreadcrumbList\",\"@id\":\"https:\/\/sejlingsmedje.web.attityde.dk\/?page_id=378#breadcrumb\",\"itemListElement\":[{\"@type\":\"ListItem\",\"position\":1,\"name\":\"Hjem\",\"item\":\"https:\/\/sejlingsmedje.web.attityde.dk\/\"},{\"@type\":\"ListItem\",\"position\":2,\"name\":\"Varmepumpe\"}]},{\"@type\":\"WebSite\",\"@id\":\"https:\/\/sejlingsmedje.web.attityde.dk\/#website\",\"url\":\"https:\/\/sejlingsmedje.web.attityde.dk\/\",\"name\":\"Sejling Smedje\",\"description\":\"\",\"publisher\":{\"@id\":\"https:\/\/sejlingsmedje.web.attityde.dk\/#organization\"},\"potentialAction\":[{\"@type\":\"SearchAction\",\"target\":{\"@type\":\"EntryPoint\",\"urlTemplate\":\"https:\/\/sejlingsmedje.web.attityde.dk\/?s={search_term_string}\"},\"query-input\":{\"@type\":\"PropertyValueSpecification\",\"valueRequired\":true,\"valueName\":\"search_term_string\"}}],\"inLanguage\":\"da-DK\"},{\"@type\":\"Organization\",\"@id\":\"https:\/\/sejlingsmedje.web.attityde.dk\/#organization\",\"name\":\"Sejling Smedje\",\"url\":\"https:\/\/sejlingsmedje.web.attityde.dk\/\",\"logo\":{\"@type\":\"ImageObject\",\"inLanguage\":\"da-DK\",\"@id\":\"https:\/\/sejlingsmedje.web.attityde.dk\/#\/schema\/logo\/image\/\",\"url\":\"https:\/\/sejlingsmedje.web.attityde.dk\/wp-content\/uploads\/2025\/05\/sejlind-smedje-logo.png\",\"contentUrl\":\"https:\/\/sejlingsmedje.web.attityde.dk\/wp-content\/uploads\/2025\/05\/sejlind-smedje-logo.png\",\"width\":1024,\"height\":335,\"caption\":\"Sejling Smedje \"},\"image\":{\"@id\":\"https:\/\/sejlingsmedje.web.attityde.dk\/#\/schema\/logo\/image\/\"}}]}<\/script>\n<!-- \/ Yoast SEO plugin. -->","yoast_head_json":{"title":"Varmepumpe - Sejling Smedje","robots":{"index":"index","follow":"follow","max-snippet":"max-snippet:-1","max-image-preview":"max-image-preview:large","max-video-preview":"max-video-preview:-1"},"canonical":"https:\/\/sejlingsmedje.web.attityde.dk\/?page_id=378","og_locale":"da_DK","og_type":"article","og_title":"Varmepumpe - Sejling Smedje","og_description":"Varmepumper Varmepumper Hvorfor skal jeg v\u00e6lge en varmepumpe? Den gode pumpe St\u00e5r du for at skulle skifte varmekilde f.eks fra oliefyr vil varmepumpe v\u00e6re en rigtig god l\u00f8sning ogs\u00e5 \u00f8konomisk. Det g\u00e6lder ogs\u00e5 fra andre varmekilder. Du kan finde mange flere oplysning og informationer fra en af vore leverand\u00f8rer her. Viessmann L\u00e6s mere om hvordan [&hellip;]","og_url":"https:\/\/sejlingsmedje.web.attityde.dk\/?page_id=378","og_site_name":"Sejling Smedje","article_modified_time":"2025-06-05T09:22:16+00:00","twitter_card":"summary_large_image","twitter_misc":{"Estimeret l\u00e6setid":"1 minut"},"schema":{"@context":"https:\/\/schema.org","@graph":[{"@type":"WebPage","@id":"https:\/\/sejlingsmedje.web.attityde.dk\/?page_id=378","url":"https:\/\/sejlingsmedje.web.attityde.dk\/?page_id=378","name":"Varmepumpe - Sejling Smedje","isPartOf":{"@id":"https:\/\/sejlingsmedje.web.attityde.dk\/#website"},"datePublished":"2025-06-04T11:21:02+00:00","dateModified":"2025-06-05T09:22:16+00:00","breadcrumb":{"@id":"https:\/\/sejlingsmedje.web.attityde.dk\/?page_id=378#breadcrumb"},"inLanguage":"da-DK","potentialAction":[{"@type":"ReadAction","target":["https:\/\/sejlingsmedje.web.attityde.dk\/?page_id=378"]}]},{"@type":"BreadcrumbList","@id":"https:\/\/sejlingsmedje.web.attityde.dk\/?page_id=378#breadcrumb","itemListElement":[{"@type":"ListItem","position":1,"name":"Hjem","item":"https:\/\/sejlingsmedje.web.attityde.dk\/"},{"@type":"ListItem","position":2,"name":"Varmepumpe"}]},{"@type":"WebSite","@id":"https:\/\/sejlingsmedje.web.attityde.dk\/#website","url":"https:\/\/sejlingsmedje.web.attityde.dk\/","name":"Sejling Smedje","description":"","publisher":{"@id":"https:\/\/sejlingsmedje.web.attityde.dk\/#organization"},"potentialAction":[{"@type":"SearchAction","target":{"@type":"EntryPoint","urlTemplate":"https:\/\/sejlingsmedje.web.attityde.dk\/?s={search_term_string}"},"query-input":{"@type":"PropertyValueSpecification","valueRequired":true,"valueName":"search_term_string"}}],"inLanguage":"da-DK"},{"@type":"Organization","@id":"https:\/\/sejlingsmedje.web.attityde.dk\/#organization","name":"Sejling Smedje","url":"https:\/\/sejlingsmedje.web.attityde.dk\/","logo":{"@type":"ImageObject","inLanguage":"da-DK","@id":"https:\/\/sejlingsmedje.web.attityde.dk\/#\/schema\/logo\/image\/","url":"https:\/\/sejlingsmedje.web.attityde.dk\/wp-content\/uploads\/2025\/05\/sejlind-smedje-logo.png","contentUrl":"https:\/\/sejlingsmedje.web.attityde.dk\/wp-content\/uploads\/2025\/05\/sejlind-smedje-logo.png","width":1024,"height":335,"caption":"Sejling Smedje "},"image":{"@id":"https:\/\/sejlingsmedje.web.attityde.dk\/#\/schema\/logo\/image\/"}}]}},"_links":{"self":[{"href":"https:\/\/sejlingsmedje.web.attityde.dk\/index.php?rest_route=\/wp\/v2\/pages\/378","targetHints":{"allow":["GET"]}}],"collection":[{"href":"https:\/\/sejlingsmedje.web.attityde.dk\/index.php?rest_route=\/wp\/v2\/pages"}],"about":[{"href":"https:\/\/sejlingsmedje.web.attityde.dk\/index.php?rest_route=\/wp\/v2\/types\/page"}],"author":[{"embeddable":true,"href":"https:\/\/sejlingsmedje.web.attityde.dk\/index.php?rest_route=\/wp\/v2\/users\/1"}],"replies":[{"embeddable":true,"href":"https:\/\/sejlingsmedje.web.attityde.dk\/index.php?rest_route=%2Fwp%2Fv2%2Fcomments&post=378"}],"version-history":[{"count":10,"href":"https:\/\/sejlingsmedje.web.attityde.dk\/index.php?rest_route=\/wp\/v2\/pages\/378\/revisions"}],"predecessor-version":[{"id":515,"href":"https:\/\/sejlingsmedje.web.attityde.dk\/index.php?rest_route=\/wp\/v2\/pages\/378\/revisions\/515"}],"wp:attachment":[{"href":"https:\/\/sejlingsmedje.web.attityde.dk\/index.php?rest_route=%2Fwp%2Fv2%2Fmedia&parent=378"}],"curies":[{"name":"wp","href":"https:\/\/api.w.org\/{rel}","templated":true}]}}