{"id":356,"date":"2025-06-04T07:00:00","date_gmt":"2025-06-04T07:00:00","guid":{"rendered":"https:\/\/sejlingsmedje.web.attityde.dk\/?page_id=356"},"modified":"2025-06-05T09:05:40","modified_gmt":"2025-06-05T09:05:40","slug":"varmesystemer","status":"publish","type":"page","link":"https:\/\/sejlingsmedje.web.attityde.dk\/?page_id=356","title":{"rendered":"Varmesystemer"},"content":{"rendered":"\t\t<div data-elementor-type=\"wp-page\" data-elementor-id=\"356\" class=\"elementor elementor-356\" data-elementor-post-type=\"page\">\n\t\t\t\t<div class=\"elementor-element elementor-element-7ed234bd e-flex e-con-boxed e-con e-parent\" data-id=\"7ed234bd\" data-element_type=\"container\" data-settings=\"{&quot;background_background&quot;:&quot;classic&quot;}\">\n\t\t\t\t\t<div class=\"e-con-inner\">\n\t\t<div class=\"elementor-element elementor-element-434e74ec e-con-full e-flex e-con e-child\" data-id=\"434e74ec\" data-element_type=\"container\">\n\t\t\t\t<div class=\"elementor-element elementor-element-36d39374 elementor-widget elementor-widget-heading\" data-id=\"36d39374\" data-element_type=\"widget\" data-widget_type=\"heading.default\">\n\t\t\t\t<div class=\"elementor-widget-container\">\n\t\t\t\t\t<h1 class=\"elementor-heading-title elementor-size-default\">Varmesystemer<\/h1>\t\t\t\t<\/div>\n\t\t\t\t<\/div>\n\t\t\t\t<\/div>\n\t\t\t\t\t<\/div>\n\t\t\t\t<\/div>\n\t\t<div class=\"elementor-element elementor-element-49528c20 e-flex e-con-boxed e-con e-parent\" data-id=\"49528c20\" data-element_type=\"container\">\n\t\t\t\t\t<div class=\"e-con-inner\">\n\t\t<div class=\"elementor-element elementor-element-6c607156 e-con-full e-flex e-con e-child\" data-id=\"6c607156\" data-element_type=\"container\">\n\t\t<div class=\"elementor-element elementor-element-37c97197 e-flex e-con-boxed e-con e-child\" data-id=\"37c97197\" data-element_type=\"container\">\n\t\t\t\t\t<div class=\"e-con-inner\">\n\t\t\t\t<div class=\"elementor-element elementor-element-46560d3d elementor-widget elementor-widget-heading\" data-id=\"46560d3d\" data-element_type=\"widget\" data-widget_type=\"heading.default\">\n\t\t\t\t<div class=\"elementor-widget-container\">\n\t\t\t\t\t<h3 class=\"elementor-heading-title elementor-size-default\">Autoriseret installation<\/h3>\t\t\t\t<\/div>\n\t\t\t\t<\/div>\n\t\t\t\t<div class=\"elementor-element elementor-element-a8e9ac0 elementor-widget elementor-widget-heading\" data-id=\"a8e9ac0\" data-element_type=\"widget\" data-widget_type=\"heading.default\">\n\t\t\t\t<div class=\"elementor-widget-container\">\n\t\t\t\t\t<h2 class=\"elementor-heading-title elementor-size-default\">Installation af varmesystem i Silkeborg, Kjellerup og omegn<\/h2>\t\t\t\t<\/div>\n\t\t\t\t<\/div>\n\t\t\t\t\t<\/div>\n\t\t\t\t<\/div>\n\t\t<div class=\"elementor-element elementor-element-a99722a e-con-full e-flex e-con e-child\" data-id=\"a99722a\" data-element_type=\"container\">\n\t\t<div class=\"elementor-element elementor-element-12d737f4 e-con-full e-flex e-con e-child\" data-id=\"12d737f4\" data-element_type=\"container\" data-settings=\"{&quot;background_background&quot;:&quot;classic&quot;}\">\n\t\t\t\t<\/div>\n\t\t<div class=\"elementor-element elementor-element-4a76d78c e-con-full e-flex e-con e-child\" data-id=\"4a76d78c\" data-element_type=\"container\">\n\t\t\t\t<div class=\"elementor-element elementor-element-3914b589 elementor-widget elementor-widget-heading\" data-id=\"3914b589\" data-element_type=\"widget\" data-widget_type=\"heading.default\">\n\t\t\t\t<div class=\"elementor-widget-container\">\n\t\t\t\t\t<h3 class=\"elementor-heading-title elementor-size-default\">Un\u00f8dig mange penge p\u00e5 varmen?<\/h3>\t\t\t\t<\/div>\n\t\t\t\t<\/div>\n\t\t\t\t<div class=\"elementor-element elementor-element-303f0326 elementor-widget elementor-widget-text-editor\" data-id=\"303f0326\" data-element_type=\"widget\" data-widget_type=\"text-editor.default\">\n\t\t\t\t<div class=\"elementor-widget-container\">\n\t\t\t\t\t\t\t\t\t<p>Et effektivt varmesystem gavner b\u00e5de trivsel og pengepung.<\/p><p>Hvis varmesystemet ikke fungerer optimalt, tager det l\u00e6ngere tid, f\u00f8r dit hjem er opvarmet. Det kan du b\u00e5de m\u00e6rke p\u00e5 temperaturen og afl\u00e6se p\u00e5 varmeregningen \u2013 et ineffektivt varmesystem er dyrt i drift.<\/p><p>Vi tilbyder en grundig gennemgang af dit varmesystem, s\u00e5 det fungerer optimalt. Vi tilbyder l\u00f8bende service, professionel varmestyring og levering og ops\u00e6tning af nye varmeinstallationer.<\/p>\t\t\t\t\t\t\t\t<\/div>\n\t\t\t\t<\/div>\n\t\t\t\t<div class=\"elementor-element elementor-element-5110c6d6 elementor-widget elementor-widget-heading\" data-id=\"5110c6d6\" data-element_type=\"widget\" data-widget_type=\"heading.default\">\n\t\t\t\t<div class=\"elementor-widget-container\">\n\t\t\t\t\t<h3 class=\"elementor-heading-title elementor-size-default\">Lavenergi cirkulationspumper<\/h3>\t\t\t\t<\/div>\n\t\t\t\t<\/div>\n\t\t\t\t<div class=\"elementor-element elementor-element-43fe8541 elementor-widget__width-initial elementor-widget elementor-widget-text-editor\" data-id=\"43fe8541\" data-element_type=\"widget\" data-widget_type=\"text-editor.default\">\n\t\t\t\t<div class=\"elementor-widget-container\">\n\t\t\t\t\t\t\t\t\t<p>Hvis du har en gammel cirkulationspumpe, kan der v\u00e6re mange penge at spare ved at skifte til en A-m\u00e6rket lavenergi cirkultaionspumpe. Vi f\u00f8rer og installerer pumper af m\u00e6rkerne\u00a0<a title=\"Grundfos cirkulationspumpe\" href=\"http:\/\/www.grundfos.com\/?cmpid=|ps|ww|2015_com|go|brand|grundfos\" target=\"_blank\" rel=\"noopener\">Grundfos<\/a>,\u00a0<a title=\"Smedegaard cirkulationspumpe\" href=\"http:\/\/smedegaard.dk\/\" target=\"_blank\" rel=\"noopener\">Smedegaard<\/a>\u00a0og\u00a0<a title=\"Wilo\" href=\"http:\/\/www.wilo.dk\/home\/#.Veb8J9Ptmko\" target=\"_blank\" rel=\"noopener\">Wilo<\/a>.<\/p>\t\t\t\t\t\t\t\t<\/div>\n\t\t\t\t<\/div>\n\t\t\t\t<\/div>\n\t\t\t\t<\/div>\n\t\t\t\t<\/div>\n\t\t\t\t\t<\/div>\n\t\t\t\t<\/div>\n\t\t<div class=\"elementor-element elementor-element-3faf6aa1 e-flex e-con-boxed e-con e-parent\" data-id=\"3faf6aa1\" data-element_type=\"container\" data-settings=\"{&quot;background_background&quot;:&quot;classic&quot;}\">\n\t\t\t\t\t<div class=\"e-con-inner\">\n\t\t<div class=\"elementor-element elementor-element-60e791ce e-con-full e-flex e-con e-child\" data-id=\"60e791ce\" data-element_type=\"container\">\n\t\t<div class=\"elementor-element elementor-element-505d30cd e-con-full e-flex e-con e-child\" data-id=\"505d30cd\" data-element_type=\"container\">\n\t\t<div class=\"elementor-element elementor-element-735ab3c1 e-con-full e-flex e-con e-child\" data-id=\"735ab3c1\" data-element_type=\"container\" data-settings=\"{&quot;background_background&quot;:&quot;classic&quot;}\">\n\t\t\t\t<\/div>\n\t\t<div class=\"elementor-element elementor-element-6bf28ffc e-con-full e-flex e-con e-child\" data-id=\"6bf28ffc\" data-element_type=\"container\">\n\t\t\t\t<div class=\"elementor-element elementor-element-18eb0025 elementor-widget elementor-widget-heading\" data-id=\"18eb0025\" data-element_type=\"widget\" data-widget_type=\"heading.default\">\n\t\t\t\t<div class=\"elementor-widget-container\">\n\t\t\t\t\t<h3 class=\"elementor-heading-title elementor-size-default\">Varmepumper<\/h3>\t\t\t\t<\/div>\n\t\t\t\t<\/div>\n\t\t\t\t<div class=\"elementor-element elementor-element-35187d1e elementor-widget elementor-widget-text-editor\" data-id=\"35187d1e\" data-element_type=\"widget\" data-widget_type=\"text-editor.default\">\n\t\t\t\t<div class=\"elementor-widget-container\">\n\t\t\t\t\t\t\t\t\t<p>Hvis du har overvejet varmepumpe som varmesystem i din bolig, kan Sejling Smedje\u00a0r\u00e5dgive og installere det rette system til\u00a0dine behov. Vi forhandler og installerer s\u00e5ledes luft\/luft-, luft\/vand- og jordvarmepumper fra f\u00f8lgende producenter:\u00a0<a title=\"Viessmann\" href=\"http:\/\/www.viessmann.dk\/\">Viessmann<\/a>,\u00a0<a title=\"V\u00f8lund\" href=\"http:\/\/www.volundvt.dk\/\">V\u00f8lund<\/a>,\u00a0<a title=\"Vaillant\" href=\"http:\/\/www.vaillant.dk\/kunder\/\">Vaillant<\/a>\u00a0og\u00a0<a title=\"Bosch\" href=\"http:\/\/www.bosch.dk\/da\/dk\/bosch_danmark\/bosch-i-danmark.php\">Bosch<\/a>.<\/p>\t\t\t\t\t\t\t\t<\/div>\n\t\t\t\t<\/div>\n\t\t\t\t<div class=\"elementor-element elementor-element-fb0b3a0 elementor-widget elementor-widget-heading\" data-id=\"fb0b3a0\" data-element_type=\"widget\" data-widget_type=\"heading.default\">\n\t\t\t\t<div class=\"elementor-widget-container\">\n\t\t\t\t\t<h3 class=\"elementor-heading-title elementor-size-default\">Tr\u00e6pille-stoker\n<\/h3>\t\t\t\t<\/div>\n\t\t\t\t<\/div>\n\t\t\t\t<div class=\"elementor-element elementor-element-55445ad6 elementor-widget__width-initial elementor-widget elementor-widget-text-editor\" data-id=\"55445ad6\" data-element_type=\"widget\" data-widget_type=\"text-editor.default\">\n\t\t\t\t<div class=\"elementor-widget-container\">\n\t\t\t\t\t\t\t\t\t<p>Ved at skifte til et stokerfyr med tr\u00e6piller f\u00e5r du et milj\u00f8venligt og effektivt alternativ til eksempelvis oliefyr. Vi f\u00f8rer, installerer og servicerer tr\u00e6pille stokere fra <a title=\"V\u00f8lund\" href=\"http:\/\/www.volundvt.dk\/\">V\u00f8lund<\/a>,\u00a0<a title=\"Baxi\" href=\"http:\/\/www.baxi.co.uk\/index.htm\">Baxi<\/a>\u00a0og\u00a0<a title=\"Reka\" href=\"https:\/\/www.sejlingsmedje.dk\/reka-fyringsanlaeg\">Reka<\/a>.<\/p>\t\t\t\t\t\t\t\t<\/div>\n\t\t\t\t<\/div>\n\t\t\t\t<div class=\"elementor-element elementor-element-1ccc1d3d elementor-widget elementor-widget-heading\" data-id=\"1ccc1d3d\" data-element_type=\"widget\" data-widget_type=\"heading.default\">\n\t\t\t\t<div class=\"elementor-widget-container\">\n\t\t\t\t\t<h3 class=\"elementor-heading-title elementor-size-default\">Installation og vedligehold\naf professionel tekniker<\/h3>\t\t\t\t<\/div>\n\t\t\t\t<\/div>\n\t\t\t\t<div class=\"elementor-element elementor-element-2170109 elementor-widget__width-initial elementor-widget elementor-widget-text-editor\" data-id=\"2170109\" data-element_type=\"widget\" data-widget_type=\"text-editor.default\">\n\t\t\t\t<div class=\"elementor-widget-container\">\n\t\t\t\t\t\t\t\t\t<p>Det er vigtigt, at installation og vedligehold af\u00a0varmeanl\u00e6g\u00a0bliver udf\u00f8rt korrekt og i overensstemmelse med g\u00e6ldende regler. Med os som partner har du en garanti for, at arbejdet altid er i orden.<\/p><p>Kontakt os p\u00e5\u00a086 85 50 65\u00a0for r\u00e5d, vejledning og favorable tilbud p\u00e5\u00a0varmesystemer.<\/p>\t\t\t\t\t\t\t\t<\/div>\n\t\t\t\t<\/div>\n\t\t\t\t<\/div>\n\t\t\t\t<\/div>\n\t\t\t\t<\/div>\n\t\t\t\t\t<\/div>\n\t\t\t\t<\/div>\n\t\t\t\t<\/div>\n\t\t","protected":false},"excerpt":{"rendered":"<p>Varmesystemer Autoriseret installation Installation af varmesystem i Silkeborg, Kjellerup og omegn Un\u00f8dig mange penge p\u00e5 varmen? Et effektivt varmesystem gavner b\u00e5de trivsel og pengepung. Hvis varmesystemet ikke fungerer optimalt, tager det l\u00e6ngere tid, f\u00f8r dit hjem er opvarmet. Det kan du b\u00e5de m\u00e6rke p\u00e5 temperaturen og afl\u00e6se p\u00e5 varmeregningen \u2013 et ineffektivt varmesystem er dyrt [&hellip;]<\/p>\n","protected":false},"author":1,"featured_media":0,"parent":0,"menu_order":0,"comment_status":"closed","ping_status":"closed","template":"elementor_header_footer","meta":{"_acf_changed":false,"footnotes":""},"class_list":["post-356","page","type-page","status-publish","hentry"],"acf":[],"yoast_head":"<!-- This site is optimized with the Yoast SEO plugin v25.1 - https:\/\/yoast.com\/wordpress\/plugins\/seo\/ -->\n<title>Varmesystemer - Sejling Smedje<\/title>\n<meta name=\"robots\" content=\"index, follow, max-snippet:-1, max-image-preview:large, max-video-preview:-1\" \/>\n<link rel=\"canonical\" href=\"https:\/\/sejlingsmedje.web.attityde.dk\/?page_id=356\" \/>\n<meta property=\"og:locale\" content=\"da_DK\" \/>\n<meta property=\"og:type\" content=\"article\" \/>\n<meta property=\"og:title\" content=\"Varmesystemer - Sejling Smedje\" \/>\n<meta property=\"og:description\" content=\"Varmesystemer Autoriseret installation Installation af varmesystem i Silkeborg, Kjellerup og omegn Un\u00f8dig mange penge p\u00e5 varmen? Et effektivt varmesystem gavner b\u00e5de trivsel og pengepung. Hvis varmesystemet ikke fungerer optimalt, tager det l\u00e6ngere tid, f\u00f8r dit hjem er opvarmet. Det kan du b\u00e5de m\u00e6rke p\u00e5 temperaturen og afl\u00e6se p\u00e5 varmeregningen \u2013 et ineffektivt varmesystem er dyrt [&hellip;]\" \/>\n<meta property=\"og:url\" content=\"https:\/\/sejlingsmedje.web.attityde.dk\/?page_id=356\" \/>\n<meta property=\"og:site_name\" content=\"Sejling Smedje\" \/>\n<meta property=\"article:modified_time\" content=\"2025-06-05T09:05:40+00:00\" \/>\n<meta name=\"twitter:card\" content=\"summary_large_image\" \/>\n<meta name=\"twitter:label1\" content=\"Estimeret l\u00e6setid\" \/>\n\t<meta name=\"twitter:data1\" content=\"2 minutter\" \/>\n<script type=\"application\/ld+json\" class=\"yoast-schema-graph\">{\"@context\":\"https:\/\/schema.org\",\"@graph\":[{\"@type\":\"WebPage\",\"@id\":\"https:\/\/sejlingsmedje.web.attityde.dk\/?page_id=356\",\"url\":\"https:\/\/sejlingsmedje.web.attityde.dk\/?page_id=356\",\"name\":\"Varmesystemer - Sejling Smedje\",\"isPartOf\":{\"@id\":\"https:\/\/sejlingsmedje.web.attityde.dk\/#website\"},\"datePublished\":\"2025-06-04T07:00:00+00:00\",\"dateModified\":\"2025-06-05T09:05:40+00:00\",\"breadcrumb\":{\"@id\":\"https:\/\/sejlingsmedje.web.attityde.dk\/?page_id=356#breadcrumb\"},\"inLanguage\":\"da-DK\",\"potentialAction\":[{\"@type\":\"ReadAction\",\"target\":[\"https:\/\/sejlingsmedje.web.attityde.dk\/?page_id=356\"]}]},{\"@type\":\"BreadcrumbList\",\"@id\":\"https:\/\/sejlingsmedje.web.attityde.dk\/?page_id=356#breadcrumb\",\"itemListElement\":[{\"@type\":\"ListItem\",\"position\":1,\"name\":\"Hjem\",\"item\":\"https:\/\/sejlingsmedje.web.attityde.dk\/\"},{\"@type\":\"ListItem\",\"position\":2,\"name\":\"Varmesystemer\"}]},{\"@type\":\"WebSite\",\"@id\":\"https:\/\/sejlingsmedje.web.attityde.dk\/#website\",\"url\":\"https:\/\/sejlingsmedje.web.attityde.dk\/\",\"name\":\"Sejling Smedje\",\"description\":\"\",\"publisher\":{\"@id\":\"https:\/\/sejlingsmedje.web.attityde.dk\/#organization\"},\"potentialAction\":[{\"@type\":\"SearchAction\",\"target\":{\"@type\":\"EntryPoint\",\"urlTemplate\":\"https:\/\/sejlingsmedje.web.attityde.dk\/?s={search_term_string}\"},\"query-input\":{\"@type\":\"PropertyValueSpecification\",\"valueRequired\":true,\"valueName\":\"search_term_string\"}}],\"inLanguage\":\"da-DK\"},{\"@type\":\"Organization\",\"@id\":\"https:\/\/sejlingsmedje.web.attityde.dk\/#organization\",\"name\":\"Sejling Smedje\",\"url\":\"https:\/\/sejlingsmedje.web.attityde.dk\/\",\"logo\":{\"@type\":\"ImageObject\",\"inLanguage\":\"da-DK\",\"@id\":\"https:\/\/sejlingsmedje.web.attityde.dk\/#\/schema\/logo\/image\/\",\"url\":\"https:\/\/sejlingsmedje.web.attityde.dk\/wp-content\/uploads\/2025\/05\/sejlind-smedje-logo.png\",\"contentUrl\":\"https:\/\/sejlingsmedje.web.attityde.dk\/wp-content\/uploads\/2025\/05\/sejlind-smedje-logo.png\",\"width\":1024,\"height\":335,\"caption\":\"Sejling Smedje \"},\"image\":{\"@id\":\"https:\/\/sejlingsmedje.web.attityde.dk\/#\/schema\/logo\/image\/\"}}]}<\/script>\n<!-- \/ Yoast SEO plugin. -->","yoast_head_json":{"title":"Varmesystemer - Sejling Smedje","robots":{"index":"index","follow":"follow","max-snippet":"max-snippet:-1","max-image-preview":"max-image-preview:large","max-video-preview":"max-video-preview:-1"},"canonical":"https:\/\/sejlingsmedje.web.attityde.dk\/?page_id=356","og_locale":"da_DK","og_type":"article","og_title":"Varmesystemer - Sejling Smedje","og_description":"Varmesystemer Autoriseret installation Installation af varmesystem i Silkeborg, Kjellerup og omegn Un\u00f8dig mange penge p\u00e5 varmen? Et effektivt varmesystem gavner b\u00e5de trivsel og pengepung. Hvis varmesystemet ikke fungerer optimalt, tager det l\u00e6ngere tid, f\u00f8r dit hjem er opvarmet. Det kan du b\u00e5de m\u00e6rke p\u00e5 temperaturen og afl\u00e6se p\u00e5 varmeregningen \u2013 et ineffektivt varmesystem er dyrt [&hellip;]","og_url":"https:\/\/sejlingsmedje.web.attityde.dk\/?page_id=356","og_site_name":"Sejling Smedje","article_modified_time":"2025-06-05T09:05:40+00:00","twitter_card":"summary_large_image","twitter_misc":{"Estimeret l\u00e6setid":"2 minutter"},"schema":{"@context":"https:\/\/schema.org","@graph":[{"@type":"WebPage","@id":"https:\/\/sejlingsmedje.web.attityde.dk\/?page_id=356","url":"https:\/\/sejlingsmedje.web.attityde.dk\/?page_id=356","name":"Varmesystemer - Sejling Smedje","isPartOf":{"@id":"https:\/\/sejlingsmedje.web.attityde.dk\/#website"},"datePublished":"2025-06-04T07:00:00+00:00","dateModified":"2025-06-05T09:05:40+00:00","breadcrumb":{"@id":"https:\/\/sejlingsmedje.web.attityde.dk\/?page_id=356#breadcrumb"},"inLanguage":"da-DK","potentialAction":[{"@type":"ReadAction","target":["https:\/\/sejlingsmedje.web.attityde.dk\/?page_id=356"]}]},{"@type":"BreadcrumbList","@id":"https:\/\/sejlingsmedje.web.attityde.dk\/?page_id=356#breadcrumb","itemListElement":[{"@type":"ListItem","position":1,"name":"Hjem","item":"https:\/\/sejlingsmedje.web.attityde.dk\/"},{"@type":"ListItem","position":2,"name":"Varmesystemer"}]},{"@type":"WebSite","@id":"https:\/\/sejlingsmedje.web.attityde.dk\/#website","url":"https:\/\/sejlingsmedje.web.attityde.dk\/","name":"Sejling Smedje","description":"","publisher":{"@id":"https:\/\/sejlingsmedje.web.attityde.dk\/#organization"},"potentialAction":[{"@type":"SearchAction","target":{"@type":"EntryPoint","urlTemplate":"https:\/\/sejlingsmedje.web.attityde.dk\/?s={search_term_string}"},"query-input":{"@type":"PropertyValueSpecification","valueRequired":true,"valueName":"search_term_string"}}],"inLanguage":"da-DK"},{"@type":"Organization","@id":"https:\/\/sejlingsmedje.web.attityde.dk\/#organization","name":"Sejling Smedje","url":"https:\/\/sejlingsmedje.web.attityde.dk\/","logo":{"@type":"ImageObject","inLanguage":"da-DK","@id":"https:\/\/sejlingsmedje.web.attityde.dk\/#\/schema\/logo\/image\/","url":"https:\/\/sejlingsmedje.web.attityde.dk\/wp-content\/uploads\/2025\/05\/sejlind-smedje-logo.png","contentUrl":"https:\/\/sejlingsmedje.web.attityde.dk\/wp-content\/uploads\/2025\/05\/sejlind-smedje-logo.png","width":1024,"height":335,"caption":"Sejling Smedje "},"image":{"@id":"https:\/\/sejlingsmedje.web.attityde.dk\/#\/schema\/logo\/image\/"}}]}},"_links":{"self":[{"href":"https:\/\/sejlingsmedje.web.attityde.dk\/index.php?rest_route=\/wp\/v2\/pages\/356","targetHints":{"allow":["GET"]}}],"collection":[{"href":"https:\/\/sejlingsmedje.web.attityde.dk\/index.php?rest_route=\/wp\/v2\/pages"}],"about":[{"href":"https:\/\/sejlingsmedje.web.attityde.dk\/index.php?rest_route=\/wp\/v2\/types\/page"}],"author":[{"embeddable":true,"href":"https:\/\/sejlingsmedje.web.attityde.dk\/index.php?rest_route=\/wp\/v2\/users\/1"}],"replies":[{"embeddable":true,"href":"https:\/\/sejlingsmedje.web.attityde.dk\/index.php?rest_route=%2Fwp%2Fv2%2Fcomments&post=356"}],"version-history":[{"count":10,"href":"https:\/\/sejlingsmedje.web.attityde.dk\/index.php?rest_route=\/wp\/v2\/pages\/356\/revisions"}],"predecessor-version":[{"id":507,"href":"https:\/\/sejlingsmedje.web.attityde.dk\/index.php?rest_route=\/wp\/v2\/pages\/356\/revisions\/507"}],"wp:attachment":[{"href":"https:\/\/sejlingsmedje.web.attityde.dk\/index.php?rest_route=%2Fwp%2Fv2%2Fmedia&parent=356"}],"curies":[{"name":"wp","href":"https:\/\/api.w.org\/{rel}","templated":true}]}}