{"id":306,"date":"2025-06-03T12:45:37","date_gmt":"2025-06-03T12:45:37","guid":{"rendered":"https:\/\/sejlingsmedje.web.attityde.dk\/?page_id=306"},"modified":"2025-06-05T08:38:43","modified_gmt":"2025-06-05T08:38:43","slug":"kloakservice","status":"publish","type":"page","link":"https:\/\/sejlingsmedje.web.attityde.dk\/?page_id=306","title":{"rendered":"Kloakservice"},"content":{"rendered":"\t\t<div data-elementor-type=\"wp-page\" data-elementor-id=\"306\" class=\"elementor elementor-306\" data-elementor-post-type=\"page\">\n\t\t\t\t<div class=\"elementor-element elementor-element-5814592f e-flex e-con-boxed e-con e-parent\" data-id=\"5814592f\" data-element_type=\"container\" data-settings=\"{&quot;background_background&quot;:&quot;classic&quot;}\">\n\t\t\t\t\t<div class=\"e-con-inner\">\n\t\t<div class=\"elementor-element elementor-element-7ce0c9ee e-con-full e-flex e-con e-child\" data-id=\"7ce0c9ee\" data-element_type=\"container\">\n\t\t\t\t<div class=\"elementor-element elementor-element-40637d3d elementor-widget elementor-widget-heading\" data-id=\"40637d3d\" data-element_type=\"widget\" data-widget_type=\"heading.default\">\n\t\t\t\t<div class=\"elementor-widget-container\">\n\t\t\t\t\t<h1 class=\"elementor-heading-title elementor-size-default\">Kloakservice<\/h1>\t\t\t\t<\/div>\n\t\t\t\t<\/div>\n\t\t\t\t<\/div>\n\t\t\t\t\t<\/div>\n\t\t\t\t<\/div>\n\t\t<div class=\"elementor-element elementor-element-183da6cd e-flex e-con-boxed e-con e-parent\" data-id=\"183da6cd\" data-element_type=\"container\">\n\t\t\t\t\t<div class=\"e-con-inner\">\n\t\t<div class=\"elementor-element elementor-element-3cc037e1 e-con-full e-flex e-con e-child\" data-id=\"3cc037e1\" data-element_type=\"container\">\n\t\t<div class=\"elementor-element elementor-element-3a38aee3 e-flex e-con-boxed e-con e-child\" data-id=\"3a38aee3\" data-element_type=\"container\">\n\t\t\t\t\t<div class=\"e-con-inner\">\n\t\t\t\t<div class=\"elementor-element elementor-element-5f1f3ca9 elementor-widget elementor-widget-heading\" data-id=\"5f1f3ca9\" data-element_type=\"widget\" data-widget_type=\"heading.default\">\n\t\t\t\t<div class=\"elementor-widget-container\">\n\t\t\t\t\t<h3 class=\"elementor-heading-title elementor-size-default\">\nKloakmester udf\u00f8rer professionelt og grundigt kloakarbejde<\/h3>\t\t\t\t<\/div>\n\t\t\t\t<\/div>\n\t\t\t\t<div class=\"elementor-element elementor-element-2fcd51cd elementor-widget elementor-widget-heading\" data-id=\"2fcd51cd\" data-element_type=\"widget\" data-widget_type=\"heading.default\">\n\t\t\t\t<div class=\"elementor-widget-container\">\n\t\t\t\t\t<h2 class=\"elementor-heading-title elementor-size-default\">Kloakarbejde i Silkeborg, Kjellerup og Bjerringbro\n<\/h2>\t\t\t\t<\/div>\n\t\t\t\t<\/div>\n\t\t\t\t\t<\/div>\n\t\t\t\t<\/div>\n\t\t<div class=\"elementor-element elementor-element-2c79ecde e-con-full e-flex e-con e-child\" data-id=\"2c79ecde\" data-element_type=\"container\">\n\t\t<div class=\"elementor-element elementor-element-38147154 e-con-full e-flex e-con e-child\" data-id=\"38147154\" data-element_type=\"container\" data-settings=\"{&quot;background_background&quot;:&quot;classic&quot;}\">\n\t\t\t\t<\/div>\n\t\t<div class=\"elementor-element elementor-element-55dc3272 e-con-full e-flex e-con e-child\" data-id=\"55dc3272\" data-element_type=\"container\">\n\t\t\t\t<div class=\"elementor-element elementor-element-18954513 elementor-widget elementor-widget-heading\" data-id=\"18954513\" data-element_type=\"widget\" data-widget_type=\"heading.default\">\n\t\t\t\t<div class=\"elementor-widget-container\">\n\t\t\t\t\t<h3 class=\"elementor-heading-title elementor-size-default\">Volder din kloak problemer?<\/h3>\t\t\t\t<\/div>\n\t\t\t\t<\/div>\n\t\t\t\t<div class=\"elementor-element elementor-element-43463826 elementor-widget elementor-widget-text-editor\" data-id=\"43463826\" data-element_type=\"widget\" data-widget_type=\"text-editor.default\">\n\t\t\t\t<div class=\"elementor-widget-container\">\n\t\t\t\t\t\t\t\t\t<p>Hvis dine kloakinstallationer er skadet eller utilstr\u00e6kkelige, kan du opleve problemer som stoppet afl\u00f8b, rotter og lugtgener.<\/p><p>Hos Sejling Smedje i Silkeborg har vi som kloakmester kompetencerne til at udf\u00f8re kloakservice og kloakrenovering.<\/p><p>Kontakt os p\u00e5 86 85 50 65 for kloakservice i Silkeborg, Kjellerup &amp; omegn.<\/p>\t\t\t\t\t\t\t\t<\/div>\n\t\t\t\t<\/div>\n\t\t\t\t<div class=\"elementor-element elementor-element-23f95774 elementor-widget elementor-widget-heading\" data-id=\"23f95774\" data-element_type=\"widget\" data-widget_type=\"heading.default\">\n\t\t\t\t<div class=\"elementor-widget-container\">\n\t\t\t\t\t<h3 class=\"elementor-heading-title elementor-size-default\">Sejling Smedje udf\u00f8rer alt inden for kloakarbejde eksempelvis:<\/h3>\t\t\t\t<\/div>\n\t\t\t\t<\/div>\n\t\t\t\t<div class=\"elementor-element elementor-element-33d94d66 elementor-widget__width-initial elementor-widget elementor-widget-text-editor\" data-id=\"33d94d66\" data-element_type=\"widget\" data-widget_type=\"text-editor.default\">\n\t\t\t\t<div class=\"elementor-widget-container\">\n\t\t\t\t\t\t\t\t\t<ul><li>Rottesikring\/rottesp\u00e6rre<\/li><li>Nyanl\u00e6g<\/li><li>Kloakering<\/li><li>Tilslutning af hus<\/li><\/ul>\t\t\t\t\t\t\t\t<\/div>\n\t\t\t\t<\/div>\n\t\t\t\t<\/div>\n\t\t\t\t<\/div>\n\t\t\t\t<\/div>\n\t\t\t\t\t<\/div>\n\t\t\t\t<\/div>\n\t\t<div class=\"elementor-element elementor-element-c9b3da0 e-flex e-con-boxed e-con e-parent\" data-id=\"c9b3da0\" data-element_type=\"container\" data-settings=\"{&quot;background_background&quot;:&quot;classic&quot;}\">\n\t\t\t\t\t<div class=\"e-con-inner\">\n\t\t<div class=\"elementor-element elementor-element-31f0a7fe e-con-full e-flex e-con e-child\" data-id=\"31f0a7fe\" data-element_type=\"container\">\n\t\t<div class=\"elementor-element elementor-element-50cbc1d6 e-con-full e-flex e-con e-child\" data-id=\"50cbc1d6\" data-element_type=\"container\">\n\t\t<div class=\"elementor-element elementor-element-7274f6d6 e-con-full e-flex e-con e-child\" data-id=\"7274f6d6\" data-element_type=\"container\" data-settings=\"{&quot;background_background&quot;:&quot;classic&quot;}\">\n\t\t\t\t<\/div>\n\t\t<div class=\"elementor-element elementor-element-123542fe e-con-full e-flex e-con e-child\" data-id=\"123542fe\" data-element_type=\"container\">\n\t\t\t\t<div class=\"elementor-element elementor-element-4885f6bd elementor-widget elementor-widget-heading\" data-id=\"4885f6bd\" data-element_type=\"widget\" data-widget_type=\"heading.default\">\n\t\t\t\t<div class=\"elementor-widget-container\">\n\t\t\t\t\t<h3 class=\"elementor-heading-title elementor-size-default\">Vi udbedrer skader og fremtidssikrer dine afl\u00f8b<\/h3>\t\t\t\t<\/div>\n\t\t\t\t<\/div>\n\t\t\t\t<div class=\"elementor-element elementor-element-3721974d elementor-widget elementor-widget-text-editor\" data-id=\"3721974d\" data-element_type=\"widget\" data-widget_type=\"text-editor.default\">\n\t\t\t\t<div class=\"elementor-widget-container\">\n\t\t\t\t\t\t\t\t\t<p>Det er vigtigt at v\u00e6re opm\u00e6rksom kloakkens tilstand, da skader kan blive v\u00e6rre over tid. Der kan s\u00e5ledes komme yderligere skader, hvis kloakken ikke er tilstr\u00e6kkelig. Med kloakservice sikrer du, at din kloak holder i mange \u00e5r frem.<\/p><p>Vi udf\u00f8rer renovering, reparation og eftersyn af dine kloakinstallationer, s\u00e5 du undg\u00e5r problemer som fugtskader, oversv\u00f8mning, lugtproblemer\u00a0m.m.<\/p><p>Det er en god investering at sikre din kloaks tilstand med rettidig kloakservice, da du selv som grundejer skal st\u00e5 for reparation\u00a0af dine kloakinstalationer.<\/p>\t\t\t\t\t\t\t\t<\/div>\n\t\t\t\t<\/div>\n\t\t\t\t<div class=\"elementor-element elementor-element-2b6ba4f3 elementor-widget elementor-widget-heading\" data-id=\"2b6ba4f3\" data-element_type=\"widget\" data-widget_type=\"heading.default\">\n\t\t\t\t<div class=\"elementor-widget-container\">\n\t\t\t\t\t<h3 class=\"elementor-heading-title elementor-size-default\">Kloakmester med stor ekspertise<\/h3>\t\t\t\t<\/div>\n\t\t\t\t<\/div>\n\t\t\t\t<div class=\"elementor-element elementor-element-41925ba1 elementor-widget__width-initial elementor-widget elementor-widget-text-editor\" data-id=\"41925ba1\" data-element_type=\"widget\" data-widget_type=\"text-editor.default\">\n\t\t\t\t<div class=\"elementor-widget-container\">\n\t\t\t\t\t\t\t\t\t<p>Med mere end 60 \u00e5rs erfaring har vi ekspertisen til at udf\u00f8re alle typer kloakarbejde i h\u00f8j kvalitet.<\/p><p>Vi rykker ud og afh\u00e6lper\u00a0kloakproblemer\u00a0for erhverv og private i Silkeborg, Kjellerup og omegn med fokus p\u00e5 god service. Vi kan hj\u00e6lpe dig uanset om du st\u00e5r med et stoppet afl\u00f8b, rotteskader\u00a0eller skal have gravet en ny kloak. Som autoriseret kloakmester kan vi udf\u00f8re alt indenfor renovering.<\/p>\t\t\t\t\t\t\t\t<\/div>\n\t\t\t\t<\/div>\n\t\t\t\t<\/div>\n\t\t\t\t<\/div>\n\t\t\t\t<\/div>\n\t\t\t\t\t<\/div>\n\t\t\t\t<\/div>\n\t\t\t\t<\/div>\n\t\t","protected":false},"excerpt":{"rendered":"<p>Kloakservice Kloakmester udf\u00f8rer professionelt og grundigt kloakarbejde Kloakarbejde i Silkeborg, Kjellerup og Bjerringbro Volder din kloak problemer? Hvis dine kloakinstallationer er skadet eller utilstr\u00e6kkelige, kan du opleve problemer som stoppet afl\u00f8b, rotter og lugtgener. Hos Sejling Smedje i Silkeborg har vi som kloakmester kompetencerne til at udf\u00f8re kloakservice og kloakrenovering. Kontakt os p\u00e5 86 85 [&hellip;]<\/p>\n","protected":false},"author":1,"featured_media":0,"parent":0,"menu_order":0,"comment_status":"closed","ping_status":"closed","template":"elementor_header_footer","meta":{"_acf_changed":false,"footnotes":""},"class_list":["post-306","page","type-page","status-publish","hentry"],"acf":[],"yoast_head":"<!-- This site is optimized with the Yoast SEO plugin v25.1 - https:\/\/yoast.com\/wordpress\/plugins\/seo\/ -->\n<title>Kloakservice - Sejling Smedje<\/title>\n<meta name=\"robots\" content=\"index, follow, max-snippet:-1, max-image-preview:large, max-video-preview:-1\" \/>\n<link rel=\"canonical\" href=\"https:\/\/sejlingsmedje.web.attityde.dk\/?page_id=306\" \/>\n<meta property=\"og:locale\" content=\"da_DK\" \/>\n<meta property=\"og:type\" content=\"article\" \/>\n<meta property=\"og:title\" content=\"Kloakservice - Sejling Smedje\" \/>\n<meta property=\"og:description\" content=\"Kloakservice Kloakmester udf\u00f8rer professionelt og grundigt kloakarbejde Kloakarbejde i Silkeborg, Kjellerup og Bjerringbro Volder din kloak problemer? Hvis dine kloakinstallationer er skadet eller utilstr\u00e6kkelige, kan du opleve problemer som stoppet afl\u00f8b, rotter og lugtgener. Hos Sejling Smedje i Silkeborg har vi som kloakmester kompetencerne til at udf\u00f8re kloakservice og kloakrenovering. Kontakt os p\u00e5 86 85 [&hellip;]\" \/>\n<meta property=\"og:url\" content=\"https:\/\/sejlingsmedje.web.attityde.dk\/?page_id=306\" \/>\n<meta property=\"og:site_name\" content=\"Sejling Smedje\" \/>\n<meta property=\"article:modified_time\" content=\"2025-06-05T08:38:43+00:00\" \/>\n<meta name=\"twitter:card\" content=\"summary_large_image\" \/>\n<meta name=\"twitter:label1\" content=\"Estimeret l\u00e6setid\" \/>\n\t<meta name=\"twitter:data1\" content=\"2 minutter\" \/>\n<script type=\"application\/ld+json\" class=\"yoast-schema-graph\">{\"@context\":\"https:\/\/schema.org\",\"@graph\":[{\"@type\":\"WebPage\",\"@id\":\"https:\/\/sejlingsmedje.web.attityde.dk\/?page_id=306\",\"url\":\"https:\/\/sejlingsmedje.web.attityde.dk\/?page_id=306\",\"name\":\"Kloakservice - Sejling Smedje\",\"isPartOf\":{\"@id\":\"https:\/\/sejlingsmedje.web.attityde.dk\/#website\"},\"datePublished\":\"2025-06-03T12:45:37+00:00\",\"dateModified\":\"2025-06-05T08:38:43+00:00\",\"breadcrumb\":{\"@id\":\"https:\/\/sejlingsmedje.web.attityde.dk\/?page_id=306#breadcrumb\"},\"inLanguage\":\"da-DK\",\"potentialAction\":[{\"@type\":\"ReadAction\",\"target\":[\"https:\/\/sejlingsmedje.web.attityde.dk\/?page_id=306\"]}]},{\"@type\":\"BreadcrumbList\",\"@id\":\"https:\/\/sejlingsmedje.web.attityde.dk\/?page_id=306#breadcrumb\",\"itemListElement\":[{\"@type\":\"ListItem\",\"position\":1,\"name\":\"Hjem\",\"item\":\"https:\/\/sejlingsmedje.web.attityde.dk\/\"},{\"@type\":\"ListItem\",\"position\":2,\"name\":\"Kloakservice\"}]},{\"@type\":\"WebSite\",\"@id\":\"https:\/\/sejlingsmedje.web.attityde.dk\/#website\",\"url\":\"https:\/\/sejlingsmedje.web.attityde.dk\/\",\"name\":\"Sejling Smedje\",\"description\":\"\",\"publisher\":{\"@id\":\"https:\/\/sejlingsmedje.web.attityde.dk\/#organization\"},\"potentialAction\":[{\"@type\":\"SearchAction\",\"target\":{\"@type\":\"EntryPoint\",\"urlTemplate\":\"https:\/\/sejlingsmedje.web.attityde.dk\/?s={search_term_string}\"},\"query-input\":{\"@type\":\"PropertyValueSpecification\",\"valueRequired\":true,\"valueName\":\"search_term_string\"}}],\"inLanguage\":\"da-DK\"},{\"@type\":\"Organization\",\"@id\":\"https:\/\/sejlingsmedje.web.attityde.dk\/#organization\",\"name\":\"Sejling Smedje\",\"url\":\"https:\/\/sejlingsmedje.web.attityde.dk\/\",\"logo\":{\"@type\":\"ImageObject\",\"inLanguage\":\"da-DK\",\"@id\":\"https:\/\/sejlingsmedje.web.attityde.dk\/#\/schema\/logo\/image\/\",\"url\":\"https:\/\/sejlingsmedje.web.attityde.dk\/wp-content\/uploads\/2025\/05\/sejlind-smedje-logo.png\",\"contentUrl\":\"https:\/\/sejlingsmedje.web.attityde.dk\/wp-content\/uploads\/2025\/05\/sejlind-smedje-logo.png\",\"width\":1024,\"height\":335,\"caption\":\"Sejling Smedje \"},\"image\":{\"@id\":\"https:\/\/sejlingsmedje.web.attityde.dk\/#\/schema\/logo\/image\/\"}}]}<\/script>\n<!-- \/ Yoast SEO plugin. -->","yoast_head_json":{"title":"Kloakservice - Sejling Smedje","robots":{"index":"index","follow":"follow","max-snippet":"max-snippet:-1","max-image-preview":"max-image-preview:large","max-video-preview":"max-video-preview:-1"},"canonical":"https:\/\/sejlingsmedje.web.attityde.dk\/?page_id=306","og_locale":"da_DK","og_type":"article","og_title":"Kloakservice - Sejling Smedje","og_description":"Kloakservice Kloakmester udf\u00f8rer professionelt og grundigt kloakarbejde Kloakarbejde i Silkeborg, Kjellerup og Bjerringbro Volder din kloak problemer? Hvis dine kloakinstallationer er skadet eller utilstr\u00e6kkelige, kan du opleve problemer som stoppet afl\u00f8b, rotter og lugtgener. Hos Sejling Smedje i Silkeborg har vi som kloakmester kompetencerne til at udf\u00f8re kloakservice og kloakrenovering. Kontakt os p\u00e5 86 85 [&hellip;]","og_url":"https:\/\/sejlingsmedje.web.attityde.dk\/?page_id=306","og_site_name":"Sejling Smedje","article_modified_time":"2025-06-05T08:38:43+00:00","twitter_card":"summary_large_image","twitter_misc":{"Estimeret l\u00e6setid":"2 minutter"},"schema":{"@context":"https:\/\/schema.org","@graph":[{"@type":"WebPage","@id":"https:\/\/sejlingsmedje.web.attityde.dk\/?page_id=306","url":"https:\/\/sejlingsmedje.web.attityde.dk\/?page_id=306","name":"Kloakservice - Sejling Smedje","isPartOf":{"@id":"https:\/\/sejlingsmedje.web.attityde.dk\/#website"},"datePublished":"2025-06-03T12:45:37+00:00","dateModified":"2025-06-05T08:38:43+00:00","breadcrumb":{"@id":"https:\/\/sejlingsmedje.web.attityde.dk\/?page_id=306#breadcrumb"},"inLanguage":"da-DK","potentialAction":[{"@type":"ReadAction","target":["https:\/\/sejlingsmedje.web.attityde.dk\/?page_id=306"]}]},{"@type":"BreadcrumbList","@id":"https:\/\/sejlingsmedje.web.attityde.dk\/?page_id=306#breadcrumb","itemListElement":[{"@type":"ListItem","position":1,"name":"Hjem","item":"https:\/\/sejlingsmedje.web.attityde.dk\/"},{"@type":"ListItem","position":2,"name":"Kloakservice"}]},{"@type":"WebSite","@id":"https:\/\/sejlingsmedje.web.attityde.dk\/#website","url":"https:\/\/sejlingsmedje.web.attityde.dk\/","name":"Sejling Smedje","description":"","publisher":{"@id":"https:\/\/sejlingsmedje.web.attityde.dk\/#organization"},"potentialAction":[{"@type":"SearchAction","target":{"@type":"EntryPoint","urlTemplate":"https:\/\/sejlingsmedje.web.attityde.dk\/?s={search_term_string}"},"query-input":{"@type":"PropertyValueSpecification","valueRequired":true,"valueName":"search_term_string"}}],"inLanguage":"da-DK"},{"@type":"Organization","@id":"https:\/\/sejlingsmedje.web.attityde.dk\/#organization","name":"Sejling Smedje","url":"https:\/\/sejlingsmedje.web.attityde.dk\/","logo":{"@type":"ImageObject","inLanguage":"da-DK","@id":"https:\/\/sejlingsmedje.web.attityde.dk\/#\/schema\/logo\/image\/","url":"https:\/\/sejlingsmedje.web.attityde.dk\/wp-content\/uploads\/2025\/05\/sejlind-smedje-logo.png","contentUrl":"https:\/\/sejlingsmedje.web.attityde.dk\/wp-content\/uploads\/2025\/05\/sejlind-smedje-logo.png","width":1024,"height":335,"caption":"Sejling Smedje "},"image":{"@id":"https:\/\/sejlingsmedje.web.attityde.dk\/#\/schema\/logo\/image\/"}}]}},"_links":{"self":[{"href":"https:\/\/sejlingsmedje.web.attityde.dk\/index.php?rest_route=\/wp\/v2\/pages\/306","targetHints":{"allow":["GET"]}}],"collection":[{"href":"https:\/\/sejlingsmedje.web.attityde.dk\/index.php?rest_route=\/wp\/v2\/pages"}],"about":[{"href":"https:\/\/sejlingsmedje.web.attityde.dk\/index.php?rest_route=\/wp\/v2\/types\/page"}],"author":[{"embeddable":true,"href":"https:\/\/sejlingsmedje.web.attityde.dk\/index.php?rest_route=\/wp\/v2\/users\/1"}],"replies":[{"embeddable":true,"href":"https:\/\/sejlingsmedje.web.attityde.dk\/index.php?rest_route=%2Fwp%2Fv2%2Fcomments&post=306"}],"version-history":[{"count":7,"href":"https:\/\/sejlingsmedje.web.attityde.dk\/index.php?rest_route=\/wp\/v2\/pages\/306\/revisions"}],"predecessor-version":[{"id":490,"href":"https:\/\/sejlingsmedje.web.attityde.dk\/index.php?rest_route=\/wp\/v2\/pages\/306\/revisions\/490"}],"wp:attachment":[{"href":"https:\/\/sejlingsmedje.web.attityde.dk\/index.php?rest_route=%2Fwp%2Fv2%2Fmedia&parent=306"}],"curies":[{"name":"wp","href":"https:\/\/api.w.org\/{rel}","templated":true}]}}