{"id":300,"date":"2025-06-03T12:38:10","date_gmt":"2025-06-03T12:38:10","guid":{"rendered":"https:\/\/sejlingsmedje.web.attityde.dk\/?page_id=300"},"modified":"2025-06-05T08:38:05","modified_gmt":"2025-06-05T08:38:05","slug":"sanitet","status":"publish","type":"page","link":"https:\/\/sejlingsmedje.web.attityde.dk\/?page_id=300","title":{"rendered":"Sanitet"},"content":{"rendered":"\t\t<div data-elementor-type=\"wp-page\" data-elementor-id=\"300\" class=\"elementor elementor-300\" data-elementor-post-type=\"page\">\n\t\t\t\t<div class=\"elementor-element elementor-element-7da6c7ba e-flex e-con-boxed e-con e-parent\" data-id=\"7da6c7ba\" data-element_type=\"container\" data-settings=\"{&quot;background_background&quot;:&quot;classic&quot;}\">\n\t\t\t\t\t<div class=\"e-con-inner\">\n\t\t<div class=\"elementor-element elementor-element-10ecac08 e-con-full e-flex e-con e-child\" data-id=\"10ecac08\" data-element_type=\"container\">\n\t\t\t\t<div class=\"elementor-element elementor-element-41f5da86 elementor-widget elementor-widget-heading\" data-id=\"41f5da86\" data-element_type=\"widget\" data-widget_type=\"heading.default\">\n\t\t\t\t<div class=\"elementor-widget-container\">\n\t\t\t\t\t<h1 class=\"elementor-heading-title elementor-size-default\">Sanitet<\/h1>\t\t\t\t<\/div>\n\t\t\t\t<\/div>\n\t\t\t\t<\/div>\n\t\t\t\t\t<\/div>\n\t\t\t\t<\/div>\n\t\t<div class=\"elementor-element elementor-element-6537bbd6 e-flex e-con-boxed e-con e-parent\" data-id=\"6537bbd6\" data-element_type=\"container\">\n\t\t\t\t\t<div class=\"e-con-inner\">\n\t\t<div class=\"elementor-element elementor-element-1fb48080 e-con-full e-flex e-con e-child\" data-id=\"1fb48080\" data-element_type=\"container\">\n\t\t<div class=\"elementor-element elementor-element-60e45494 e-flex e-con-boxed e-con e-child\" data-id=\"60e45494\" data-element_type=\"container\">\n\t\t\t\t\t<div class=\"e-con-inner\">\n\t\t\t\t<div class=\"elementor-element elementor-element-b822063 elementor-widget elementor-widget-heading\" data-id=\"b822063\" data-element_type=\"widget\" data-widget_type=\"heading.default\">\n\t\t\t\t<div class=\"elementor-widget-container\">\n\t\t\t\t\t<h3 class=\"elementor-heading-title elementor-size-default\">Professionel og grundig VVS arbejde for private og erhverv<\/h3>\t\t\t\t<\/div>\n\t\t\t\t<\/div>\n\t\t\t\t<div class=\"elementor-element elementor-element-652cb38a elementor-widget elementor-widget-heading\" data-id=\"652cb38a\" data-element_type=\"widget\" data-widget_type=\"heading.default\">\n\t\t\t\t<div class=\"elementor-widget-container\">\n\t\t\t\t\t<h2 class=\"elementor-heading-title elementor-size-default\">Har du brug for en VVS installat\u00f8r?<\/h2>\t\t\t\t<\/div>\n\t\t\t\t<\/div>\n\t\t\t\t\t<\/div>\n\t\t\t\t<\/div>\n\t\t<div class=\"elementor-element elementor-element-3177780b e-con-full e-flex e-con e-child\" data-id=\"3177780b\" data-element_type=\"container\">\n\t\t<div class=\"elementor-element elementor-element-89a9bde e-con-full e-flex e-con e-child\" data-id=\"89a9bde\" data-element_type=\"container\" data-settings=\"{&quot;background_background&quot;:&quot;classic&quot;}\">\n\t\t\t\t<\/div>\n\t\t<div class=\"elementor-element elementor-element-745a678b e-con-full e-flex e-con e-child\" data-id=\"745a678b\" data-element_type=\"container\">\n\t\t\t\t<div class=\"elementor-element elementor-element-6b28cb8d elementor-widget elementor-widget-heading\" data-id=\"6b28cb8d\" data-element_type=\"widget\" data-widget_type=\"heading.default\">\n\t\t\t\t<div class=\"elementor-widget-container\">\n\t\t\t\t\t<h3 class=\"elementor-heading-title elementor-size-default\">Sanitet<\/h3>\t\t\t\t<\/div>\n\t\t\t\t<\/div>\n\t\t\t\t<div class=\"elementor-element elementor-element-6f27a5d4 elementor-widget elementor-widget-text-editor\" data-id=\"6f27a5d4\" data-element_type=\"widget\" data-widget_type=\"text-editor.default\">\n\t\t\t\t<div class=\"elementor-widget-container\">\n\t\t\t\t\t\t\t\t\t<p><br \/>Udvalget af sanitetsprodukter p\u00e5 det danske marked er ganske omfattende, og det kan v\u00e6re sv\u00e6rt at finde ud af, hvilket toilet eller hvilken h\u00e5ndvask man vil blive mest tilfreds med i mange \u00e5r fremover.<\/p><p>Tag en snak med os om det rette valg, s\u00e5 s\u00f8rger vi for korrekt montering og tilpasning af produktet i dit badev\u00e6relse.<\/p>\t\t\t\t\t\t\t\t<\/div>\n\t\t\t\t<\/div>\n\t\t\t\t<\/div>\n\t\t\t\t<\/div>\n\t\t\t\t<\/div>\n\t\t\t\t\t<\/div>\n\t\t\t\t<\/div>\n\t\t\t\t<\/div>\n\t\t","protected":false},"excerpt":{"rendered":"<p>Sanitet Professionel og grundig VVS arbejde for private og erhverv Har du brug for en VVS installat\u00f8r? Sanitet Udvalget af sanitetsprodukter p\u00e5 det danske marked er ganske omfattende, og det kan v\u00e6re sv\u00e6rt at finde ud af, hvilket toilet eller hvilken h\u00e5ndvask man vil blive mest tilfreds med i mange \u00e5r fremover. Tag en snak [&hellip;]<\/p>\n","protected":false},"author":1,"featured_media":0,"parent":0,"menu_order":0,"comment_status":"closed","ping_status":"closed","template":"elementor_header_footer","meta":{"_acf_changed":false,"footnotes":""},"class_list":["post-300","page","type-page","status-publish","hentry"],"acf":[],"yoast_head":"<!-- This site is optimized with the Yoast SEO plugin v25.1 - https:\/\/yoast.com\/wordpress\/plugins\/seo\/ -->\n<title>Sanitet - Sejling Smedje<\/title>\n<meta name=\"robots\" content=\"index, follow, max-snippet:-1, max-image-preview:large, max-video-preview:-1\" \/>\n<link rel=\"canonical\" href=\"https:\/\/sejlingsmedje.web.attityde.dk\/?page_id=300\" \/>\n<meta property=\"og:locale\" content=\"da_DK\" \/>\n<meta property=\"og:type\" content=\"article\" \/>\n<meta property=\"og:title\" content=\"Sanitet - Sejling Smedje\" \/>\n<meta property=\"og:description\" content=\"Sanitet Professionel og grundig VVS arbejde for private og erhverv Har du brug for en VVS installat\u00f8r? Sanitet Udvalget af sanitetsprodukter p\u00e5 det danske marked er ganske omfattende, og det kan v\u00e6re sv\u00e6rt at finde ud af, hvilket toilet eller hvilken h\u00e5ndvask man vil blive mest tilfreds med i mange \u00e5r fremover. Tag en snak [&hellip;]\" \/>\n<meta property=\"og:url\" content=\"https:\/\/sejlingsmedje.web.attityde.dk\/?page_id=300\" \/>\n<meta property=\"og:site_name\" content=\"Sejling Smedje\" \/>\n<meta property=\"article:modified_time\" content=\"2025-06-05T08:38:05+00:00\" \/>\n<meta name=\"twitter:card\" content=\"summary_large_image\" \/>\n<meta name=\"twitter:label1\" content=\"Estimeret l\u00e6setid\" \/>\n\t<meta name=\"twitter:data1\" content=\"1 minut\" \/>\n<script type=\"application\/ld+json\" class=\"yoast-schema-graph\">{\"@context\":\"https:\/\/schema.org\",\"@graph\":[{\"@type\":\"WebPage\",\"@id\":\"https:\/\/sejlingsmedje.web.attityde.dk\/?page_id=300\",\"url\":\"https:\/\/sejlingsmedje.web.attityde.dk\/?page_id=300\",\"name\":\"Sanitet - Sejling Smedje\",\"isPartOf\":{\"@id\":\"https:\/\/sejlingsmedje.web.attityde.dk\/#website\"},\"datePublished\":\"2025-06-03T12:38:10+00:00\",\"dateModified\":\"2025-06-05T08:38:05+00:00\",\"breadcrumb\":{\"@id\":\"https:\/\/sejlingsmedje.web.attityde.dk\/?page_id=300#breadcrumb\"},\"inLanguage\":\"da-DK\",\"potentialAction\":[{\"@type\":\"ReadAction\",\"target\":[\"https:\/\/sejlingsmedje.web.attityde.dk\/?page_id=300\"]}]},{\"@type\":\"BreadcrumbList\",\"@id\":\"https:\/\/sejlingsmedje.web.attityde.dk\/?page_id=300#breadcrumb\",\"itemListElement\":[{\"@type\":\"ListItem\",\"position\":1,\"name\":\"Hjem\",\"item\":\"https:\/\/sejlingsmedje.web.attityde.dk\/\"},{\"@type\":\"ListItem\",\"position\":2,\"name\":\"Sanitet\"}]},{\"@type\":\"WebSite\",\"@id\":\"https:\/\/sejlingsmedje.web.attityde.dk\/#website\",\"url\":\"https:\/\/sejlingsmedje.web.attityde.dk\/\",\"name\":\"Sejling Smedje\",\"description\":\"\",\"publisher\":{\"@id\":\"https:\/\/sejlingsmedje.web.attityde.dk\/#organization\"},\"potentialAction\":[{\"@type\":\"SearchAction\",\"target\":{\"@type\":\"EntryPoint\",\"urlTemplate\":\"https:\/\/sejlingsmedje.web.attityde.dk\/?s={search_term_string}\"},\"query-input\":{\"@type\":\"PropertyValueSpecification\",\"valueRequired\":true,\"valueName\":\"search_term_string\"}}],\"inLanguage\":\"da-DK\"},{\"@type\":\"Organization\",\"@id\":\"https:\/\/sejlingsmedje.web.attityde.dk\/#organization\",\"name\":\"Sejling Smedje\",\"url\":\"https:\/\/sejlingsmedje.web.attityde.dk\/\",\"logo\":{\"@type\":\"ImageObject\",\"inLanguage\":\"da-DK\",\"@id\":\"https:\/\/sejlingsmedje.web.attityde.dk\/#\/schema\/logo\/image\/\",\"url\":\"https:\/\/sejlingsmedje.web.attityde.dk\/wp-content\/uploads\/2025\/05\/sejlind-smedje-logo.png\",\"contentUrl\":\"https:\/\/sejlingsmedje.web.attityde.dk\/wp-content\/uploads\/2025\/05\/sejlind-smedje-logo.png\",\"width\":1024,\"height\":335,\"caption\":\"Sejling Smedje \"},\"image\":{\"@id\":\"https:\/\/sejlingsmedje.web.attityde.dk\/#\/schema\/logo\/image\/\"}}]}<\/script>\n<!-- \/ Yoast SEO plugin. -->","yoast_head_json":{"title":"Sanitet - Sejling Smedje","robots":{"index":"index","follow":"follow","max-snippet":"max-snippet:-1","max-image-preview":"max-image-preview:large","max-video-preview":"max-video-preview:-1"},"canonical":"https:\/\/sejlingsmedje.web.attityde.dk\/?page_id=300","og_locale":"da_DK","og_type":"article","og_title":"Sanitet - Sejling Smedje","og_description":"Sanitet Professionel og grundig VVS arbejde for private og erhverv Har du brug for en VVS installat\u00f8r? Sanitet Udvalget af sanitetsprodukter p\u00e5 det danske marked er ganske omfattende, og det kan v\u00e6re sv\u00e6rt at finde ud af, hvilket toilet eller hvilken h\u00e5ndvask man vil blive mest tilfreds med i mange \u00e5r fremover. Tag en snak [&hellip;]","og_url":"https:\/\/sejlingsmedje.web.attityde.dk\/?page_id=300","og_site_name":"Sejling Smedje","article_modified_time":"2025-06-05T08:38:05+00:00","twitter_card":"summary_large_image","twitter_misc":{"Estimeret l\u00e6setid":"1 minut"},"schema":{"@context":"https:\/\/schema.org","@graph":[{"@type":"WebPage","@id":"https:\/\/sejlingsmedje.web.attityde.dk\/?page_id=300","url":"https:\/\/sejlingsmedje.web.attityde.dk\/?page_id=300","name":"Sanitet - Sejling Smedje","isPartOf":{"@id":"https:\/\/sejlingsmedje.web.attityde.dk\/#website"},"datePublished":"2025-06-03T12:38:10+00:00","dateModified":"2025-06-05T08:38:05+00:00","breadcrumb":{"@id":"https:\/\/sejlingsmedje.web.attityde.dk\/?page_id=300#breadcrumb"},"inLanguage":"da-DK","potentialAction":[{"@type":"ReadAction","target":["https:\/\/sejlingsmedje.web.attityde.dk\/?page_id=300"]}]},{"@type":"BreadcrumbList","@id":"https:\/\/sejlingsmedje.web.attityde.dk\/?page_id=300#breadcrumb","itemListElement":[{"@type":"ListItem","position":1,"name":"Hjem","item":"https:\/\/sejlingsmedje.web.attityde.dk\/"},{"@type":"ListItem","position":2,"name":"Sanitet"}]},{"@type":"WebSite","@id":"https:\/\/sejlingsmedje.web.attityde.dk\/#website","url":"https:\/\/sejlingsmedje.web.attityde.dk\/","name":"Sejling Smedje","description":"","publisher":{"@id":"https:\/\/sejlingsmedje.web.attityde.dk\/#organization"},"potentialAction":[{"@type":"SearchAction","target":{"@type":"EntryPoint","urlTemplate":"https:\/\/sejlingsmedje.web.attityde.dk\/?s={search_term_string}"},"query-input":{"@type":"PropertyValueSpecification","valueRequired":true,"valueName":"search_term_string"}}],"inLanguage":"da-DK"},{"@type":"Organization","@id":"https:\/\/sejlingsmedje.web.attityde.dk\/#organization","name":"Sejling Smedje","url":"https:\/\/sejlingsmedje.web.attityde.dk\/","logo":{"@type":"ImageObject","inLanguage":"da-DK","@id":"https:\/\/sejlingsmedje.web.attityde.dk\/#\/schema\/logo\/image\/","url":"https:\/\/sejlingsmedje.web.attityde.dk\/wp-content\/uploads\/2025\/05\/sejlind-smedje-logo.png","contentUrl":"https:\/\/sejlingsmedje.web.attityde.dk\/wp-content\/uploads\/2025\/05\/sejlind-smedje-logo.png","width":1024,"height":335,"caption":"Sejling Smedje "},"image":{"@id":"https:\/\/sejlingsmedje.web.attityde.dk\/#\/schema\/logo\/image\/"}}]}},"_links":{"self":[{"href":"https:\/\/sejlingsmedje.web.attityde.dk\/index.php?rest_route=\/wp\/v2\/pages\/300","targetHints":{"allow":["GET"]}}],"collection":[{"href":"https:\/\/sejlingsmedje.web.attityde.dk\/index.php?rest_route=\/wp\/v2\/pages"}],"about":[{"href":"https:\/\/sejlingsmedje.web.attityde.dk\/index.php?rest_route=\/wp\/v2\/types\/page"}],"author":[{"embeddable":true,"href":"https:\/\/sejlingsmedje.web.attityde.dk\/index.php?rest_route=\/wp\/v2\/users\/1"}],"replies":[{"embeddable":true,"href":"https:\/\/sejlingsmedje.web.attityde.dk\/index.php?rest_route=%2Fwp%2Fv2%2Fcomments&post=300"}],"version-history":[{"count":7,"href":"https:\/\/sejlingsmedje.web.attityde.dk\/index.php?rest_route=\/wp\/v2\/pages\/300\/revisions"}],"predecessor-version":[{"id":487,"href":"https:\/\/sejlingsmedje.web.attityde.dk\/index.php?rest_route=\/wp\/v2\/pages\/300\/revisions\/487"}],"wp:attachment":[{"href":"https:\/\/sejlingsmedje.web.attityde.dk\/index.php?rest_route=%2Fwp%2Fv2%2Fmedia&parent=300"}],"curies":[{"name":"wp","href":"https:\/\/api.w.org\/{rel}","templated":true}]}}