{"id":272,"date":"2025-06-03T12:12:01","date_gmt":"2025-06-03T12:12:01","guid":{"rendered":"https:\/\/sejlingsmedje.web.attityde.dk\/?page_id=272"},"modified":"2025-06-05T08:30:30","modified_gmt":"2025-06-05T08:30:30","slug":"haandklaedetoerrere","status":"publish","type":"page","link":"https:\/\/sejlingsmedje.web.attityde.dk\/?page_id=272","title":{"rendered":"H\u00e5ndkl\u00e6det\u00f8rrere"},"content":{"rendered":"\t\t<div data-elementor-type=\"wp-page\" data-elementor-id=\"272\" class=\"elementor elementor-272\" data-elementor-post-type=\"page\">\n\t\t\t\t<div class=\"elementor-element elementor-element-475a6b35 e-flex e-con-boxed e-con e-parent\" data-id=\"475a6b35\" data-element_type=\"container\" data-settings=\"{&quot;background_background&quot;:&quot;classic&quot;}\">\n\t\t\t\t\t<div class=\"e-con-inner\">\n\t\t<div class=\"elementor-element elementor-element-4e7a43c0 e-con-full e-flex e-con e-child\" data-id=\"4e7a43c0\" data-element_type=\"container\">\n\t\t\t\t<div class=\"elementor-element elementor-element-3a0bc90a elementor-widget elementor-widget-heading\" data-id=\"3a0bc90a\" data-element_type=\"widget\" data-widget_type=\"heading.default\">\n\t\t\t\t<div class=\"elementor-widget-container\">\n\t\t\t\t\t<h1 class=\"elementor-heading-title elementor-size-default\">H\u00e5ndkl\u00e6det\u00f8rrere<\/h1>\t\t\t\t<\/div>\n\t\t\t\t<\/div>\n\t\t\t\t<\/div>\n\t\t\t\t\t<\/div>\n\t\t\t\t<\/div>\n\t\t<div class=\"elementor-element elementor-element-6194362c e-flex e-con-boxed e-con e-parent\" data-id=\"6194362c\" data-element_type=\"container\">\n\t\t\t\t\t<div class=\"e-con-inner\">\n\t\t<div class=\"elementor-element elementor-element-58be2288 e-con-full e-flex e-con e-child\" data-id=\"58be2288\" data-element_type=\"container\">\n\t\t<div class=\"elementor-element elementor-element-3ae7bb13 e-flex e-con-boxed e-con e-child\" data-id=\"3ae7bb13\" data-element_type=\"container\">\n\t\t\t\t\t<div class=\"e-con-inner\">\n\t\t\t\t<div class=\"elementor-element elementor-element-245fb9c6 elementor-widget elementor-widget-heading\" data-id=\"245fb9c6\" data-element_type=\"widget\" data-widget_type=\"heading.default\">\n\t\t\t\t<div class=\"elementor-widget-container\">\n\t\t\t\t\t<h3 class=\"elementor-heading-title elementor-size-default\">Professionel og grundig VVS arbejde for private og erhverv<\/h3>\t\t\t\t<\/div>\n\t\t\t\t<\/div>\n\t\t\t\t<div class=\"elementor-element elementor-element-112260e7 elementor-widget elementor-widget-heading\" data-id=\"112260e7\" data-element_type=\"widget\" data-widget_type=\"heading.default\">\n\t\t\t\t<div class=\"elementor-widget-container\">\n\t\t\t\t\t<h2 class=\"elementor-heading-title elementor-size-default\">Har du brug for en VVS installat\u00f8r?<\/h2>\t\t\t\t<\/div>\n\t\t\t\t<\/div>\n\t\t\t\t\t<\/div>\n\t\t\t\t<\/div>\n\t\t<div class=\"elementor-element elementor-element-4c4abfb6 e-con-full e-flex e-con e-child\" data-id=\"4c4abfb6\" data-element_type=\"container\">\n\t\t<div class=\"elementor-element elementor-element-114bb300 e-con-full e-flex e-con e-child\" data-id=\"114bb300\" data-element_type=\"container\" data-settings=\"{&quot;background_background&quot;:&quot;classic&quot;}\">\n\t\t\t\t<\/div>\n\t\t<div class=\"elementor-element elementor-element-b7c86bf e-con-full e-flex e-con e-child\" data-id=\"b7c86bf\" data-element_type=\"container\">\n\t\t\t\t<div class=\"elementor-element elementor-element-5251aa94 elementor-widget elementor-widget-heading\" data-id=\"5251aa94\" data-element_type=\"widget\" data-widget_type=\"heading.default\">\n\t\t\t\t<div class=\"elementor-widget-container\">\n\t\t\t\t\t<h3 class=\"elementor-heading-title elementor-size-default\">En h\u00e5ndkl\u00e6deradiator skaber et behageligt klima i ethvert badev\u00e6relse.<\/h3>\t\t\t\t<\/div>\n\t\t\t\t<\/div>\n\t\t\t\t<div class=\"elementor-element elementor-element-75aadf3c elementor-widget elementor-widget-text-editor\" data-id=\"75aadf3c\" data-element_type=\"widget\" data-widget_type=\"text-editor.default\">\n\t\t\t\t<div class=\"elementor-widget-container\">\n\t\t\t\t\t\t\t\t\t<div>H\u00e5ndkl\u00e6deradiatoren kan b\u00e5de varme badev\u00e6relset op, t\u00f8rre v\u00e5de h\u00e5ndkl\u00e6der og s\u00f8rge for, at du p\u00e5 kolde morgener kan if\u00f8re dig en lun badek\u00e5be.<\/div><div>\u00a0<\/div><div>Sejling Smedje f\u00f8rer et bredt udvalg, s\u00e5 du altid kan finde en h\u00e5ndkl\u00e6deradiator, der passer til dit badev\u00e6relse i st\u00f8rrelse, stil og farve.<br \/><br \/><\/div><div>Arbejde i v\u00e5drum stiller store krav til materialer og konstruktioner. Med Sejling Smedje som leverand\u00f8r og mont\u00f8r har du en professionel samarbejdspartner.<\/div>\t\t\t\t\t\t\t\t<\/div>\n\t\t\t\t<\/div>\n\t\t\t\t<div class=\"elementor-element elementor-element-28b8943e elementor-widget elementor-widget-heading\" data-id=\"28b8943e\" data-element_type=\"widget\" data-widget_type=\"heading.default\">\n\t\t\t\t<div class=\"elementor-widget-container\">\n\t\t\t\t\t<h3 class=\"elementor-heading-title elementor-size-default\">Vi l\u00f8ser alle typer VVS arbejde, eksempelvis:\n<\/h3>\t\t\t\t<\/div>\n\t\t\t\t<\/div>\n\t\t\t\t<div class=\"elementor-element elementor-element-4c71636e elementor-widget__width-initial elementor-widget elementor-widget-text-editor\" data-id=\"4c71636e\" data-element_type=\"widget\" data-widget_type=\"text-editor.default\">\n\t\t\t\t<div class=\"elementor-widget-container\">\n\t\t\t\t\t\t\t\t\t<ul><li>Renovering og etablering af badev\u00e6relse<\/li><li>Varmesystemer<\/li><li>Service af olie- og gasfyr<\/li><li>Ventilation og klimaanl\u00e6g<\/li><li>Nyt k\u00f8kken eller renovering dit gamle<\/li><li>Gas og vand \u2013 fx installation af gaskomfur<\/li><\/ul>\t\t\t\t\t\t\t\t<\/div>\n\t\t\t\t<\/div>\n\t\t\t\t<\/div>\n\t\t\t\t<\/div>\n\t\t\t\t<\/div>\n\t\t\t\t\t<\/div>\n\t\t\t\t<\/div>\n\t\t\t\t<\/div>\n\t\t","protected":false},"excerpt":{"rendered":"<p>H\u00e5ndkl\u00e6det\u00f8rrere Professionel og grundig VVS arbejde for private og erhverv Har du brug for en VVS installat\u00f8r? En h\u00e5ndkl\u00e6deradiator skaber et behageligt klima i ethvert badev\u00e6relse. H\u00e5ndkl\u00e6deradiatoren kan b\u00e5de varme badev\u00e6relset op, t\u00f8rre v\u00e5de h\u00e5ndkl\u00e6der og s\u00f8rge for, at du p\u00e5 kolde morgener kan if\u00f8re dig en lun badek\u00e5be.\u00a0Sejling Smedje f\u00f8rer et bredt udvalg, s\u00e5 [&hellip;]<\/p>\n","protected":false},"author":1,"featured_media":0,"parent":0,"menu_order":0,"comment_status":"closed","ping_status":"closed","template":"elementor_header_footer","meta":{"_acf_changed":false,"footnotes":""},"class_list":["post-272","page","type-page","status-publish","hentry"],"acf":[],"yoast_head":"<!-- This site is optimized with the Yoast SEO plugin v25.1 - https:\/\/yoast.com\/wordpress\/plugins\/seo\/ -->\n<title>H\u00e5ndkl\u00e6det\u00f8rrere - Sejling Smedje<\/title>\n<meta name=\"robots\" content=\"index, follow, max-snippet:-1, max-image-preview:large, max-video-preview:-1\" \/>\n<link rel=\"canonical\" href=\"https:\/\/sejlingsmedje.web.attityde.dk\/?page_id=272\" \/>\n<meta property=\"og:locale\" content=\"da_DK\" \/>\n<meta property=\"og:type\" content=\"article\" \/>\n<meta property=\"og:title\" content=\"H\u00e5ndkl\u00e6det\u00f8rrere - Sejling Smedje\" \/>\n<meta property=\"og:description\" content=\"H\u00e5ndkl\u00e6det\u00f8rrere Professionel og grundig VVS arbejde for private og erhverv Har du brug for en VVS installat\u00f8r? En h\u00e5ndkl\u00e6deradiator skaber et behageligt klima i ethvert badev\u00e6relse. H\u00e5ndkl\u00e6deradiatoren kan b\u00e5de varme badev\u00e6relset op, t\u00f8rre v\u00e5de h\u00e5ndkl\u00e6der og s\u00f8rge for, at du p\u00e5 kolde morgener kan if\u00f8re dig en lun badek\u00e5be.\u00a0Sejling Smedje f\u00f8rer et bredt udvalg, s\u00e5 [&hellip;]\" \/>\n<meta property=\"og:url\" content=\"https:\/\/sejlingsmedje.web.attityde.dk\/?page_id=272\" \/>\n<meta property=\"og:site_name\" content=\"Sejling Smedje\" \/>\n<meta property=\"article:modified_time\" content=\"2025-06-05T08:30:30+00:00\" \/>\n<meta name=\"twitter:card\" content=\"summary_large_image\" \/>\n<meta name=\"twitter:label1\" content=\"Estimeret l\u00e6setid\" \/>\n\t<meta name=\"twitter:data1\" content=\"1 minut\" \/>\n<script type=\"application\/ld+json\" class=\"yoast-schema-graph\">{\"@context\":\"https:\/\/schema.org\",\"@graph\":[{\"@type\":\"WebPage\",\"@id\":\"https:\/\/sejlingsmedje.web.attityde.dk\/?page_id=272\",\"url\":\"https:\/\/sejlingsmedje.web.attityde.dk\/?page_id=272\",\"name\":\"H\u00e5ndkl\u00e6det\u00f8rrere - Sejling Smedje\",\"isPartOf\":{\"@id\":\"https:\/\/sejlingsmedje.web.attityde.dk\/#website\"},\"datePublished\":\"2025-06-03T12:12:01+00:00\",\"dateModified\":\"2025-06-05T08:30:30+00:00\",\"breadcrumb\":{\"@id\":\"https:\/\/sejlingsmedje.web.attityde.dk\/?page_id=272#breadcrumb\"},\"inLanguage\":\"da-DK\",\"potentialAction\":[{\"@type\":\"ReadAction\",\"target\":[\"https:\/\/sejlingsmedje.web.attityde.dk\/?page_id=272\"]}]},{\"@type\":\"BreadcrumbList\",\"@id\":\"https:\/\/sejlingsmedje.web.attityde.dk\/?page_id=272#breadcrumb\",\"itemListElement\":[{\"@type\":\"ListItem\",\"position\":1,\"name\":\"Hjem\",\"item\":\"https:\/\/sejlingsmedje.web.attityde.dk\/\"},{\"@type\":\"ListItem\",\"position\":2,\"name\":\"H\u00e5ndkl\u00e6det\u00f8rrere\"}]},{\"@type\":\"WebSite\",\"@id\":\"https:\/\/sejlingsmedje.web.attityde.dk\/#website\",\"url\":\"https:\/\/sejlingsmedje.web.attityde.dk\/\",\"name\":\"Sejling Smedje\",\"description\":\"\",\"publisher\":{\"@id\":\"https:\/\/sejlingsmedje.web.attityde.dk\/#organization\"},\"potentialAction\":[{\"@type\":\"SearchAction\",\"target\":{\"@type\":\"EntryPoint\",\"urlTemplate\":\"https:\/\/sejlingsmedje.web.attityde.dk\/?s={search_term_string}\"},\"query-input\":{\"@type\":\"PropertyValueSpecification\",\"valueRequired\":true,\"valueName\":\"search_term_string\"}}],\"inLanguage\":\"da-DK\"},{\"@type\":\"Organization\",\"@id\":\"https:\/\/sejlingsmedje.web.attityde.dk\/#organization\",\"name\":\"Sejling Smedje\",\"url\":\"https:\/\/sejlingsmedje.web.attityde.dk\/\",\"logo\":{\"@type\":\"ImageObject\",\"inLanguage\":\"da-DK\",\"@id\":\"https:\/\/sejlingsmedje.web.attityde.dk\/#\/schema\/logo\/image\/\",\"url\":\"https:\/\/sejlingsmedje.web.attityde.dk\/wp-content\/uploads\/2025\/05\/sejlind-smedje-logo.png\",\"contentUrl\":\"https:\/\/sejlingsmedje.web.attityde.dk\/wp-content\/uploads\/2025\/05\/sejlind-smedje-logo.png\",\"width\":1024,\"height\":335,\"caption\":\"Sejling Smedje \"},\"image\":{\"@id\":\"https:\/\/sejlingsmedje.web.attityde.dk\/#\/schema\/logo\/image\/\"}}]}<\/script>\n<!-- \/ Yoast SEO plugin. -->","yoast_head_json":{"title":"H\u00e5ndkl\u00e6det\u00f8rrere - Sejling Smedje","robots":{"index":"index","follow":"follow","max-snippet":"max-snippet:-1","max-image-preview":"max-image-preview:large","max-video-preview":"max-video-preview:-1"},"canonical":"https:\/\/sejlingsmedje.web.attityde.dk\/?page_id=272","og_locale":"da_DK","og_type":"article","og_title":"H\u00e5ndkl\u00e6det\u00f8rrere - Sejling Smedje","og_description":"H\u00e5ndkl\u00e6det\u00f8rrere Professionel og grundig VVS arbejde for private og erhverv Har du brug for en VVS installat\u00f8r? En h\u00e5ndkl\u00e6deradiator skaber et behageligt klima i ethvert badev\u00e6relse. H\u00e5ndkl\u00e6deradiatoren kan b\u00e5de varme badev\u00e6relset op, t\u00f8rre v\u00e5de h\u00e5ndkl\u00e6der og s\u00f8rge for, at du p\u00e5 kolde morgener kan if\u00f8re dig en lun badek\u00e5be.\u00a0Sejling Smedje f\u00f8rer et bredt udvalg, s\u00e5 [&hellip;]","og_url":"https:\/\/sejlingsmedje.web.attityde.dk\/?page_id=272","og_site_name":"Sejling Smedje","article_modified_time":"2025-06-05T08:30:30+00:00","twitter_card":"summary_large_image","twitter_misc":{"Estimeret l\u00e6setid":"1 minut"},"schema":{"@context":"https:\/\/schema.org","@graph":[{"@type":"WebPage","@id":"https:\/\/sejlingsmedje.web.attityde.dk\/?page_id=272","url":"https:\/\/sejlingsmedje.web.attityde.dk\/?page_id=272","name":"H\u00e5ndkl\u00e6det\u00f8rrere - Sejling Smedje","isPartOf":{"@id":"https:\/\/sejlingsmedje.web.attityde.dk\/#website"},"datePublished":"2025-06-03T12:12:01+00:00","dateModified":"2025-06-05T08:30:30+00:00","breadcrumb":{"@id":"https:\/\/sejlingsmedje.web.attityde.dk\/?page_id=272#breadcrumb"},"inLanguage":"da-DK","potentialAction":[{"@type":"ReadAction","target":["https:\/\/sejlingsmedje.web.attityde.dk\/?page_id=272"]}]},{"@type":"BreadcrumbList","@id":"https:\/\/sejlingsmedje.web.attityde.dk\/?page_id=272#breadcrumb","itemListElement":[{"@type":"ListItem","position":1,"name":"Hjem","item":"https:\/\/sejlingsmedje.web.attityde.dk\/"},{"@type":"ListItem","position":2,"name":"H\u00e5ndkl\u00e6det\u00f8rrere"}]},{"@type":"WebSite","@id":"https:\/\/sejlingsmedje.web.attityde.dk\/#website","url":"https:\/\/sejlingsmedje.web.attityde.dk\/","name":"Sejling Smedje","description":"","publisher":{"@id":"https:\/\/sejlingsmedje.web.attityde.dk\/#organization"},"potentialAction":[{"@type":"SearchAction","target":{"@type":"EntryPoint","urlTemplate":"https:\/\/sejlingsmedje.web.attityde.dk\/?s={search_term_string}"},"query-input":{"@type":"PropertyValueSpecification","valueRequired":true,"valueName":"search_term_string"}}],"inLanguage":"da-DK"},{"@type":"Organization","@id":"https:\/\/sejlingsmedje.web.attityde.dk\/#organization","name":"Sejling Smedje","url":"https:\/\/sejlingsmedje.web.attityde.dk\/","logo":{"@type":"ImageObject","inLanguage":"da-DK","@id":"https:\/\/sejlingsmedje.web.attityde.dk\/#\/schema\/logo\/image\/","url":"https:\/\/sejlingsmedje.web.attityde.dk\/wp-content\/uploads\/2025\/05\/sejlind-smedje-logo.png","contentUrl":"https:\/\/sejlingsmedje.web.attityde.dk\/wp-content\/uploads\/2025\/05\/sejlind-smedje-logo.png","width":1024,"height":335,"caption":"Sejling Smedje "},"image":{"@id":"https:\/\/sejlingsmedje.web.attityde.dk\/#\/schema\/logo\/image\/"}}]}},"_links":{"self":[{"href":"https:\/\/sejlingsmedje.web.attityde.dk\/index.php?rest_route=\/wp\/v2\/pages\/272","targetHints":{"allow":["GET"]}}],"collection":[{"href":"https:\/\/sejlingsmedje.web.attityde.dk\/index.php?rest_route=\/wp\/v2\/pages"}],"about":[{"href":"https:\/\/sejlingsmedje.web.attityde.dk\/index.php?rest_route=\/wp\/v2\/types\/page"}],"author":[{"embeddable":true,"href":"https:\/\/sejlingsmedje.web.attityde.dk\/index.php?rest_route=\/wp\/v2\/users\/1"}],"replies":[{"embeddable":true,"href":"https:\/\/sejlingsmedje.web.attityde.dk\/index.php?rest_route=%2Fwp%2Fv2%2Fcomments&post=272"}],"version-history":[{"count":7,"href":"https:\/\/sejlingsmedje.web.attityde.dk\/index.php?rest_route=\/wp\/v2\/pages\/272\/revisions"}],"predecessor-version":[{"id":468,"href":"https:\/\/sejlingsmedje.web.attityde.dk\/index.php?rest_route=\/wp\/v2\/pages\/272\/revisions\/468"}],"wp:attachment":[{"href":"https:\/\/sejlingsmedje.web.attityde.dk\/index.php?rest_route=%2Fwp%2Fv2%2Fmedia&parent=272"}],"curies":[{"name":"wp","href":"https:\/\/api.w.org\/{rel}","templated":true}]}}