{"id":266,"date":"2025-06-03T12:09:57","date_gmt":"2025-06-03T12:09:57","guid":{"rendered":"https:\/\/sejlingsmedje.web.attityde.dk\/?page_id=266"},"modified":"2025-06-05T08:28:54","modified_gmt":"2025-06-05T08:28:54","slug":"gulvafloeb","status":"publish","type":"page","link":"https:\/\/sejlingsmedje.web.attityde.dk\/?page_id=266","title":{"rendered":"Gulvafl\u00f8b"},"content":{"rendered":"\t\t<div data-elementor-type=\"wp-page\" data-elementor-id=\"266\" class=\"elementor elementor-266\" data-elementor-post-type=\"page\">\n\t\t\t\t<div class=\"elementor-element elementor-element-66d3eb5e e-flex e-con-boxed e-con e-parent\" data-id=\"66d3eb5e\" data-element_type=\"container\" data-settings=\"{&quot;background_background&quot;:&quot;classic&quot;}\">\n\t\t\t\t\t<div class=\"e-con-inner\">\n\t\t<div class=\"elementor-element elementor-element-40f2bbeb e-con-full e-flex e-con e-child\" data-id=\"40f2bbeb\" data-element_type=\"container\">\n\t\t\t\t<div class=\"elementor-element elementor-element-6ef04969 elementor-widget elementor-widget-heading\" data-id=\"6ef04969\" data-element_type=\"widget\" data-widget_type=\"heading.default\">\n\t\t\t\t<div class=\"elementor-widget-container\">\n\t\t\t\t\t<h1 class=\"elementor-heading-title elementor-size-default\">Gulvafl\u00f8b<\/h1>\t\t\t\t<\/div>\n\t\t\t\t<\/div>\n\t\t\t\t<\/div>\n\t\t\t\t\t<\/div>\n\t\t\t\t<\/div>\n\t\t<div class=\"elementor-element elementor-element-1b0e7cf1 e-flex e-con-boxed e-con e-parent\" data-id=\"1b0e7cf1\" data-element_type=\"container\">\n\t\t\t\t\t<div class=\"e-con-inner\">\n\t\t<div class=\"elementor-element elementor-element-3d8f359 e-con-full e-flex e-con e-child\" data-id=\"3d8f359\" data-element_type=\"container\">\n\t\t<div class=\"elementor-element elementor-element-3e8b5d55 e-flex e-con-boxed e-con e-child\" data-id=\"3e8b5d55\" data-element_type=\"container\">\n\t\t\t\t\t<div class=\"e-con-inner\">\n\t\t\t\t<div class=\"elementor-element elementor-element-53f0997 elementor-widget elementor-widget-heading\" data-id=\"53f0997\" data-element_type=\"widget\" data-widget_type=\"heading.default\">\n\t\t\t\t<div class=\"elementor-widget-container\">\n\t\t\t\t\t<h3 class=\"elementor-heading-title elementor-size-default\">Professionel og grundig VVS arbejde for private og erhverv<\/h3>\t\t\t\t<\/div>\n\t\t\t\t<\/div>\n\t\t\t\t<div class=\"elementor-element elementor-element-5856b29e elementor-widget elementor-widget-heading\" data-id=\"5856b29e\" data-element_type=\"widget\" data-widget_type=\"heading.default\">\n\t\t\t\t<div class=\"elementor-widget-container\">\n\t\t\t\t\t<h2 class=\"elementor-heading-title elementor-size-default\">Har du brug for en VVS installat\u00f8r?<\/h2>\t\t\t\t<\/div>\n\t\t\t\t<\/div>\n\t\t\t\t\t<\/div>\n\t\t\t\t<\/div>\n\t\t<div class=\"elementor-element elementor-element-12b4e2f4 e-con-full e-flex e-con e-child\" data-id=\"12b4e2f4\" data-element_type=\"container\">\n\t\t<div class=\"elementor-element elementor-element-b427c45 e-con-full e-flex e-con e-child\" data-id=\"b427c45\" data-element_type=\"container\" data-settings=\"{&quot;background_background&quot;:&quot;classic&quot;}\">\n\t\t\t\t<\/div>\n\t\t<div class=\"elementor-element elementor-element-219df95b e-con-full e-flex e-con e-child\" data-id=\"219df95b\" data-element_type=\"container\">\n\t\t\t\t<div class=\"elementor-element elementor-element-641da3cf elementor-widget elementor-widget-heading\" data-id=\"641da3cf\" data-element_type=\"widget\" data-widget_type=\"heading.default\">\n\t\t\t\t<div class=\"elementor-widget-container\">\n\t\t\t\t\t<h3 class=\"elementor-heading-title elementor-size-default\">Sejling Smedje k\u00e6ler for alle detaljer, n\u00e5r badev\u00e6relset skal renoveres.<\/h3>\t\t\t\t<\/div>\n\t\t\t\t<\/div>\n\t\t\t\t<div class=\"elementor-element elementor-element-38481ded elementor-widget elementor-widget-text-editor\" data-id=\"38481ded\" data-element_type=\"widget\" data-widget_type=\"text-editor.default\">\n\t\t\t\t<div class=\"elementor-widget-container\">\n\t\t\t\t\t\t\t\t\t<p>I stedet for det traditionelle afl\u00f8b kan du v\u00e6lge en afl\u00f8bsrende, der bliver en del af badev\u00e6relsets design og et element, som er med til at understrege rummets \u00f8vrige linjer.<\/p><p>Med en afl\u00f8bsrende af rustfrit st\u00e5l f\u00e5r du en moderne afl\u00f8bsl\u00f8sning til dit badev\u00e6relse. Risten placeres i gulvet som erstatning for den firkantede afl\u00f8bsrist og kan samtidig erstatte den forh\u00f8jning, der typisk adskiller bruseomr\u00e5det fra det \u00f8vrige badev\u00e6relse.<br \/>Renden f\u00e5s b\u00e5de som hulrist, spalterist og i en r\u00e6kke forskellige st\u00f8rrelser og former. Se vores udvalg i producentmenuen.<\/p>\t\t\t\t\t\t\t\t<\/div>\n\t\t\t\t<\/div>\n\t\t\t\t<\/div>\n\t\t\t\t<\/div>\n\t\t\t\t<\/div>\n\t\t\t\t\t<\/div>\n\t\t\t\t<\/div>\n\t\t\t\t<\/div>\n\t\t","protected":false},"excerpt":{"rendered":"<p>Gulvafl\u00f8b Professionel og grundig VVS arbejde for private og erhverv Har du brug for en VVS installat\u00f8r? Sejling Smedje k\u00e6ler for alle detaljer, n\u00e5r badev\u00e6relset skal renoveres. I stedet for det traditionelle afl\u00f8b kan du v\u00e6lge en afl\u00f8bsrende, der bliver en del af badev\u00e6relsets design og et element, som er med til at understrege rummets [&hellip;]<\/p>\n","protected":false},"author":1,"featured_media":0,"parent":0,"menu_order":0,"comment_status":"closed","ping_status":"closed","template":"elementor_header_footer","meta":{"_acf_changed":false,"footnotes":""},"class_list":["post-266","page","type-page","status-publish","hentry"],"acf":[],"yoast_head":"<!-- This site is optimized with the Yoast SEO plugin v25.1 - https:\/\/yoast.com\/wordpress\/plugins\/seo\/ -->\n<title>Gulvafl\u00f8b - Sejling Smedje<\/title>\n<meta name=\"robots\" content=\"index, follow, max-snippet:-1, max-image-preview:large, max-video-preview:-1\" \/>\n<link rel=\"canonical\" href=\"https:\/\/sejlingsmedje.web.attityde.dk\/?page_id=266\" \/>\n<meta property=\"og:locale\" content=\"da_DK\" \/>\n<meta property=\"og:type\" content=\"article\" \/>\n<meta property=\"og:title\" content=\"Gulvafl\u00f8b - Sejling Smedje\" \/>\n<meta property=\"og:description\" content=\"Gulvafl\u00f8b Professionel og grundig VVS arbejde for private og erhverv Har du brug for en VVS installat\u00f8r? Sejling Smedje k\u00e6ler for alle detaljer, n\u00e5r badev\u00e6relset skal renoveres. I stedet for det traditionelle afl\u00f8b kan du v\u00e6lge en afl\u00f8bsrende, der bliver en del af badev\u00e6relsets design og et element, som er med til at understrege rummets [&hellip;]\" \/>\n<meta property=\"og:url\" content=\"https:\/\/sejlingsmedje.web.attityde.dk\/?page_id=266\" \/>\n<meta property=\"og:site_name\" content=\"Sejling Smedje\" \/>\n<meta property=\"article:modified_time\" content=\"2025-06-05T08:28:54+00:00\" \/>\n<meta name=\"twitter:card\" content=\"summary_large_image\" \/>\n<meta name=\"twitter:label1\" content=\"Estimeret l\u00e6setid\" \/>\n\t<meta name=\"twitter:data1\" content=\"1 minut\" \/>\n<script type=\"application\/ld+json\" class=\"yoast-schema-graph\">{\"@context\":\"https:\/\/schema.org\",\"@graph\":[{\"@type\":\"WebPage\",\"@id\":\"https:\/\/sejlingsmedje.web.attityde.dk\/?page_id=266\",\"url\":\"https:\/\/sejlingsmedje.web.attityde.dk\/?page_id=266\",\"name\":\"Gulvafl\u00f8b - Sejling Smedje\",\"isPartOf\":{\"@id\":\"https:\/\/sejlingsmedje.web.attityde.dk\/#website\"},\"datePublished\":\"2025-06-03T12:09:57+00:00\",\"dateModified\":\"2025-06-05T08:28:54+00:00\",\"breadcrumb\":{\"@id\":\"https:\/\/sejlingsmedje.web.attityde.dk\/?page_id=266#breadcrumb\"},\"inLanguage\":\"da-DK\",\"potentialAction\":[{\"@type\":\"ReadAction\",\"target\":[\"https:\/\/sejlingsmedje.web.attityde.dk\/?page_id=266\"]}]},{\"@type\":\"BreadcrumbList\",\"@id\":\"https:\/\/sejlingsmedje.web.attityde.dk\/?page_id=266#breadcrumb\",\"itemListElement\":[{\"@type\":\"ListItem\",\"position\":1,\"name\":\"Hjem\",\"item\":\"https:\/\/sejlingsmedje.web.attityde.dk\/\"},{\"@type\":\"ListItem\",\"position\":2,\"name\":\"Gulvafl\u00f8b\"}]},{\"@type\":\"WebSite\",\"@id\":\"https:\/\/sejlingsmedje.web.attityde.dk\/#website\",\"url\":\"https:\/\/sejlingsmedje.web.attityde.dk\/\",\"name\":\"Sejling Smedje\",\"description\":\"\",\"publisher\":{\"@id\":\"https:\/\/sejlingsmedje.web.attityde.dk\/#organization\"},\"potentialAction\":[{\"@type\":\"SearchAction\",\"target\":{\"@type\":\"EntryPoint\",\"urlTemplate\":\"https:\/\/sejlingsmedje.web.attityde.dk\/?s={search_term_string}\"},\"query-input\":{\"@type\":\"PropertyValueSpecification\",\"valueRequired\":true,\"valueName\":\"search_term_string\"}}],\"inLanguage\":\"da-DK\"},{\"@type\":\"Organization\",\"@id\":\"https:\/\/sejlingsmedje.web.attityde.dk\/#organization\",\"name\":\"Sejling Smedje\",\"url\":\"https:\/\/sejlingsmedje.web.attityde.dk\/\",\"logo\":{\"@type\":\"ImageObject\",\"inLanguage\":\"da-DK\",\"@id\":\"https:\/\/sejlingsmedje.web.attityde.dk\/#\/schema\/logo\/image\/\",\"url\":\"https:\/\/sejlingsmedje.web.attityde.dk\/wp-content\/uploads\/2025\/05\/sejlind-smedje-logo.png\",\"contentUrl\":\"https:\/\/sejlingsmedje.web.attityde.dk\/wp-content\/uploads\/2025\/05\/sejlind-smedje-logo.png\",\"width\":1024,\"height\":335,\"caption\":\"Sejling Smedje \"},\"image\":{\"@id\":\"https:\/\/sejlingsmedje.web.attityde.dk\/#\/schema\/logo\/image\/\"}}]}<\/script>\n<!-- \/ Yoast SEO plugin. -->","yoast_head_json":{"title":"Gulvafl\u00f8b - Sejling Smedje","robots":{"index":"index","follow":"follow","max-snippet":"max-snippet:-1","max-image-preview":"max-image-preview:large","max-video-preview":"max-video-preview:-1"},"canonical":"https:\/\/sejlingsmedje.web.attityde.dk\/?page_id=266","og_locale":"da_DK","og_type":"article","og_title":"Gulvafl\u00f8b - Sejling Smedje","og_description":"Gulvafl\u00f8b Professionel og grundig VVS arbejde for private og erhverv Har du brug for en VVS installat\u00f8r? Sejling Smedje k\u00e6ler for alle detaljer, n\u00e5r badev\u00e6relset skal renoveres. I stedet for det traditionelle afl\u00f8b kan du v\u00e6lge en afl\u00f8bsrende, der bliver en del af badev\u00e6relsets design og et element, som er med til at understrege rummets [&hellip;]","og_url":"https:\/\/sejlingsmedje.web.attityde.dk\/?page_id=266","og_site_name":"Sejling Smedje","article_modified_time":"2025-06-05T08:28:54+00:00","twitter_card":"summary_large_image","twitter_misc":{"Estimeret l\u00e6setid":"1 minut"},"schema":{"@context":"https:\/\/schema.org","@graph":[{"@type":"WebPage","@id":"https:\/\/sejlingsmedje.web.attityde.dk\/?page_id=266","url":"https:\/\/sejlingsmedje.web.attityde.dk\/?page_id=266","name":"Gulvafl\u00f8b - Sejling Smedje","isPartOf":{"@id":"https:\/\/sejlingsmedje.web.attityde.dk\/#website"},"datePublished":"2025-06-03T12:09:57+00:00","dateModified":"2025-06-05T08:28:54+00:00","breadcrumb":{"@id":"https:\/\/sejlingsmedje.web.attityde.dk\/?page_id=266#breadcrumb"},"inLanguage":"da-DK","potentialAction":[{"@type":"ReadAction","target":["https:\/\/sejlingsmedje.web.attityde.dk\/?page_id=266"]}]},{"@type":"BreadcrumbList","@id":"https:\/\/sejlingsmedje.web.attityde.dk\/?page_id=266#breadcrumb","itemListElement":[{"@type":"ListItem","position":1,"name":"Hjem","item":"https:\/\/sejlingsmedje.web.attityde.dk\/"},{"@type":"ListItem","position":2,"name":"Gulvafl\u00f8b"}]},{"@type":"WebSite","@id":"https:\/\/sejlingsmedje.web.attityde.dk\/#website","url":"https:\/\/sejlingsmedje.web.attityde.dk\/","name":"Sejling Smedje","description":"","publisher":{"@id":"https:\/\/sejlingsmedje.web.attityde.dk\/#organization"},"potentialAction":[{"@type":"SearchAction","target":{"@type":"EntryPoint","urlTemplate":"https:\/\/sejlingsmedje.web.attityde.dk\/?s={search_term_string}"},"query-input":{"@type":"PropertyValueSpecification","valueRequired":true,"valueName":"search_term_string"}}],"inLanguage":"da-DK"},{"@type":"Organization","@id":"https:\/\/sejlingsmedje.web.attityde.dk\/#organization","name":"Sejling Smedje","url":"https:\/\/sejlingsmedje.web.attityde.dk\/","logo":{"@type":"ImageObject","inLanguage":"da-DK","@id":"https:\/\/sejlingsmedje.web.attityde.dk\/#\/schema\/logo\/image\/","url":"https:\/\/sejlingsmedje.web.attityde.dk\/wp-content\/uploads\/2025\/05\/sejlind-smedje-logo.png","contentUrl":"https:\/\/sejlingsmedje.web.attityde.dk\/wp-content\/uploads\/2025\/05\/sejlind-smedje-logo.png","width":1024,"height":335,"caption":"Sejling Smedje "},"image":{"@id":"https:\/\/sejlingsmedje.web.attityde.dk\/#\/schema\/logo\/image\/"}}]}},"_links":{"self":[{"href":"https:\/\/sejlingsmedje.web.attityde.dk\/index.php?rest_route=\/wp\/v2\/pages\/266","targetHints":{"allow":["GET"]}}],"collection":[{"href":"https:\/\/sejlingsmedje.web.attityde.dk\/index.php?rest_route=\/wp\/v2\/pages"}],"about":[{"href":"https:\/\/sejlingsmedje.web.attityde.dk\/index.php?rest_route=\/wp\/v2\/types\/page"}],"author":[{"embeddable":true,"href":"https:\/\/sejlingsmedje.web.attityde.dk\/index.php?rest_route=\/wp\/v2\/users\/1"}],"replies":[{"embeddable":true,"href":"https:\/\/sejlingsmedje.web.attityde.dk\/index.php?rest_route=%2Fwp%2Fv2%2Fcomments&post=266"}],"version-history":[{"count":10,"href":"https:\/\/sejlingsmedje.web.attityde.dk\/index.php?rest_route=\/wp\/v2\/pages\/266\/revisions"}],"predecessor-version":[{"id":464,"href":"https:\/\/sejlingsmedje.web.attityde.dk\/index.php?rest_route=\/wp\/v2\/pages\/266\/revisions\/464"}],"wp:attachment":[{"href":"https:\/\/sejlingsmedje.web.attityde.dk\/index.php?rest_route=%2Fwp%2Fv2%2Fmedia&parent=266"}],"curies":[{"name":"wp","href":"https:\/\/api.w.org\/{rel}","templated":true}]}}