{"id":236,"date":"2025-06-03T11:26:32","date_gmt":"2025-06-03T11:26:32","guid":{"rendered":"https:\/\/sejlingsmedje.web.attityde.dk\/?page_id=236"},"modified":"2025-06-05T08:22:11","modified_gmt":"2025-06-05T08:22:11","slug":"armaturer","status":"publish","type":"page","link":"https:\/\/sejlingsmedje.web.attityde.dk\/?page_id=236","title":{"rendered":"Armaturer"},"content":{"rendered":"\t\t<div data-elementor-type=\"wp-page\" data-elementor-id=\"236\" class=\"elementor elementor-236\" data-elementor-post-type=\"page\">\n\t\t\t\t<div class=\"elementor-element elementor-element-24573e96 e-flex e-con-boxed e-con e-parent\" data-id=\"24573e96\" data-element_type=\"container\" data-settings=\"{&quot;background_background&quot;:&quot;classic&quot;}\">\n\t\t\t\t\t<div class=\"e-con-inner\">\n\t\t<div class=\"elementor-element elementor-element-3bcae141 e-con-full e-flex e-con e-child\" data-id=\"3bcae141\" data-element_type=\"container\">\n\t\t\t\t<div class=\"elementor-element elementor-element-6c49cc62 elementor-widget elementor-widget-heading\" data-id=\"6c49cc62\" data-element_type=\"widget\" data-widget_type=\"heading.default\">\n\t\t\t\t<div class=\"elementor-widget-container\">\n\t\t\t\t\t<h1 class=\"elementor-heading-title elementor-size-default\">Armaturer<\/h1>\t\t\t\t<\/div>\n\t\t\t\t<\/div>\n\t\t\t\t<\/div>\n\t\t\t\t\t<\/div>\n\t\t\t\t<\/div>\n\t\t<div class=\"elementor-element elementor-element-2864343e e-flex e-con-boxed e-con e-parent\" data-id=\"2864343e\" data-element_type=\"container\">\n\t\t\t\t\t<div class=\"e-con-inner\">\n\t\t<div class=\"elementor-element elementor-element-24469509 e-con-full e-flex e-con e-child\" data-id=\"24469509\" data-element_type=\"container\">\n\t\t<div class=\"elementor-element elementor-element-66c5be86 e-flex e-con-boxed e-con e-child\" data-id=\"66c5be86\" data-element_type=\"container\">\n\t\t\t\t\t<div class=\"e-con-inner\">\n\t\t\t\t<div class=\"elementor-element elementor-element-25d5cbf0 elementor-widget elementor-widget-heading\" data-id=\"25d5cbf0\" data-element_type=\"widget\" data-widget_type=\"heading.default\">\n\t\t\t\t<div class=\"elementor-widget-container\">\n\t\t\t\t\t<h3 class=\"elementor-heading-title elementor-size-default\">Armaturer<\/h3>\t\t\t\t<\/div>\n\t\t\t\t<\/div>\n\t\t\t\t<div class=\"elementor-element elementor-element-42fa107e elementor-widget elementor-widget-heading\" data-id=\"42fa107e\" data-element_type=\"widget\" data-widget_type=\"heading.default\">\n\t\t\t\t<div class=\"elementor-widget-container\">\n\t\t\t\t\t<h2 class=\"elementor-heading-title elementor-size-default\">Vi f\u00f8rer et stort udvalg med fokus p\u00e5 kvalitet<\/h2>\t\t\t\t<\/div>\n\t\t\t\t<\/div>\n\t\t\t\t\t<\/div>\n\t\t\t\t<\/div>\n\t\t<div class=\"elementor-element elementor-element-160922f0 e-con-full e-flex e-con e-child\" data-id=\"160922f0\" data-element_type=\"container\">\n\t\t<div class=\"elementor-element elementor-element-6edee061 e-con-full e-flex e-con e-child\" data-id=\"6edee061\" data-element_type=\"container\" data-settings=\"{&quot;background_background&quot;:&quot;classic&quot;}\">\n\t\t\t\t<div class=\"elementor-element elementor-element-8b2f685 elementor-widget elementor-widget-gallery\" data-id=\"8b2f685\" data-element_type=\"widget\" data-settings=\"{&quot;lazyload&quot;:&quot;yes&quot;,&quot;gallery_layout&quot;:&quot;grid&quot;,&quot;columns&quot;:4,&quot;columns_tablet&quot;:2,&quot;columns_mobile&quot;:1,&quot;gap&quot;:{&quot;unit&quot;:&quot;px&quot;,&quot;size&quot;:10,&quot;sizes&quot;:[]},&quot;gap_tablet&quot;:{&quot;unit&quot;:&quot;px&quot;,&quot;size&quot;:10,&quot;sizes&quot;:[]},&quot;gap_mobile&quot;:{&quot;unit&quot;:&quot;px&quot;,&quot;size&quot;:10,&quot;sizes&quot;:[]},&quot;link_to&quot;:&quot;file&quot;,&quot;aspect_ratio&quot;:&quot;3:2&quot;,&quot;overlay_background&quot;:&quot;yes&quot;,&quot;content_hover_animation&quot;:&quot;fade-in&quot;}\" data-widget_type=\"gallery.default\">\n\t\t\t\t<div class=\"elementor-widget-container\">\n\t\t\t\t\t\t\t<div class=\"elementor-gallery__container\">\n\t\t\t\t\t\t\t<a class=\"e-gallery-item elementor-gallery-item elementor-animated-content\" href=\"https:\/\/sejlingsmedje.web.attityde.dk\/wp-content\/uploads\/2025\/06\/fm_mattsson_2.jpg\" data-elementor-open-lightbox=\"yes\" data-elementor-lightbox-slideshow=\"8b2f685\" data-elementor-lightbox-title=\"fm_mattsson_2\" data-e-action-hash=\"#elementor-action%3Aaction%3Dlightbox%26settings%3DeyJpZCI6MjM5LCJ1cmwiOiJodHRwczpcL1wvc2VqbGluZ3NtZWRqZS53ZWIuYXR0aXR5ZGUuZGtcL3dwLWNvbnRlbnRcL3VwbG9hZHNcLzIwMjVcLzA2XC9mbV9tYXR0c3Nvbl8yLmpwZyIsInNsaWRlc2hvdyI6IjhiMmY2ODUifQ%3D%3D\">\n\t\t\t\t\t<div class=\"e-gallery-image elementor-gallery-item__image\" data-thumbnail=\"https:\/\/sejlingsmedje.web.attityde.dk\/wp-content\/uploads\/2025\/06\/fm_mattsson_2-300x300.jpg\" data-width=\"300\" data-height=\"300\" aria-label=\"\" role=\"img\" ><\/div>\n\t\t\t\t\t\t\t\t\t\t\t<div class=\"elementor-gallery-item__overlay\"><\/div>\n\t\t\t\t\t\t\t\t\t\t\t\t\t\t<\/a>\n\t\t\t\t\t\t\t<a class=\"e-gallery-item elementor-gallery-item elementor-animated-content\" href=\"https:\/\/sejlingsmedje.web.attityde.dk\/wp-content\/uploads\/2025\/06\/xboerma_2-jpg-pagespeed-ic-c124glcimy.jpg\" data-elementor-open-lightbox=\"yes\" data-elementor-lightbox-slideshow=\"8b2f685\" data-elementor-lightbox-title=\"xboerma_2-jpg-pagespeed-ic-c124glcimy\" data-e-action-hash=\"#elementor-action%3Aaction%3Dlightbox%26settings%3DeyJpZCI6MjQwLCJ1cmwiOiJodHRwczpcL1wvc2VqbGluZ3NtZWRqZS53ZWIuYXR0aXR5ZGUuZGtcL3dwLWNvbnRlbnRcL3VwbG9hZHNcLzIwMjVcLzA2XC94Ym9lcm1hXzItanBnLXBhZ2VzcGVlZC1pYy1jMTI0Z2xjaW15LmpwZyIsInNsaWRlc2hvdyI6IjhiMmY2ODUifQ%3D%3D\">\n\t\t\t\t\t<div class=\"e-gallery-image elementor-gallery-item__image\" data-thumbnail=\"https:\/\/sejlingsmedje.web.attityde.dk\/wp-content\/uploads\/2025\/06\/xboerma_2-jpg-pagespeed-ic-c124glcimy-300x300.jpg\" data-width=\"300\" data-height=\"300\" aria-label=\"\" role=\"img\" ><\/div>\n\t\t\t\t\t\t\t\t\t\t\t<div class=\"elementor-gallery-item__overlay\"><\/div>\n\t\t\t\t\t\t\t\t\t\t\t\t\t\t<\/a>\n\t\t\t\t\t\t\t<a class=\"e-gallery-item elementor-gallery-item elementor-animated-content\" href=\"https:\/\/sejlingsmedje.web.attityde.dk\/wp-content\/uploads\/2025\/06\/xgrohe_2-jpg-pagespeed-ic-ydvjxlpuq5.jpg\" data-elementor-open-lightbox=\"yes\" data-elementor-lightbox-slideshow=\"8b2f685\" data-elementor-lightbox-title=\"xgrohe_2-jpg-pagespeed-ic-ydvjxlpuq5\" data-e-action-hash=\"#elementor-action%3Aaction%3Dlightbox%26settings%3DeyJpZCI6MjQxLCJ1cmwiOiJodHRwczpcL1wvc2VqbGluZ3NtZWRqZS53ZWIuYXR0aXR5ZGUuZGtcL3dwLWNvbnRlbnRcL3VwbG9hZHNcLzIwMjVcLzA2XC94Z3JvaGVfMi1qcGctcGFnZXNwZWVkLWljLXlkdmp4bHB1cTUuanBnIiwic2xpZGVzaG93IjoiOGIyZjY4NSJ9\">\n\t\t\t\t\t<div class=\"e-gallery-image elementor-gallery-item__image\" data-thumbnail=\"https:\/\/sejlingsmedje.web.attityde.dk\/wp-content\/uploads\/2025\/06\/xgrohe_2-jpg-pagespeed-ic-ydvjxlpuq5-300x300.jpg\" data-width=\"300\" data-height=\"300\" aria-label=\"\" role=\"img\" ><\/div>\n\t\t\t\t\t\t\t\t\t\t\t<div class=\"elementor-gallery-item__overlay\"><\/div>\n\t\t\t\t\t\t\t\t\t\t\t\t\t\t<\/a>\n\t\t\t\t\t\t\t<a class=\"e-gallery-item elementor-gallery-item elementor-animated-content\" href=\"https:\/\/sejlingsmedje.web.attityde.dk\/wp-content\/uploads\/2025\/06\/xlogo_v1_damixa_2-jpg-pagespeed-ic-mkomiogly7.jpg\" data-elementor-open-lightbox=\"yes\" data-elementor-lightbox-slideshow=\"8b2f685\" data-elementor-lightbox-title=\"xlogo_v1_damixa_2-jpg-pagespeed-ic-mkomiogly7\" data-e-action-hash=\"#elementor-action%3Aaction%3Dlightbox%26settings%3DeyJpZCI6MjQyLCJ1cmwiOiJodHRwczpcL1wvc2VqbGluZ3NtZWRqZS53ZWIuYXR0aXR5ZGUuZGtcL3dwLWNvbnRlbnRcL3VwbG9hZHNcLzIwMjVcLzA2XC94bG9nb192MV9kYW1peGFfMi1qcGctcGFnZXNwZWVkLWljLW1rb21pb2dseTcuanBnIiwic2xpZGVzaG93IjoiOGIyZjY4NSJ9\">\n\t\t\t\t\t<div class=\"e-gallery-image elementor-gallery-item__image\" data-thumbnail=\"https:\/\/sejlingsmedje.web.attityde.dk\/wp-content\/uploads\/2025\/06\/xlogo_v1_damixa_2-jpg-pagespeed-ic-mkomiogly7-300x300.jpg\" data-width=\"300\" data-height=\"300\" aria-label=\"\" role=\"img\" ><\/div>\n\t\t\t\t\t\t\t\t\t\t\t<div class=\"elementor-gallery-item__overlay\"><\/div>\n\t\t\t\t\t\t\t\t\t\t\t\t\t\t<\/a>\n\t\t\t\t\t\t\t<a class=\"e-gallery-item elementor-gallery-item elementor-animated-content\" href=\"https:\/\/sejlingsmedje.web.attityde.dk\/wp-content\/uploads\/2025\/06\/xlogo_v2_hansgrohe_2-jpg-pagespeed-ic-cbtlkp9ca6.jpg\" data-elementor-open-lightbox=\"yes\" data-elementor-lightbox-slideshow=\"8b2f685\" data-elementor-lightbox-title=\"xlogo_v2_hansgrohe_2-jpg-pagespeed-ic-cbtlkp9ca6\" data-e-action-hash=\"#elementor-action%3Aaction%3Dlightbox%26settings%3DeyJpZCI6MjQzLCJ1cmwiOiJodHRwczpcL1wvc2VqbGluZ3NtZWRqZS53ZWIuYXR0aXR5ZGUuZGtcL3dwLWNvbnRlbnRcL3VwbG9hZHNcLzIwMjVcLzA2XC94bG9nb192Ml9oYW5zZ3JvaGVfMi1qcGctcGFnZXNwZWVkLWljLWNidGxrcDljYTYuanBnIiwic2xpZGVzaG93IjoiOGIyZjY4NSJ9\">\n\t\t\t\t\t<div class=\"e-gallery-image elementor-gallery-item__image\" data-thumbnail=\"https:\/\/sejlingsmedje.web.attityde.dk\/wp-content\/uploads\/2025\/06\/xlogo_v2_hansgrohe_2-jpg-pagespeed-ic-cbtlkp9ca6-300x300.jpg\" data-width=\"300\" data-height=\"300\" aria-label=\"\" role=\"img\" ><\/div>\n\t\t\t\t\t\t\t\t\t\t\t<div class=\"elementor-gallery-item__overlay\"><\/div>\n\t\t\t\t\t\t\t\t\t\t\t\t\t\t<\/a>\n\t\t\t\t\t\t\t<a class=\"e-gallery-item elementor-gallery-item elementor-animated-content\" href=\"https:\/\/sejlingsmedje.web.attityde.dk\/wp-content\/uploads\/2025\/06\/xgustavsberg_2-jpg-pagespeed-ic-czkvg0ossv.jpg\" data-elementor-open-lightbox=\"yes\" data-elementor-lightbox-slideshow=\"8b2f685\" data-elementor-lightbox-title=\"xgustavsberg_2-jpg-pagespeed-ic-czkvg0ossv\" data-e-action-hash=\"#elementor-action%3Aaction%3Dlightbox%26settings%3DeyJpZCI6MjQ0LCJ1cmwiOiJodHRwczpcL1wvc2VqbGluZ3NtZWRqZS53ZWIuYXR0aXR5ZGUuZGtcL3dwLWNvbnRlbnRcL3VwbG9hZHNcLzIwMjVcLzA2XC94Z3VzdGF2c2JlcmdfMi1qcGctcGFnZXNwZWVkLWljLWN6a3ZnMG9zc3YuanBnIiwic2xpZGVzaG93IjoiOGIyZjY4NSJ9\">\n\t\t\t\t\t<div class=\"e-gallery-image elementor-gallery-item__image\" data-thumbnail=\"https:\/\/sejlingsmedje.web.attityde.dk\/wp-content\/uploads\/2025\/06\/xgustavsberg_2-jpg-pagespeed-ic-czkvg0ossv-300x300.jpg\" data-width=\"300\" data-height=\"300\" aria-label=\"\" role=\"img\" ><\/div>\n\t\t\t\t\t\t\t\t\t\t\t<div class=\"elementor-gallery-item__overlay\"><\/div>\n\t\t\t\t\t\t\t\t\t\t\t\t\t\t<\/a>\n\t\t\t\t\t\t\t<a class=\"e-gallery-item elementor-gallery-item elementor-animated-content\" href=\"https:\/\/sejlingsmedje.web.attityde.dk\/wp-content\/uploads\/2025\/06\/xideal_standard_2-jpg-pagespeed-ic-qcbbzc05fq.jpg\" data-elementor-open-lightbox=\"yes\" data-elementor-lightbox-slideshow=\"8b2f685\" data-elementor-lightbox-title=\"xideal_standard_2-jpg-pagespeed-ic-qcbbzc05fq\" data-e-action-hash=\"#elementor-action%3Aaction%3Dlightbox%26settings%3DeyJpZCI6MjQ1LCJ1cmwiOiJodHRwczpcL1wvc2VqbGluZ3NtZWRqZS53ZWIuYXR0aXR5ZGUuZGtcL3dwLWNvbnRlbnRcL3VwbG9hZHNcLzIwMjVcLzA2XC94aWRlYWxfc3RhbmRhcmRfMi1qcGctcGFnZXNwZWVkLWljLXFjYmJ6YzA1ZnEuanBnIiwic2xpZGVzaG93IjoiOGIyZjY4NSJ9\">\n\t\t\t\t\t<div class=\"e-gallery-image elementor-gallery-item__image\" data-thumbnail=\"https:\/\/sejlingsmedje.web.attityde.dk\/wp-content\/uploads\/2025\/06\/xideal_standard_2-jpg-pagespeed-ic-qcbbzc05fq-300x300.jpg\" data-width=\"300\" data-height=\"300\" aria-label=\"\" role=\"img\" ><\/div>\n\t\t\t\t\t\t\t\t\t\t\t<div class=\"elementor-gallery-item__overlay\"><\/div>\n\t\t\t\t\t\t\t\t\t\t\t\t\t\t<\/a>\n\t\t\t\t\t\t\t<a class=\"e-gallery-item elementor-gallery-item elementor-animated-content\" href=\"https:\/\/sejlingsmedje.web.attityde.dk\/wp-content\/uploads\/2025\/06\/xoras_2-jpg-pagespeed-ic-8sp__oke0g.jpg\" data-elementor-open-lightbox=\"yes\" data-elementor-lightbox-slideshow=\"8b2f685\" data-elementor-lightbox-title=\"xoras_2-jpg-pagespeed-ic-8sp__oke0g\" data-e-action-hash=\"#elementor-action%3Aaction%3Dlightbox%26settings%3DeyJpZCI6MjQ2LCJ1cmwiOiJodHRwczpcL1wvc2VqbGluZ3NtZWRqZS53ZWIuYXR0aXR5ZGUuZGtcL3dwLWNvbnRlbnRcL3VwbG9hZHNcLzIwMjVcLzA2XC94b3Jhc18yLWpwZy1wYWdlc3BlZWQtaWMtOHNwX19va2UwZy5qcGciLCJzbGlkZXNob3ciOiI4YjJmNjg1In0%3D\">\n\t\t\t\t\t<div class=\"e-gallery-image elementor-gallery-item__image\" data-thumbnail=\"https:\/\/sejlingsmedje.web.attityde.dk\/wp-content\/uploads\/2025\/06\/xoras_2-jpg-pagespeed-ic-8sp__oke0g-300x300.jpg\" data-width=\"300\" data-height=\"300\" aria-label=\"\" role=\"img\" ><\/div>\n\t\t\t\t\t\t\t\t\t\t\t<div class=\"elementor-gallery-item__overlay\"><\/div>\n\t\t\t\t\t\t\t\t\t\t\t\t\t\t<\/a>\n\t\t\t\t\t<\/div>\n\t\t\t\t\t<\/div>\n\t\t\t\t<\/div>\n\t\t\t\t<\/div>\n\t\t<div class=\"elementor-element elementor-element-2b1aa36f e-con-full e-flex e-con e-child\" data-id=\"2b1aa36f\" data-element_type=\"container\">\n\t\t\t\t<div class=\"elementor-element elementor-element-2892b8fd elementor-widget elementor-widget-heading\" data-id=\"2892b8fd\" data-element_type=\"widget\" data-widget_type=\"heading.default\">\n\t\t\t\t<div class=\"elementor-widget-container\">\n\t\t\t\t\t<h3 class=\"elementor-heading-title elementor-size-default\">Skal vandhanen monteres p\u00e5 v\u00e6ggen eller vasken?<\/h3>\t\t\t\t<\/div>\n\t\t\t\t<\/div>\n\t\t\t\t<div class=\"elementor-element elementor-element-7873c82a elementor-widget elementor-widget-text-editor\" data-id=\"7873c82a\" data-element_type=\"widget\" data-widget_type=\"text-editor.default\">\n\t\t\t\t<div class=\"elementor-widget-container\">\n\t\t\t\t\t\t\t\t\t<p>Skal den v\u00e6re med hj\u00e6lpegreb eller tud? Skal overfladen v\u00e6re i krom eller satin-finish?<\/p><p>Der er masser af muligheder og du har frit valg p\u00e5 alle hylder.<\/p><p>Der f\u00f8res et bredt udvalg af armaturer og batterier til dit badev\u00e6relse, som alle er VA-godkendt. Det er din garanti for, at vandhanen lever op til en r\u00e6kke sundhedskrav i bygningsreglementet.<\/p>\t\t\t\t\t\t\t\t<\/div>\n\t\t\t\t<\/div>\n\t\t\t\t<\/div>\n\t\t\t\t<\/div>\n\t\t\t\t<\/div>\n\t\t\t\t\t<\/div>\n\t\t\t\t<\/div>\n\t\t\t\t<\/div>\n\t\t","protected":false},"excerpt":{"rendered":"<p>Armaturer Armaturer Vi f\u00f8rer et stort udvalg med fokus p\u00e5 kvalitet Skal vandhanen monteres p\u00e5 v\u00e6ggen eller vasken? Skal den v\u00e6re med hj\u00e6lpegreb eller tud? Skal overfladen v\u00e6re i krom eller satin-finish? Der er masser af muligheder og du har frit valg p\u00e5 alle hylder. Der f\u00f8res et bredt udvalg af armaturer og batterier til [&hellip;]<\/p>\n","protected":false},"author":1,"featured_media":0,"parent":0,"menu_order":0,"comment_status":"closed","ping_status":"closed","template":"elementor_header_footer","meta":{"_acf_changed":false,"footnotes":""},"class_list":["post-236","page","type-page","status-publish","hentry"],"acf":[],"yoast_head":"<!-- This site is optimized with the Yoast SEO plugin v25.1 - https:\/\/yoast.com\/wordpress\/plugins\/seo\/ -->\n<title>Armaturer - Sejling Smedje<\/title>\n<meta name=\"robots\" content=\"index, follow, max-snippet:-1, max-image-preview:large, max-video-preview:-1\" \/>\n<link rel=\"canonical\" href=\"https:\/\/sejlingsmedje.web.attityde.dk\/?page_id=236\" \/>\n<meta property=\"og:locale\" content=\"da_DK\" \/>\n<meta property=\"og:type\" content=\"article\" \/>\n<meta property=\"og:title\" content=\"Armaturer - Sejling Smedje\" \/>\n<meta property=\"og:description\" content=\"Armaturer Armaturer Vi f\u00f8rer et stort udvalg med fokus p\u00e5 kvalitet Skal vandhanen monteres p\u00e5 v\u00e6ggen eller vasken? Skal den v\u00e6re med hj\u00e6lpegreb eller tud? Skal overfladen v\u00e6re i krom eller satin-finish? Der er masser af muligheder og du har frit valg p\u00e5 alle hylder. Der f\u00f8res et bredt udvalg af armaturer og batterier til [&hellip;]\" \/>\n<meta property=\"og:url\" content=\"https:\/\/sejlingsmedje.web.attityde.dk\/?page_id=236\" \/>\n<meta property=\"og:site_name\" content=\"Sejling Smedje\" \/>\n<meta property=\"article:modified_time\" content=\"2025-06-05T08:22:11+00:00\" \/>\n<meta name=\"twitter:card\" content=\"summary_large_image\" \/>\n<meta name=\"twitter:label1\" content=\"Estimeret l\u00e6setid\" \/>\n\t<meta name=\"twitter:data1\" content=\"1 minut\" \/>\n<script type=\"application\/ld+json\" class=\"yoast-schema-graph\">{\"@context\":\"https:\/\/schema.org\",\"@graph\":[{\"@type\":\"WebPage\",\"@id\":\"https:\/\/sejlingsmedje.web.attityde.dk\/?page_id=236\",\"url\":\"https:\/\/sejlingsmedje.web.attityde.dk\/?page_id=236\",\"name\":\"Armaturer - Sejling Smedje\",\"isPartOf\":{\"@id\":\"https:\/\/sejlingsmedje.web.attityde.dk\/#website\"},\"datePublished\":\"2025-06-03T11:26:32+00:00\",\"dateModified\":\"2025-06-05T08:22:11+00:00\",\"breadcrumb\":{\"@id\":\"https:\/\/sejlingsmedje.web.attityde.dk\/?page_id=236#breadcrumb\"},\"inLanguage\":\"da-DK\",\"potentialAction\":[{\"@type\":\"ReadAction\",\"target\":[\"https:\/\/sejlingsmedje.web.attityde.dk\/?page_id=236\"]}]},{\"@type\":\"BreadcrumbList\",\"@id\":\"https:\/\/sejlingsmedje.web.attityde.dk\/?page_id=236#breadcrumb\",\"itemListElement\":[{\"@type\":\"ListItem\",\"position\":1,\"name\":\"Hjem\",\"item\":\"https:\/\/sejlingsmedje.web.attityde.dk\/\"},{\"@type\":\"ListItem\",\"position\":2,\"name\":\"Armaturer\"}]},{\"@type\":\"WebSite\",\"@id\":\"https:\/\/sejlingsmedje.web.attityde.dk\/#website\",\"url\":\"https:\/\/sejlingsmedje.web.attityde.dk\/\",\"name\":\"Sejling Smedje\",\"description\":\"\",\"publisher\":{\"@id\":\"https:\/\/sejlingsmedje.web.attityde.dk\/#organization\"},\"potentialAction\":[{\"@type\":\"SearchAction\",\"target\":{\"@type\":\"EntryPoint\",\"urlTemplate\":\"https:\/\/sejlingsmedje.web.attityde.dk\/?s={search_term_string}\"},\"query-input\":{\"@type\":\"PropertyValueSpecification\",\"valueRequired\":true,\"valueName\":\"search_term_string\"}}],\"inLanguage\":\"da-DK\"},{\"@type\":\"Organization\",\"@id\":\"https:\/\/sejlingsmedje.web.attityde.dk\/#organization\",\"name\":\"Sejling Smedje\",\"url\":\"https:\/\/sejlingsmedje.web.attityde.dk\/\",\"logo\":{\"@type\":\"ImageObject\",\"inLanguage\":\"da-DK\",\"@id\":\"https:\/\/sejlingsmedje.web.attityde.dk\/#\/schema\/logo\/image\/\",\"url\":\"https:\/\/sejlingsmedje.web.attityde.dk\/wp-content\/uploads\/2025\/05\/sejlind-smedje-logo.png\",\"contentUrl\":\"https:\/\/sejlingsmedje.web.attityde.dk\/wp-content\/uploads\/2025\/05\/sejlind-smedje-logo.png\",\"width\":1024,\"height\":335,\"caption\":\"Sejling Smedje \"},\"image\":{\"@id\":\"https:\/\/sejlingsmedje.web.attityde.dk\/#\/schema\/logo\/image\/\"}}]}<\/script>\n<!-- \/ Yoast SEO plugin. -->","yoast_head_json":{"title":"Armaturer - Sejling Smedje","robots":{"index":"index","follow":"follow","max-snippet":"max-snippet:-1","max-image-preview":"max-image-preview:large","max-video-preview":"max-video-preview:-1"},"canonical":"https:\/\/sejlingsmedje.web.attityde.dk\/?page_id=236","og_locale":"da_DK","og_type":"article","og_title":"Armaturer - Sejling Smedje","og_description":"Armaturer Armaturer Vi f\u00f8rer et stort udvalg med fokus p\u00e5 kvalitet Skal vandhanen monteres p\u00e5 v\u00e6ggen eller vasken? Skal den v\u00e6re med hj\u00e6lpegreb eller tud? Skal overfladen v\u00e6re i krom eller satin-finish? Der er masser af muligheder og du har frit valg p\u00e5 alle hylder. Der f\u00f8res et bredt udvalg af armaturer og batterier til [&hellip;]","og_url":"https:\/\/sejlingsmedje.web.attityde.dk\/?page_id=236","og_site_name":"Sejling Smedje","article_modified_time":"2025-06-05T08:22:11+00:00","twitter_card":"summary_large_image","twitter_misc":{"Estimeret l\u00e6setid":"1 minut"},"schema":{"@context":"https:\/\/schema.org","@graph":[{"@type":"WebPage","@id":"https:\/\/sejlingsmedje.web.attityde.dk\/?page_id=236","url":"https:\/\/sejlingsmedje.web.attityde.dk\/?page_id=236","name":"Armaturer - Sejling Smedje","isPartOf":{"@id":"https:\/\/sejlingsmedje.web.attityde.dk\/#website"},"datePublished":"2025-06-03T11:26:32+00:00","dateModified":"2025-06-05T08:22:11+00:00","breadcrumb":{"@id":"https:\/\/sejlingsmedje.web.attityde.dk\/?page_id=236#breadcrumb"},"inLanguage":"da-DK","potentialAction":[{"@type":"ReadAction","target":["https:\/\/sejlingsmedje.web.attityde.dk\/?page_id=236"]}]},{"@type":"BreadcrumbList","@id":"https:\/\/sejlingsmedje.web.attityde.dk\/?page_id=236#breadcrumb","itemListElement":[{"@type":"ListItem","position":1,"name":"Hjem","item":"https:\/\/sejlingsmedje.web.attityde.dk\/"},{"@type":"ListItem","position":2,"name":"Armaturer"}]},{"@type":"WebSite","@id":"https:\/\/sejlingsmedje.web.attityde.dk\/#website","url":"https:\/\/sejlingsmedje.web.attityde.dk\/","name":"Sejling Smedje","description":"","publisher":{"@id":"https:\/\/sejlingsmedje.web.attityde.dk\/#organization"},"potentialAction":[{"@type":"SearchAction","target":{"@type":"EntryPoint","urlTemplate":"https:\/\/sejlingsmedje.web.attityde.dk\/?s={search_term_string}"},"query-input":{"@type":"PropertyValueSpecification","valueRequired":true,"valueName":"search_term_string"}}],"inLanguage":"da-DK"},{"@type":"Organization","@id":"https:\/\/sejlingsmedje.web.attityde.dk\/#organization","name":"Sejling Smedje","url":"https:\/\/sejlingsmedje.web.attityde.dk\/","logo":{"@type":"ImageObject","inLanguage":"da-DK","@id":"https:\/\/sejlingsmedje.web.attityde.dk\/#\/schema\/logo\/image\/","url":"https:\/\/sejlingsmedje.web.attityde.dk\/wp-content\/uploads\/2025\/05\/sejlind-smedje-logo.png","contentUrl":"https:\/\/sejlingsmedje.web.attityde.dk\/wp-content\/uploads\/2025\/05\/sejlind-smedje-logo.png","width":1024,"height":335,"caption":"Sejling Smedje "},"image":{"@id":"https:\/\/sejlingsmedje.web.attityde.dk\/#\/schema\/logo\/image\/"}}]}},"_links":{"self":[{"href":"https:\/\/sejlingsmedje.web.attityde.dk\/index.php?rest_route=\/wp\/v2\/pages\/236","targetHints":{"allow":["GET"]}}],"collection":[{"href":"https:\/\/sejlingsmedje.web.attityde.dk\/index.php?rest_route=\/wp\/v2\/pages"}],"about":[{"href":"https:\/\/sejlingsmedje.web.attityde.dk\/index.php?rest_route=\/wp\/v2\/types\/page"}],"author":[{"embeddable":true,"href":"https:\/\/sejlingsmedje.web.attityde.dk\/index.php?rest_route=\/wp\/v2\/users\/1"}],"replies":[{"embeddable":true,"href":"https:\/\/sejlingsmedje.web.attityde.dk\/index.php?rest_route=%2Fwp%2Fv2%2Fcomments&post=236"}],"version-history":[{"count":7,"href":"https:\/\/sejlingsmedje.web.attityde.dk\/index.php?rest_route=\/wp\/v2\/pages\/236\/revisions"}],"predecessor-version":[{"id":449,"href":"https:\/\/sejlingsmedje.web.attityde.dk\/index.php?rest_route=\/wp\/v2\/pages\/236\/revisions\/449"}],"wp:attachment":[{"href":"https:\/\/sejlingsmedje.web.attityde.dk\/index.php?rest_route=%2Fwp%2Fv2%2Fmedia&parent=236"}],"curies":[{"name":"wp","href":"https:\/\/api.w.org\/{rel}","templated":true}]}}