{"id":194,"date":"2025-06-03T11:01:32","date_gmt":"2025-06-03T11:01:32","guid":{"rendered":"https:\/\/sejlingsmedje.web.attityde.dk\/?page_id=194"},"modified":"2025-06-05T09:38:11","modified_gmt":"2025-06-05T09:38:11","slug":"garanti","status":"publish","type":"page","link":"https:\/\/sejlingsmedje.web.attityde.dk\/?page_id=194","title":{"rendered":"Garanti"},"content":{"rendered":"\t\t<div data-elementor-type=\"wp-page\" data-elementor-id=\"194\" class=\"elementor elementor-194\" data-elementor-post-type=\"page\">\n\t\t\t\t<div class=\"elementor-element elementor-element-6eec3528 e-flex e-con-boxed e-con e-parent\" data-id=\"6eec3528\" data-element_type=\"container\" data-settings=\"{&quot;background_background&quot;:&quot;classic&quot;}\">\n\t\t\t\t\t<div class=\"e-con-inner\">\n\t\t<div class=\"elementor-element elementor-element-ee16267 e-con-full e-flex e-con e-child\" data-id=\"ee16267\" data-element_type=\"container\">\n\t\t\t\t<div class=\"elementor-element elementor-element-6ab73cc1 elementor-widget elementor-widget-heading\" data-id=\"6ab73cc1\" data-element_type=\"widget\" data-widget_type=\"heading.default\">\n\t\t\t\t<div class=\"elementor-widget-container\">\n\t\t\t\t\t<h1 class=\"elementor-heading-title elementor-size-default\">Garanti<\/h1>\t\t\t\t<\/div>\n\t\t\t\t<\/div>\n\t\t\t\t<\/div>\n\t\t\t\t\t<\/div>\n\t\t\t\t<\/div>\n\t\t<div class=\"elementor-element elementor-element-147300ad e-flex e-con-boxed e-con e-parent\" data-id=\"147300ad\" data-element_type=\"container\">\n\t\t\t\t\t<div class=\"e-con-inner\">\n\t\t<div class=\"elementor-element elementor-element-2861d3db e-con-full e-flex e-con e-child\" data-id=\"2861d3db\" data-element_type=\"container\">\n\t\t<div class=\"elementor-element elementor-element-a2b73fd e-flex e-con-boxed e-con e-child\" data-id=\"a2b73fd\" data-element_type=\"container\">\n\t\t\t\t\t<div class=\"e-con-inner\">\n\t\t\t\t<div class=\"elementor-element elementor-element-29aaddc2 elementor-widget elementor-widget-heading\" data-id=\"29aaddc2\" data-element_type=\"widget\" data-widget_type=\"heading.default\">\n\t\t\t\t<div class=\"elementor-widget-container\">\n\t\t\t\t\t<h3 class=\"elementor-heading-title elementor-size-default\">Alt vores arbejde er d\u00e6kket under TEKNIQs garantisikring<\/h3>\t\t\t\t<\/div>\n\t\t\t\t<\/div>\n\t\t\t\t\t<\/div>\n\t\t\t\t<\/div>\n\t\t<div class=\"elementor-element elementor-element-2b9addc3 e-con-full e-flex e-con e-child\" data-id=\"2b9addc3\" data-element_type=\"container\">\n\t\t<div class=\"elementor-element elementor-element-6c3ce771 e-con-full e-flex e-con e-child\" data-id=\"6c3ce771\" data-element_type=\"container\" data-settings=\"{&quot;background_background&quot;:&quot;classic&quot;}\">\n\t\t\t\t<\/div>\n\t\t<div class=\"elementor-element elementor-element-6ebea4f e-con-full e-flex e-con e-child\" data-id=\"6ebea4f\" data-element_type=\"container\">\n\t\t\t\t<div class=\"elementor-element elementor-element-592f35ff elementor-widget elementor-widget-heading\" data-id=\"592f35ff\" data-element_type=\"widget\" data-widget_type=\"heading.default\">\n\t\t\t\t<div class=\"elementor-widget-container\">\n\t\t\t\t\t<h3 class=\"elementor-heading-title elementor-size-default\">Vores garanti<\/h3>\t\t\t\t<\/div>\n\t\t\t\t<\/div>\n\t\t\t\t<div class=\"elementor-element elementor-element-6dd6d7f7 elementor-widget elementor-widget-text-editor\" data-id=\"6dd6d7f7\" data-element_type=\"widget\" data-widget_type=\"text-editor.default\">\n\t\t\t\t<div class=\"elementor-widget-container\">\n\t\t\t\t\t\t\t\t\t<p>Sejling Smedje er medlem af\u00a0<a title=\"TEKNIQs\u00a0garanti\" href=\"https:\/\/www.tekniq.dk\/forbruger\" target=\"_blank\" rel=\"noopener\">TEKNIQs\u00a0garantiordning<\/a>. Dette er din sikkerhed som forbruger, idet alle TEKNIQs medlemmer er omfattet af garanti. Garantien d\u00e6kker VVS-arbejde.<\/p><p>TEKNIQs garanti sikrer, at en privat kunde, som indbringer en sag for Anken\u00e6vnet for Tekniske Installationer &#8211; og f\u00e5r medhold &#8211; f\u00e5r rettet det fejlbeh\u00e6ftede arbejde. Det g\u00e6lder ogs\u00e5 i tilf\u00e6lde, hvor den udf\u00f8rende virksomhed m\u00e5tte v\u00e6re lukket eller ude af stand til at rette fejlen, idet en anden virksomhed i ordningen i dette tilf\u00e6lde udf\u00f8rer arbejdet uden beregning for kunden.\u00a0<\/p><p>D\u00e6kker udgifter op til 150.000 kr.<\/p>\t\t\t\t\t\t\t\t<\/div>\n\t\t\t\t<\/div>\n\t\t\t\t<\/div>\n\t\t\t\t<\/div>\n\t\t\t\t<\/div>\n\t\t\t\t\t<\/div>\n\t\t\t\t<\/div>\n\t\t\t\t<\/div>\n\t\t","protected":false},"excerpt":{"rendered":"<p>Garanti Alt vores arbejde er d\u00e6kket under TEKNIQs garantisikring Vores garanti Sejling Smedje er medlem af\u00a0TEKNIQs\u00a0garantiordning. Dette er din sikkerhed som forbruger, idet alle TEKNIQs medlemmer er omfattet af garanti. Garantien d\u00e6kker VVS-arbejde. TEKNIQs garanti sikrer, at en privat kunde, som indbringer en sag for Anken\u00e6vnet for Tekniske Installationer &#8211; og f\u00e5r medhold &#8211; f\u00e5r [&hellip;]<\/p>\n","protected":false},"author":1,"featured_media":0,"parent":0,"menu_order":0,"comment_status":"closed","ping_status":"closed","template":"elementor_header_footer","meta":{"_acf_changed":false,"footnotes":""},"class_list":["post-194","page","type-page","status-publish","hentry"],"acf":[],"yoast_head":"<!-- This site is optimized with the Yoast SEO plugin v25.1 - https:\/\/yoast.com\/wordpress\/plugins\/seo\/ -->\n<title>Garanti - Sejling Smedje<\/title>\n<meta name=\"robots\" content=\"index, follow, max-snippet:-1, max-image-preview:large, max-video-preview:-1\" \/>\n<link rel=\"canonical\" href=\"https:\/\/sejlingsmedje.web.attityde.dk\/?page_id=194\" \/>\n<meta property=\"og:locale\" content=\"da_DK\" \/>\n<meta property=\"og:type\" content=\"article\" \/>\n<meta property=\"og:title\" content=\"Garanti - Sejling Smedje\" \/>\n<meta property=\"og:description\" content=\"Garanti Alt vores arbejde er d\u00e6kket under TEKNIQs garantisikring Vores garanti Sejling Smedje er medlem af\u00a0TEKNIQs\u00a0garantiordning. Dette er din sikkerhed som forbruger, idet alle TEKNIQs medlemmer er omfattet af garanti. Garantien d\u00e6kker VVS-arbejde. TEKNIQs garanti sikrer, at en privat kunde, som indbringer en sag for Anken\u00e6vnet for Tekniske Installationer &#8211; og f\u00e5r medhold &#8211; f\u00e5r [&hellip;]\" \/>\n<meta property=\"og:url\" content=\"https:\/\/sejlingsmedje.web.attityde.dk\/?page_id=194\" \/>\n<meta property=\"og:site_name\" content=\"Sejling Smedje\" \/>\n<meta property=\"article:modified_time\" content=\"2025-06-05T09:38:11+00:00\" \/>\n<meta name=\"twitter:card\" content=\"summary_large_image\" \/>\n<meta name=\"twitter:label1\" content=\"Estimeret l\u00e6setid\" \/>\n\t<meta name=\"twitter:data1\" content=\"1 minut\" \/>\n<script type=\"application\/ld+json\" class=\"yoast-schema-graph\">{\"@context\":\"https:\/\/schema.org\",\"@graph\":[{\"@type\":\"WebPage\",\"@id\":\"https:\/\/sejlingsmedje.web.attityde.dk\/?page_id=194\",\"url\":\"https:\/\/sejlingsmedje.web.attityde.dk\/?page_id=194\",\"name\":\"Garanti - Sejling Smedje\",\"isPartOf\":{\"@id\":\"https:\/\/sejlingsmedje.web.attityde.dk\/#website\"},\"datePublished\":\"2025-06-03T11:01:32+00:00\",\"dateModified\":\"2025-06-05T09:38:11+00:00\",\"breadcrumb\":{\"@id\":\"https:\/\/sejlingsmedje.web.attityde.dk\/?page_id=194#breadcrumb\"},\"inLanguage\":\"da-DK\",\"potentialAction\":[{\"@type\":\"ReadAction\",\"target\":[\"https:\/\/sejlingsmedje.web.attityde.dk\/?page_id=194\"]}]},{\"@type\":\"BreadcrumbList\",\"@id\":\"https:\/\/sejlingsmedje.web.attityde.dk\/?page_id=194#breadcrumb\",\"itemListElement\":[{\"@type\":\"ListItem\",\"position\":1,\"name\":\"Hjem\",\"item\":\"https:\/\/sejlingsmedje.web.attityde.dk\/\"},{\"@type\":\"ListItem\",\"position\":2,\"name\":\"Garanti\"}]},{\"@type\":\"WebSite\",\"@id\":\"https:\/\/sejlingsmedje.web.attityde.dk\/#website\",\"url\":\"https:\/\/sejlingsmedje.web.attityde.dk\/\",\"name\":\"Sejling Smedje\",\"description\":\"\",\"publisher\":{\"@id\":\"https:\/\/sejlingsmedje.web.attityde.dk\/#organization\"},\"potentialAction\":[{\"@type\":\"SearchAction\",\"target\":{\"@type\":\"EntryPoint\",\"urlTemplate\":\"https:\/\/sejlingsmedje.web.attityde.dk\/?s={search_term_string}\"},\"query-input\":{\"@type\":\"PropertyValueSpecification\",\"valueRequired\":true,\"valueName\":\"search_term_string\"}}],\"inLanguage\":\"da-DK\"},{\"@type\":\"Organization\",\"@id\":\"https:\/\/sejlingsmedje.web.attityde.dk\/#organization\",\"name\":\"Sejling Smedje\",\"url\":\"https:\/\/sejlingsmedje.web.attityde.dk\/\",\"logo\":{\"@type\":\"ImageObject\",\"inLanguage\":\"da-DK\",\"@id\":\"https:\/\/sejlingsmedje.web.attityde.dk\/#\/schema\/logo\/image\/\",\"url\":\"https:\/\/sejlingsmedje.web.attityde.dk\/wp-content\/uploads\/2025\/05\/sejlind-smedje-logo.png\",\"contentUrl\":\"https:\/\/sejlingsmedje.web.attityde.dk\/wp-content\/uploads\/2025\/05\/sejlind-smedje-logo.png\",\"width\":1024,\"height\":335,\"caption\":\"Sejling Smedje \"},\"image\":{\"@id\":\"https:\/\/sejlingsmedje.web.attityde.dk\/#\/schema\/logo\/image\/\"}}]}<\/script>\n<!-- \/ Yoast SEO plugin. -->","yoast_head_json":{"title":"Garanti - Sejling Smedje","robots":{"index":"index","follow":"follow","max-snippet":"max-snippet:-1","max-image-preview":"max-image-preview:large","max-video-preview":"max-video-preview:-1"},"canonical":"https:\/\/sejlingsmedje.web.attityde.dk\/?page_id=194","og_locale":"da_DK","og_type":"article","og_title":"Garanti - Sejling Smedje","og_description":"Garanti Alt vores arbejde er d\u00e6kket under TEKNIQs garantisikring Vores garanti Sejling Smedje er medlem af\u00a0TEKNIQs\u00a0garantiordning. Dette er din sikkerhed som forbruger, idet alle TEKNIQs medlemmer er omfattet af garanti. Garantien d\u00e6kker VVS-arbejde. TEKNIQs garanti sikrer, at en privat kunde, som indbringer en sag for Anken\u00e6vnet for Tekniske Installationer &#8211; og f\u00e5r medhold &#8211; f\u00e5r [&hellip;]","og_url":"https:\/\/sejlingsmedje.web.attityde.dk\/?page_id=194","og_site_name":"Sejling Smedje","article_modified_time":"2025-06-05T09:38:11+00:00","twitter_card":"summary_large_image","twitter_misc":{"Estimeret l\u00e6setid":"1 minut"},"schema":{"@context":"https:\/\/schema.org","@graph":[{"@type":"WebPage","@id":"https:\/\/sejlingsmedje.web.attityde.dk\/?page_id=194","url":"https:\/\/sejlingsmedje.web.attityde.dk\/?page_id=194","name":"Garanti - Sejling Smedje","isPartOf":{"@id":"https:\/\/sejlingsmedje.web.attityde.dk\/#website"},"datePublished":"2025-06-03T11:01:32+00:00","dateModified":"2025-06-05T09:38:11+00:00","breadcrumb":{"@id":"https:\/\/sejlingsmedje.web.attityde.dk\/?page_id=194#breadcrumb"},"inLanguage":"da-DK","potentialAction":[{"@type":"ReadAction","target":["https:\/\/sejlingsmedje.web.attityde.dk\/?page_id=194"]}]},{"@type":"BreadcrumbList","@id":"https:\/\/sejlingsmedje.web.attityde.dk\/?page_id=194#breadcrumb","itemListElement":[{"@type":"ListItem","position":1,"name":"Hjem","item":"https:\/\/sejlingsmedje.web.attityde.dk\/"},{"@type":"ListItem","position":2,"name":"Garanti"}]},{"@type":"WebSite","@id":"https:\/\/sejlingsmedje.web.attityde.dk\/#website","url":"https:\/\/sejlingsmedje.web.attityde.dk\/","name":"Sejling Smedje","description":"","publisher":{"@id":"https:\/\/sejlingsmedje.web.attityde.dk\/#organization"},"potentialAction":[{"@type":"SearchAction","target":{"@type":"EntryPoint","urlTemplate":"https:\/\/sejlingsmedje.web.attityde.dk\/?s={search_term_string}"},"query-input":{"@type":"PropertyValueSpecification","valueRequired":true,"valueName":"search_term_string"}}],"inLanguage":"da-DK"},{"@type":"Organization","@id":"https:\/\/sejlingsmedje.web.attityde.dk\/#organization","name":"Sejling Smedje","url":"https:\/\/sejlingsmedje.web.attityde.dk\/","logo":{"@type":"ImageObject","inLanguage":"da-DK","@id":"https:\/\/sejlingsmedje.web.attityde.dk\/#\/schema\/logo\/image\/","url":"https:\/\/sejlingsmedje.web.attityde.dk\/wp-content\/uploads\/2025\/05\/sejlind-smedje-logo.png","contentUrl":"https:\/\/sejlingsmedje.web.attityde.dk\/wp-content\/uploads\/2025\/05\/sejlind-smedje-logo.png","width":1024,"height":335,"caption":"Sejling Smedje "},"image":{"@id":"https:\/\/sejlingsmedje.web.attityde.dk\/#\/schema\/logo\/image\/"}}]}},"_links":{"self":[{"href":"https:\/\/sejlingsmedje.web.attityde.dk\/index.php?rest_route=\/wp\/v2\/pages\/194","targetHints":{"allow":["GET"]}}],"collection":[{"href":"https:\/\/sejlingsmedje.web.attityde.dk\/index.php?rest_route=\/wp\/v2\/pages"}],"about":[{"href":"https:\/\/sejlingsmedje.web.attityde.dk\/index.php?rest_route=\/wp\/v2\/types\/page"}],"author":[{"embeddable":true,"href":"https:\/\/sejlingsmedje.web.attityde.dk\/index.php?rest_route=\/wp\/v2\/users\/1"}],"replies":[{"embeddable":true,"href":"https:\/\/sejlingsmedje.web.attityde.dk\/index.php?rest_route=%2Fwp%2Fv2%2Fcomments&post=194"}],"version-history":[{"count":16,"href":"https:\/\/sejlingsmedje.web.attityde.dk\/index.php?rest_route=\/wp\/v2\/pages\/194\/revisions"}],"predecessor-version":[{"id":541,"href":"https:\/\/sejlingsmedje.web.attityde.dk\/index.php?rest_route=\/wp\/v2\/pages\/194\/revisions\/541"}],"wp:attachment":[{"href":"https:\/\/sejlingsmedje.web.attityde.dk\/index.php?rest_route=%2Fwp%2Fv2%2Fmedia&parent=194"}],"curies":[{"name":"wp","href":"https:\/\/api.w.org\/{rel}","templated":true}]}}